{"id":161023,"date":"2024-03-05T09:24:50","date_gmt":"2024-03-05T08:24:50","guid":{"rendered":"https:\/\/audiohypnosis.online\/?post_type=product&#038;p=161023"},"modified":"2024-04-12T22:34:37","modified_gmt":"2024-04-12T20:34:37","slug":"agoraphobie-copy","status":"publish","type":"product","link":"https:\/\/audiohypnosis.online\/fr\/produit\/agoraphobie-copy\/","title":{"rendered":"G\u00e9rer les Stimuli (TDAH)"},"content":{"rendered":"<p>Vous sentez-vous submerg\u00e9 par des stimuli persistants et des distractions ? Notre paquet inclut 6 fichiers audio t\u00e9l\u00e9chargeables avec diff\u00e9rentes versions pour offrir des conseils afin de d\u00e9velopper des comp\u00e9tences dans la gestion des stimuli et augmenter la concentration, accompagn\u00e9s d&#8217;un manuel pour une efficacit\u00e9 maximale.<\/p>\n","protected":false},"excerpt":{"rendered":"<p>Cherchez-vous des ressources pour vous aider \u00e0 g\u00e9rer les aspects sensoriels du TDAH ?<\/p>\n","protected":false},"featured_media":160996,"comment_status":"closed","ping_status":"closed","template":"","meta":[],"language":[1569],"product_cat":[1481],"product_tag":[],"class_list":{"0":"post-161023","1":"product","2":"type-product","3":"status-publish","4":"has-post-thumbnail","6":"language-nl-fr","7":"product_cat-auto-amelioration","8":"pa_languages-neerlandais","10":"entry","11":"has-media","13":"first","14":"instock","15":"shipping-taxable","16":"purchasable","17":"product-type-variable","18":"has-product-nav","19":"col","20":"span_1_of_4","21":"owp-content-center","22":"owp-thumbs-layout-horizontal","23":"owp-btn-big","24":"owp-tabs-layout-vertical","25":"has-no-thumbnails"},"acf":[],"aioseo_notices":[],"_links":{"self":[{"href":"https:\/\/audiohypnosis.online\/fr\/wp-json\/wp\/v2\/product\/161023","targetHints":{"allow":["GET"]}}],"collection":[{"href":"https:\/\/audiohypnosis.online\/fr\/wp-json\/wp\/v2\/product"}],"about":[{"href":"https:\/\/audiohypnosis.online\/fr\/wp-json\/wp\/v2\/types\/product"}],"replies":[{"embeddable":true,"href":"https:\/\/audiohypnosis.online\/fr\/wp-json\/wp\/v2\/comments?post=161023"}],"version-history":[{"count":2,"href":"https:\/\/audiohypnosis.online\/fr\/wp-json\/wp\/v2\/product\/161023\/revisions"}],"predecessor-version":[{"id":170481,"href":"https:\/\/audiohypnosis.online\/fr\/wp-json\/wp\/v2\/product\/161023\/revisions\/170481"}],"wp:featuredmedia":[{"embeddable":true,"href":"https:\/\/audiohypnosis.online\/fr\/wp-json\/wp\/v2\/media\/160996"}],"wp:attachment":[{"href":"https:\/\/audiohypnosis.online\/fr\/wp-json\/wp\/v2\/media?parent=161023"}],"wp:term":[{"taxonomy":"language","embeddable":true,"href":"https:\/\/audiohypnosis.online\/fr\/wp-json\/wp\/v2\/language?post=161023"},{"taxonomy":"product_cat","embeddable":true,"href":"https:\/\/audiohypnosis.online\/fr\/wp-json\/wp\/v2\/product_cat?post=161023"},{"taxonomy":"product_tag","embeddable":true,"href":"https:\/\/audiohypnosis.online\/fr\/wp-json\/wp\/v2\/product_tag?post=161023"}],"curies":[{"name":"wp","href":"https:\/\/api.w.org\/{rel}","templated":true}]}}