{"id":151726,"date":"2024-01-23T10:21:39","date_gmt":"2024-01-23T09:21:39","guid":{"rendered":"https:\/\/audiohypnosis.online\/?post_type=product&#038;p=151726"},"modified":"2024-01-23T10:39:12","modified_gmt":"2024-01-23T09:39:12","slug":"agoraphobie","status":"publish","type":"product","link":"https:\/\/audiohypnosis.online\/fr\/produit\/agoraphobie\/","title":{"rendered":"Agoraphobie"},"content":{"rendered":"<p>Te retrouves-tu prisonnier de l&#8217;\u00e9tau \u00e9touffant de l&#8217;agoraphobie, luttant contre une force invisible qui limite ta capacit\u00e9 \u00e0 t&#8217;engager dans le monde ? Notre offre comprend 6 fichiers audio t\u00e9l\u00e9chargeables avec diff\u00e9rentes versions pour r\u00e9pondre \u00e0 vos besoins, ainsi qu&#8217;un manuel pour une efficacit\u00e9 maximale<\/p>\n","protected":false},"excerpt":{"rendered":"<p>L&#8217;agoraphobie peut \u00eatre un trouble isolant et angoissant, qui a un impact sur ta capacit\u00e9 \u00e0 naviguer dans les espaces publics et qui entrave tes interactions sociales.<\/p>\n","protected":false},"featured_media":14170,"comment_status":"closed","ping_status":"closed","template":"","meta":[],"language":[1632,2093,1668,1569],"product_cat":[1476],"product_tag":[3127,2327,1602],"class_list":{"0":"post-151726","1":"product","2":"type-product","3":"status-publish","4":"has-post-thumbnail","6":"language-de-fr-2","7":"language-en-fr","8":"language-fr-fr","9":"language-nl-fr","10":"product_cat-peurs-et-phobies","11":"product_tag-agoraphobie-fr","12":"product_tag-les-phobies","13":"product_tag-peur","14":"pa_languages-allemand","15":"pa_languages-anglais","16":"pa_languages-francais","17":"pa_languages-hongrois","18":"pa_languages-neerlandais","19":"pa_languages-ukrainien","21":"entry","22":"has-media","24":"first","25":"instock","26":"shipping-taxable","27":"purchasable","28":"product-type-variable","29":"has-product-nav","30":"col","31":"span_1_of_4","32":"owp-content-center","33":"owp-thumbs-layout-horizontal","34":"owp-btn-big","35":"owp-tabs-layout-vertical","36":"has-no-thumbnails"},"acf":[],"aioseo_notices":[],"_links":{"self":[{"href":"https:\/\/audiohypnosis.online\/fr\/wp-json\/wp\/v2\/product\/151726","targetHints":{"allow":["GET"]}}],"collection":[{"href":"https:\/\/audiohypnosis.online\/fr\/wp-json\/wp\/v2\/product"}],"about":[{"href":"https:\/\/audiohypnosis.online\/fr\/wp-json\/wp\/v2\/types\/product"}],"replies":[{"embeddable":true,"href":"https:\/\/audiohypnosis.online\/fr\/wp-json\/wp\/v2\/comments?post=151726"}],"version-history":[{"count":2,"href":"https:\/\/audiohypnosis.online\/fr\/wp-json\/wp\/v2\/product\/151726\/revisions"}],"predecessor-version":[{"id":151877,"href":"https:\/\/audiohypnosis.online\/fr\/wp-json\/wp\/v2\/product\/151726\/revisions\/151877"}],"wp:featuredmedia":[{"embeddable":true,"href":"https:\/\/audiohypnosis.online\/fr\/wp-json\/wp\/v2\/media\/14170"}],"wp:attachment":[{"href":"https:\/\/audiohypnosis.online\/fr\/wp-json\/wp\/v2\/media?parent=151726"}],"wp:term":[{"taxonomy":"language","embeddable":true,"href":"https:\/\/audiohypnosis.online\/fr\/wp-json\/wp\/v2\/language?post=151726"},{"taxonomy":"product_cat","embeddable":true,"href":"https:\/\/audiohypnosis.online\/fr\/wp-json\/wp\/v2\/product_cat?post=151726"},{"taxonomy":"product_tag","embeddable":true,"href":"https:\/\/audiohypnosis.online\/fr\/wp-json\/wp\/v2\/product_tag?post=151726"}],"curies":[{"name":"wp","href":"https:\/\/api.w.org\/{rel}","templated":true}]}}