{"id":20868,"date":"2023-10-20T11:51:16","date_gmt":"2023-10-20T09:51:16","guid":{"rendered":"http:\/\/audiohypnosis.online\/privacy\/"},"modified":"2023-10-20T12:00:26","modified_gmt":"2023-10-20T10:00:26","slug":"privacy","status":"publish","type":"page","link":"https:\/\/audiohypnosis.online\/fr\/privacy\/","title":{"rendered":"Privacy Policy"},"content":{"rendered":"\t\t<div data-elementor-type=\"wp-page\" data-elementor-id=\"20868\" class=\"elementor elementor-20868\" data-elementor-post-type=\"page\">\n\t\t\t\t<div class=\"elementor-element elementor-element-00c9fb4 e-flex e-con-boxed e-con e-parent\" data-id=\"00c9fb4\" data-element_type=\"container\">\n\t\t\t\t\t<div class=\"e-con-inner\">\n\t\t\t\t<div class=\"elementor-element elementor-element-e04adcf elementor-widget elementor-widget-heading\" data-id=\"e04adcf\" data-element_type=\"widget\" data-widget_type=\"heading.default\">\n\t\t\t\t<div class=\"elementor-widget-container\">\n\t\t\t<style>\/*! elementor - v3.23.0 - 23-07-2024 *\/\n.elementor-heading-title{padding:0;margin:0;line-height:1}.elementor-widget-heading .elementor-heading-title[class*=elementor-size-]>a{color:inherit;font-size:inherit;line-height:inherit}.elementor-widget-heading .elementor-heading-title.elementor-size-small{font-size:15px}.elementor-widget-heading .elementor-heading-title.elementor-size-medium{font-size:19px}.elementor-widget-heading .elementor-heading-title.elementor-size-large{font-size:29px}.elementor-widget-heading .elementor-heading-title.elementor-size-xl{font-size:39px}.elementor-widget-heading .elementor-heading-title.elementor-size-xxl{font-size:59px}<\/style><h1 class=\"elementor-heading-title elementor-size-default\">Politique de confidentialit\u00e9<\/h1>\t\t<\/div>\n\t\t\t\t<\/div>\n\t\t\t\t<div class=\"elementor-element elementor-element-a027b76 elementor-widget elementor-widget-text-editor\" data-id=\"a027b76\" data-element_type=\"widget\" data-widget_type=\"text-editor.default\">\n\t\t\t\t<div class=\"elementor-widget-container\">\n\t\t\t<style>\/*! elementor - v3.23.0 - 23-07-2024 *\/\n.elementor-widget-text-editor.elementor-drop-cap-view-stacked .elementor-drop-cap{background-color:#69727d;color:#fff}.elementor-widget-text-editor.elementor-drop-cap-view-framed .elementor-drop-cap{color:#69727d;border:3px solid;background-color:transparent}.elementor-widget-text-editor:not(.elementor-drop-cap-view-default) .elementor-drop-cap{margin-top:8px}.elementor-widget-text-editor:not(.elementor-drop-cap-view-default) .elementor-drop-cap-letter{width:1em;height:1em}.elementor-widget-text-editor .elementor-drop-cap{float:left;text-align:center;line-height:1;font-size:50px}.elementor-widget-text-editor .elementor-drop-cap-letter{display:inline-block}<\/style>\t\t\t\t<div class=\"flex-1 overflow-hidden\"><div class=\"react-scroll-to-bottom--css-snezn-79elbk h-full dark:bg-gray-800\"><div class=\"react-scroll-to-bottom--css-snezn-1n7m0yu\"><div class=\"flex flex-col text-sm dark:bg-gray-800\"><div class=\"group w-full text-token-text-primary border-b border-black\/10 gizmo:border-0 dark:border-gray-900\/50 gizmo:dark:border-0 bg-gray-50 gizmo:bg-transparent dark:bg-[#444654] gizmo:dark:bg-transparent\" data-testid=\"conversation-turn-41\"><div class=\"p-4 justify-center text-base md:gap-6 md:py-6 m-auto\"><div class=\"flex flex-1 gap-4 text-base mx-auto md:gap-6 gizmo:gap-3 gizmo:md:px-5 gizmo:lg:px-1 gizmo:xl:px-5 md:max-w-2xl lg:max-w-[38rem] gizmo:md:max-w-3xl gizmo:lg:max-w-[40rem] gizmo:xl:max-w-[48rem] xl:max-w-3xl }\"><div class=\"relative flex w-[calc(100%-50px)] flex-col gizmo:w-full lg:w-[calc(100%-115px)] agent-turn\"><div class=\"flex-col gap-1 md:gap-3\"><div class=\"flex flex-grow flex-col gap-3 max-w-full\"><div class=\"min-h-[20px] flex flex-col items-start gap-3 whitespace-pre-wrap break-words overflow-x-auto\"><div class=\"markdown prose w-full break-words dark:prose-invert light\"><p style=\"text-align: center;\"><strong>Derni\u00e8re mise \u00e0 jour : Octobre 2023 Introduction<\/strong><\/p><p>Merci d&#8217;avoir choisi de faire partie de notre communaut\u00e9 chez AudioHypnosis.online, un service fourni par The Spiral LTD, situ\u00e9 en Bulgarie (&#8220;nous&#8221;, &#8220;notre&#8221;, &#8220;nos&#8221;). Nous sommes engag\u00e9s \u00e0 prot\u00e9ger vos informations personnelles. Cette Politique de Confidentialit\u00e9 explique comment nous recueillons, utilisons, divulguons et prot\u00e9geons vos informations lorsque vous visitez notre site web AudioHypnosis.online.<\/p><p>Consentement<\/p><p>En utilisant notre site web, vous consentez \u00e0 notre Politique de Confidentialit\u00e9 et \u00e0 ses termes.<\/p><p>Informations que Nous Collectons<\/p><p>Nous recueillons des informations que vous nous fournissez volontairement lorsque vous vous inscrivez sur notre site web, passez une commande et interagissez avec nos services. Cela peut inclure :<\/p><p>Informations d&#8217;Identification Personnelle : Nom, adresse e-mail, adresse de livraison, etc. Informations de Paiement : Num\u00e9ros de carte de cr\u00e9dit, d\u00e9tails de la passerelle de paiement, etc. Comment Nous Utilisons Vos Informations<\/p><p>Nous utilisons vos informations pour diverses raisons telles que :<\/p><p>Pour traiter votre commande et g\u00e9rer votre compte. Pour am\u00e9liorer notre site web et nos services. Pour communiquer avec vous, y compris le service client\u00e8le et les offres promotionnelles. Comment Nous Prot\u00e9geons Vos Informations<\/p><p>Votre vie priv\u00e9e est importante pour nous. Nous mettons en \u0153uvre diverses mesures de s\u00e9curit\u00e9 pour maintenir la s\u00e9curit\u00e9 de vos informations personnelles.<\/p><p>Conservation des Donn\u00e9es<\/p><p>Nous conserverons vos informations personnelles uniquement aussi longtemps que n\u00e9cessaire pour les objectifs \u00e9nonc\u00e9s dans cette Politique de Confidentialit\u00e9.<\/p><p>Cookies<\/p><p>Nous utilisons des cookies pour am\u00e9liorer votre exp\u00e9rience sur notre site web. Vous avez la possibilit\u00e9 de d\u00e9sactiver les cookies via les param\u00e8tres de votre navigateur.<\/p><p>Liens vers des Sites Tiers<\/p><p>Notre site web peut contenir des liens vers des sites web externes qui ne sont pas exploit\u00e9s par nous. Nous ne sommes pas responsables des pratiques de confidentialit\u00e9 de ces sites web externes.<\/p><p>Vos Droits<\/p><p>Vous avez le droit d&#8217;acc\u00e9der, de corriger ou de supprimer vos informations personnelles \u00e0 tout moment.<\/p><p>Modifications de cette Politique de Confidentialit\u00e9<\/p><p>Nous nous r\u00e9servons le droit de modifier cette Politique de Confidentialit\u00e9 \u00e0 tout moment, alors veuillez la consulter fr\u00e9quemment. Les modifications prendront effet imm\u00e9diatement apr\u00e8s leur publication sur le site web.<\/p><p>Contactez-Nous<\/p><p>Si vous avez des questions concernant cette Politique de Confidentialit\u00e9, vous pouvez nous contacter :<\/p><p>Par e-mail : <a href=\"mailto:support@audiohypnosis.online\" target=\"_new\">support@audiohypnosis.online<\/a><\/p><\/div><\/div><\/div><\/div><\/div><\/div><\/div><\/div><\/div><\/div><\/div><\/div>\t\t\t\t\t\t<\/div>\n\t\t\t\t<\/div>\n\t\t\t\t\t<\/div>\n\t\t\t\t<\/div>\n\t\t\t\t<\/div>\n\t\t","protected":false},"excerpt":{"rendered":"<p>Politique de confidentialit\u00e9 Derni\u00e8re mise \u00e0 jour : Octobre 2023 Introduction Merci d&#8217;avoir choisi de faire partie de notre communaut\u00e9 chez AudioHypnosis.online, un service fourni par The Spiral LTD, situ\u00e9 en Bulgarie (&#8220;nous&#8221;, &#8220;notre&#8221;, &#8220;nos&#8221;). Nous sommes engag\u00e9s \u00e0 prot\u00e9ger vos informations personnelles. Cette Politique de Confidentialit\u00e9 explique comment nous recueillons, utilisons, divulguons et prot\u00e9geons [&hellip;]<\/p>\n","protected":false},"author":1,"featured_media":0,"parent":0,"menu_order":0,"comment_status":"closed","ping_status":"closed","template":"elementor_theme","meta":{"footnotes":""},"wf_page_folders":[],"class_list":["post-20868","page","type-page","status-publish","hentry","entry","owp-thumbs-layout-horizontal","owp-btn-big","owp-tabs-layout-vertical","has-no-thumbnails","has-product-nav"],"acf":[],"aioseo_notices":[],"_links":{"self":[{"href":"https:\/\/audiohypnosis.online\/fr\/wp-json\/wp\/v2\/pages\/20868","targetHints":{"allow":["GET"]}}],"collection":[{"href":"https:\/\/audiohypnosis.online\/fr\/wp-json\/wp\/v2\/pages"}],"about":[{"href":"https:\/\/audiohypnosis.online\/fr\/wp-json\/wp\/v2\/types\/page"}],"author":[{"embeddable":true,"href":"https:\/\/audiohypnosis.online\/fr\/wp-json\/wp\/v2\/users\/1"}],"replies":[{"embeddable":true,"href":"https:\/\/audiohypnosis.online\/fr\/wp-json\/wp\/v2\/comments?post=20868"}],"version-history":[{"count":0,"href":"https:\/\/audiohypnosis.online\/fr\/wp-json\/wp\/v2\/pages\/20868\/revisions"}],"wp:attachment":[{"href":"https:\/\/audiohypnosis.online\/fr\/wp-json\/wp\/v2\/media?parent=20868"}],"wp:term":[{"taxonomy":"wf_page_folders","embeddable":true,"href":"https:\/\/audiohypnosis.online\/fr\/wp-json\/wp\/v2\/wf_page_folders?post=20868"}],"curies":[{"name":"wp","href":"https:\/\/api.w.org\/{rel}","templated":true}]}}