{"id":20504,"date":"2023-10-20T11:24:29","date_gmt":"2023-10-20T09:24:29","guid":{"rendered":"http:\/\/audiohypnosis.online\/audio-hypnosis-general-terms\/"},"modified":"2023-10-20T11:34:30","modified_gmt":"2023-10-20T09:34:30","slug":"audio-hypnosis-general-terms","status":"publish","type":"page","link":"https:\/\/audiohypnosis.online\/fr\/audio-hypnosis-general-terms\/","title":{"rendered":"Audio Hypnosis &#8211; Conditions g\u00e9n\u00e9rales"},"content":{"rendered":"\t\t<div data-elementor-type=\"wp-page\" data-elementor-id=\"20504\" class=\"elementor elementor-20504 elementor-20376\" data-elementor-post-type=\"page\">\n\t\t\t\t<div class=\"elementor-element elementor-element-b83a8c9 e-flex e-con-boxed e-con e-parent\" data-id=\"b83a8c9\" data-element_type=\"container\" data-settings=\"{&quot;background_background&quot;:&quot;classic&quot;,&quot;shape_divider_top&quot;:&quot;mountains&quot;,&quot;shape_divider_bottom&quot;:&quot;mountains&quot;}\">\n\t\t\t\t\t<div class=\"e-con-inner\">\n\t\t\t\t<div class=\"elementor-shape elementor-shape-top\" data-negative=\"false\">\n\t\t\t<svg xmlns=\"http:\/\/www.w3.org\/2000\/svg\" viewBox=\"0 0 1000 100\" preserveAspectRatio=\"none\">\n\t<path class=\"elementor-shape-fill\" opacity=\"0.33\" d=\"M473,67.3c-203.9,88.3-263.1-34-320.3,0C66,119.1,0,59.7,0,59.7V0h1000v59.7 c0,0-62.1,26.1-94.9,29.3c-32.8,3.3-62.8-12.3-75.8-22.1C806,49.6,745.3,8.7,694.9,4.7S492.4,59,473,67.3z\"\/>\n\t<path class=\"elementor-shape-fill\" opacity=\"0.66\" d=\"M734,67.3c-45.5,0-77.2-23.2-129.1-39.1c-28.6-8.7-150.3-10.1-254,39.1 s-91.7-34.4-149.2,0C115.7,118.3,0,39.8,0,39.8V0h1000v36.5c0,0-28.2-18.5-92.1-18.5C810.2,18.1,775.7,67.3,734,67.3z\"\/>\n\t<path class=\"elementor-shape-fill\" d=\"M766.1,28.9c-200-57.5-266,65.5-395.1,19.5C242,1.8,242,5.4,184.8,20.6C128,35.8,132.3,44.9,89.9,52.5C28.6,63.7,0,0,0,0 h1000c0,0-9.9,40.9-83.6,48.1S829.6,47,766.1,28.9z\"\/>\n<\/svg>\t\t<\/div>\n\t\t\t\t<div class=\"elementor-shape elementor-shape-bottom\" data-negative=\"false\">\n\t\t\t<svg xmlns=\"http:\/\/www.w3.org\/2000\/svg\" viewBox=\"0 0 1000 100\" preserveAspectRatio=\"none\">\n\t<path class=\"elementor-shape-fill\" opacity=\"0.33\" d=\"M473,67.3c-203.9,88.3-263.1-34-320.3,0C66,119.1,0,59.7,0,59.7V0h1000v59.7 c0,0-62.1,26.1-94.9,29.3c-32.8,3.3-62.8-12.3-75.8-22.1C806,49.6,745.3,8.7,694.9,4.7S492.4,59,473,67.3z\"\/>\n\t<path class=\"elementor-shape-fill\" opacity=\"0.66\" d=\"M734,67.3c-45.5,0-77.2-23.2-129.1-39.1c-28.6-8.7-150.3-10.1-254,39.1 s-91.7-34.4-149.2,0C115.7,118.3,0,39.8,0,39.8V0h1000v36.5c0,0-28.2-18.5-92.1-18.5C810.2,18.1,775.7,67.3,734,67.3z\"\/>\n\t<path class=\"elementor-shape-fill\" d=\"M766.1,28.9c-200-57.5-266,65.5-395.1,19.5C242,1.8,242,5.4,184.8,20.6C128,35.8,132.3,44.9,89.9,52.5C28.6,63.7,0,0,0,0 h1000c0,0-9.9,40.9-83.6,48.1S829.6,47,766.1,28.9z\"\/>\n<\/svg>\t\t<\/div>\n\t\t\t\t\t<\/div>\n\t\t\t\t<\/div>\n\t\t<div class=\"elementor-element elementor-element-8481795 e-flex e-con-boxed e-con e-parent\" data-id=\"8481795\" data-element_type=\"container\">\n\t\t\t\t\t<div class=\"e-con-inner\">\n\t\t\t\t<div class=\"elementor-element elementor-element-1358c3d elementor-widget elementor-widget-heading\" data-id=\"1358c3d\" data-element_type=\"widget\" data-widget_type=\"heading.default\">\n\t\t\t\t<div class=\"elementor-widget-container\">\n\t\t\t<style>\/*! elementor - v3.23.0 - 23-07-2024 *\/\n.elementor-heading-title{padding:0;margin:0;line-height:1}.elementor-widget-heading .elementor-heading-title[class*=elementor-size-]>a{color:inherit;font-size:inherit;line-height:inherit}.elementor-widget-heading .elementor-heading-title.elementor-size-small{font-size:15px}.elementor-widget-heading .elementor-heading-title.elementor-size-medium{font-size:19px}.elementor-widget-heading .elementor-heading-title.elementor-size-large{font-size:29px}.elementor-widget-heading .elementor-heading-title.elementor-size-xl{font-size:39px}.elementor-widget-heading .elementor-heading-title.elementor-size-xxl{font-size:59px}<\/style><h1 class=\"elementor-heading-title elementor-size-default\">Conditions g\u00e9n\u00e9rales d'utilisation<\/h1>\t\t<\/div>\n\t\t\t\t<\/div>\n\t\t\t\t<div class=\"elementor-element elementor-element-ddbacb6 elementor-widget elementor-widget-heading\" data-id=\"ddbacb6\" data-element_type=\"widget\" data-widget_type=\"heading.default\">\n\t\t\t\t<div class=\"elementor-widget-container\">\n\t\t\t<h2 class=\"elementor-heading-title elementor-size-default\">Audiohypnosis.online exploit\u00e9 par The Spiral LTD<\/h2>\t\t<\/div>\n\t\t\t\t<\/div>\n\t\t\t\t<div class=\"elementor-element elementor-element-126a4b9 elementor-widget elementor-widget-text-editor\" data-id=\"126a4b9\" data-element_type=\"widget\" data-widget_type=\"text-editor.default\">\n\t\t\t\t<div class=\"elementor-widget-container\">\n\t\t\t<style>\/*! elementor - v3.23.0 - 23-07-2024 *\/\n.elementor-widget-text-editor.elementor-drop-cap-view-stacked .elementor-drop-cap{background-color:#69727d;color:#fff}.elementor-widget-text-editor.elementor-drop-cap-view-framed .elementor-drop-cap{color:#69727d;border:3px solid;background-color:transparent}.elementor-widget-text-editor:not(.elementor-drop-cap-view-default) .elementor-drop-cap{margin-top:8px}.elementor-widget-text-editor:not(.elementor-drop-cap-view-default) .elementor-drop-cap-letter{width:1em;height:1em}.elementor-widget-text-editor .elementor-drop-cap{float:left;text-align:center;line-height:1;font-size:50px}.elementor-widget-text-editor .elementor-drop-cap-letter{display:inline-block}<\/style>\t\t\t\t<h3>Derni\u00e8re mise \u00e0 jour : Octobre 2023<\/h3>\n\n<hr \/>\n\n<h2>Introduction<\/h2>\nMerci de visiter AudioHypnosis.online, un service fourni par The Spiral LTD (&#8220;nous&#8221;, &#8220;notre&#8221;, &#8220;nos&#8221;), situ\u00e9 en Bulgarie. Ces Conditions G\u00e9n\u00e9rales r\u00e9gissent l&#8217;utilisation de notre site Web et l&#8217;achat de produits et services offerts sur ce site.\n\n<hr \/>\n\n<h2>Acceptation des Conditions<\/h2>\nEn acc\u00e9dant \u00e0 ce site Web ou en l&#8217;utilisant, vous acceptez de respecter ces Conditions G\u00e9n\u00e9rales. Si vous n&#8217;\u00eates pas d&#8217;accord avec une partie de ces conditions, veuillez ne pas utiliser notre site Web.\n\n<hr \/>\n\n<h2>Comptes Utilisateurs<\/h2>\nPour acheter sur AudioHypnosis.online, vous devrez peut-\u00eatre cr\u00e9er un compte. Vous vous engagez \u00e0 fournir des informations exactes et \u00e0 jour et \u00e0 maintenir la s\u00e9curit\u00e9 de votre compte.\n\n<hr \/>\n\n<h2>Achats<\/h2>\n<h3>Prix<\/h3>\nLe prix de chaque produit ou service est indiqu\u00e9 sur notre site Web. Nous nous r\u00e9servons le droit de modifier les prix \u00e0 tout moment sans pr\u00e9avis.\n<h3>Paiement<\/h3>\nTous les paiements sont trait\u00e9s de mani\u00e8re s\u00e9curis\u00e9e via notre passerelle de paiement en ligne. Vos informations de paiement seront stock\u00e9es et trait\u00e9es conform\u00e9ment \u00e0 notre Politique de Confidentialit\u00e9.\n\n<hr \/>\n\n<h2>Livraison<\/h2>\nLes produits num\u00e9riques seront livr\u00e9s via un lien de t\u00e9l\u00e9chargement ou en streaming en ligne. L&#8217;acc\u00e8s \u00e0 vos produits achet\u00e9s sera accord\u00e9 d\u00e8s que le paiement aura \u00e9t\u00e9 v\u00e9rifi\u00e9.\n\n<hr \/>\n\n<h2>Remboursements et Retours<\/h2>\nCompte tenu de la nature num\u00e9rique de nos produits, toutes les ventes sont finales. Aucun remboursement ne sera accord\u00e9 sauf dans les cas o\u00f9 le produit n&#8217;a pas \u00e9t\u00e9 livr\u00e9 ou a \u00e9t\u00e9 mal repr\u00e9sent\u00e9.\n\n<hr \/>\n\n<h2>Propri\u00e9t\u00e9 Intellectuelle<\/h2>\nTous les mat\u00e9riaux de ce site Web, y compris les produits num\u00e9riques, sont la propri\u00e9t\u00e9 intellectuelle de The Spiral LTD et sont prot\u00e9g\u00e9s par les lois sur le droit d&#8217;auteur.\n\n<hr \/>\n\n<h2>R\u00e9siliation<\/h2>\nNous nous r\u00e9servons le droit de r\u00e9silier votre compte et votre acc\u00e8s \u00e0 nos services pour violation de ces termes.\n\n<hr \/>\n\n<h2>Limitation de Responsabilit\u00e9<\/h2>\nThe Spiral LTD ne sera pas responsable des dommages directs ou indirects r\u00e9sultant de l&#8217;utilisation de notre site Web ou de nos produits.\n\n<hr \/>\n\n<h2>Loi Applicable<\/h2>\nCes Conditions G\u00e9n\u00e9rales sont r\u00e9gies par les lois de la Bulgarie. Tout litige sera r\u00e9solu devant les tribunaux bulgares.\n\n<hr \/>\n\n<h2>Modifications des Conditions<\/h2>\nNous nous r\u00e9servons le droit de modifier ces Conditions G\u00e9n\u00e9rales \u00e0 tout moment. Les modifications seront affich\u00e9es sur cette page.\n\n<hr \/>\n\n<h2>Informations de Contact<\/h2>\nPour toute question ou pr\u00e9occupation, vous pouvez nous contacter \u00e0 :\nEmail: <a href=\"mailto:support@audiohypnosis.online\" target=\"_new\">support@audiohypnosis.online<\/a>\n\n<hr \/>\n\nMerci d&#8217;avoir choisi AudioHypnosis.online et The Spiral LTD. Nous sommes impatients de vous servir.\n\t\t\t\t\t\t<\/div>\n\t\t\t\t<\/div>\n\t\t\t\t\t<\/div>\n\t\t\t\t<\/div>\n\t\t\t\t<\/div>\n\t\t","protected":false},"excerpt":{"rendered":"<p>Conditions g\u00e9n\u00e9rales d&#8217;utilisation Audiohypnosis.online exploit\u00e9 par The Spiral LTD Derni\u00e8re mise \u00e0 jour : Octobre 2023 Introduction Merci de visiter AudioHypnosis.online, un service fourni par The Spiral LTD (&#8220;nous&#8221;, &#8220;notre&#8221;, &#8220;nos&#8221;), situ\u00e9 en Bulgarie. Ces Conditions G\u00e9n\u00e9rales r\u00e9gissent l&#8217;utilisation de notre site Web et l&#8217;achat de produits et services offerts sur ce site. Acceptation des [&hellip;]<\/p>\n","protected":false},"author":1,"featured_media":0,"parent":0,"menu_order":0,"comment_status":"closed","ping_status":"closed","template":"elementor_theme","meta":{"footnotes":""},"wf_page_folders":[],"class_list":["post-20504","page","type-page","status-publish","hentry","entry","owp-thumbs-layout-horizontal","owp-btn-big","owp-tabs-layout-vertical","has-no-thumbnails","has-product-nav"],"acf":[],"aioseo_notices":[],"_links":{"self":[{"href":"https:\/\/audiohypnosis.online\/fr\/wp-json\/wp\/v2\/pages\/20504","targetHints":{"allow":["GET"]}}],"collection":[{"href":"https:\/\/audiohypnosis.online\/fr\/wp-json\/wp\/v2\/pages"}],"about":[{"href":"https:\/\/audiohypnosis.online\/fr\/wp-json\/wp\/v2\/types\/page"}],"author":[{"embeddable":true,"href":"https:\/\/audiohypnosis.online\/fr\/wp-json\/wp\/v2\/users\/1"}],"replies":[{"embeddable":true,"href":"https:\/\/audiohypnosis.online\/fr\/wp-json\/wp\/v2\/comments?post=20504"}],"version-history":[{"count":0,"href":"https:\/\/audiohypnosis.online\/fr\/wp-json\/wp\/v2\/pages\/20504\/revisions"}],"wp:attachment":[{"href":"https:\/\/audiohypnosis.online\/fr\/wp-json\/wp\/v2\/media?parent=20504"}],"wp:term":[{"taxonomy":"wf_page_folders","embeddable":true,"href":"https:\/\/audiohypnosis.online\/fr\/wp-json\/wp\/v2\/wf_page_folders?post=20504"}],"curies":[{"name":"wp","href":"https:\/\/api.w.org\/{rel}","templated":true}]}}