{"id":25025,"date":"2023-10-30T13:36:04","date_gmt":"2023-10-30T12:36:04","guid":{"rendered":"http:\/\/audiohypnosis.online\/product\/refuerzo-del-sistema-inmunitario-2\/"},"modified":"2023-10-30T13:36:04","modified_gmt":"2023-10-30T12:36:04","slug":"refuerzo-del-sistema-inmunitario-2","status":"publish","type":"product","link":"https:\/\/audiohypnosis.online\/es\/producto\/refuerzo-del-sistema-inmunitario-2\/","title":{"rendered":"Refuerzo del sistema inmunitario"},"content":{"rendered":"<p>\u00bfQuiere reforzar su sistema inmunitario? Nuestros MP3 de audio hipnosis pueden guiarte hacia un estilo de vida m\u00e1s saludable. Tendr\u00e1s acceso a 6 archivos de audio descargables y a un manual de buenas pr\u00e1cticas.<\/p>\n","protected":false},"excerpt":{"rendered":"<p>\u00bfQuiere reforzar su sistema inmunitario?<\/p>\n","protected":false},"featured_media":14065,"comment_status":"closed","ping_status":"closed","template":"","meta":[],"language":[1650,2105,1656,1539,2095,3064,2740],"product_cat":[1522],"product_tag":[2091,1805,1652,1651,2090],"class_list":{"0":"post-25025","1":"product","2":"type-product","3":"status-publish","4":"has-post-thumbnail","6":"language-de-es-2","7":"language-es-es","8":"language-fr-es","9":"language-nl-es","10":"language-en-es","11":"language-it-es","12":"language-serbio","13":"product_cat-salud-y-bienestar","14":"product_tag-aumentar","15":"product_tag-autocuidado","16":"product_tag-bienestar","17":"product_tag-salud","18":"product_tag-sistema-inmunitario","19":"pa_languages-aleman","20":"pa_languages-espanol","21":"pa_languages-frances-es","22":"pa_languages-holandes-es","23":"pa_languages-hungaro-es","24":"pa_languages-ingles-es","25":"pa_languages-italiano-es","26":"pa_languages-polaco","27":"pa_languages-portugues-brasil-es","28":"pa_languages-serbio","29":"pa_languages-ucraniano-es","31":"entry","32":"has-media","34":"first","35":"instock","36":"shipping-taxable","37":"purchasable","38":"product-type-variable","39":"has-product-nav","40":"col","41":"span_1_of_4","42":"owp-content-center","43":"owp-thumbs-layout-horizontal","44":"owp-btn-big","45":"owp-tabs-layout-vertical","46":"has-no-thumbnails"},"acf":[],"aioseo_notices":[],"_links":{"self":[{"href":"https:\/\/audiohypnosis.online\/es\/wp-json\/wp\/v2\/product\/25025","targetHints":{"allow":["GET"]}}],"collection":[{"href":"https:\/\/audiohypnosis.online\/es\/wp-json\/wp\/v2\/product"}],"about":[{"href":"https:\/\/audiohypnosis.online\/es\/wp-json\/wp\/v2\/types\/product"}],"replies":[{"embeddable":true,"href":"https:\/\/audiohypnosis.online\/es\/wp-json\/wp\/v2\/comments?post=25025"}],"version-history":[{"count":0,"href":"https:\/\/audiohypnosis.online\/es\/wp-json\/wp\/v2\/product\/25025\/revisions"}],"wp:featuredmedia":[{"embeddable":true,"href":"https:\/\/audiohypnosis.online\/es\/wp-json\/wp\/v2\/media\/14065"}],"wp:attachment":[{"href":"https:\/\/audiohypnosis.online\/es\/wp-json\/wp\/v2\/media?parent=25025"}],"wp:term":[{"taxonomy":"language","embeddable":true,"href":"https:\/\/audiohypnosis.online\/es\/wp-json\/wp\/v2\/language?post=25025"},{"taxonomy":"product_cat","embeddable":true,"href":"https:\/\/audiohypnosis.online\/es\/wp-json\/wp\/v2\/product_cat?post=25025"},{"taxonomy":"product_tag","embeddable":true,"href":"https:\/\/audiohypnosis.online\/es\/wp-json\/wp\/v2\/product_tag?post=25025"}],"curies":[{"name":"wp","href":"https:\/\/api.w.org\/{rel}","templated":true}]}}