{"id":22482,"date":"2023-10-14T09:09:04","date_gmt":"2023-10-14T07:09:04","guid":{"rendered":"http:\/\/audiohypnosis.online\/product\/consumo-de-cannabis\/"},"modified":"2023-10-14T09:09:04","modified_gmt":"2023-10-14T07:09:04","slug":"consumo-de-cannabis","status":"publish","type":"product","link":"https:\/\/audiohypnosis.online\/es\/producto\/consumo-de-cannabis\/","title":{"rendered":"Consumo de cannabis"},"content":{"rendered":"<p>\u00bfQuieres controlar el consumo excesivo de cannabis? Nuestros MP3s de audio hipnosis ofrecen un camino hacia elecciones m\u00e1s saludables. Ha llegado el momento de una transformaci\u00f3n positiva. Tendr\u00e1s acceso a 6 archivos de audio descargables y a un manual. Al reducir con \u00e9xito el consumo de cannabis, alcanzar\u00e1s un nuevo nivel de libertad, control y bienestar.<\/p>\n","protected":false},"excerpt":{"rendered":"<p>\u00bfQuieres controlar tu consumo de cannabis?<\/p>\n","protected":false},"featured_media":14287,"comment_status":"closed","ping_status":"closed","template":"","meta":[],"language":[1650,2105,1656,1539,3064,2740],"product_cat":[1517],"product_tag":[1992],"class_list":{"0":"post-22482","1":"product","2":"type-product","3":"status-publish","4":"has-post-thumbnail","6":"language-de-es-2","7":"language-es-es","8":"language-fr-es","9":"language-nl-es","10":"language-it-es","11":"language-serbio","12":"product_cat-adicciones","13":"product_tag-cannabis-es","14":"pa_languages-aleman","15":"pa_languages-espanol","16":"pa_languages-frances-es","17":"pa_languages-holandes-es","18":"pa_languages-hungaro-es","19":"pa_languages-italiano-es","20":"pa_languages-serbio","21":"pa_languages-ucraniano-es","23":"entry","24":"has-media","26":"first","27":"instock","28":"purchasable","29":"product-type-variable","30":"has-product-nav","31":"col","32":"span_1_of_4","33":"owp-content-center","34":"owp-thumbs-layout-horizontal","35":"owp-btn-big","36":"owp-tabs-layout-vertical","37":"has-no-thumbnails"},"acf":[],"aioseo_notices":[],"_links":{"self":[{"href":"https:\/\/audiohypnosis.online\/es\/wp-json\/wp\/v2\/product\/22482","targetHints":{"allow":["GET"]}}],"collection":[{"href":"https:\/\/audiohypnosis.online\/es\/wp-json\/wp\/v2\/product"}],"about":[{"href":"https:\/\/audiohypnosis.online\/es\/wp-json\/wp\/v2\/types\/product"}],"replies":[{"embeddable":true,"href":"https:\/\/audiohypnosis.online\/es\/wp-json\/wp\/v2\/comments?post=22482"}],"version-history":[{"count":0,"href":"https:\/\/audiohypnosis.online\/es\/wp-json\/wp\/v2\/product\/22482\/revisions"}],"wp:featuredmedia":[{"embeddable":true,"href":"https:\/\/audiohypnosis.online\/es\/wp-json\/wp\/v2\/media\/14287"}],"wp:attachment":[{"href":"https:\/\/audiohypnosis.online\/es\/wp-json\/wp\/v2\/media?parent=22482"}],"wp:term":[{"taxonomy":"language","embeddable":true,"href":"https:\/\/audiohypnosis.online\/es\/wp-json\/wp\/v2\/language?post=22482"},{"taxonomy":"product_cat","embeddable":true,"href":"https:\/\/audiohypnosis.online\/es\/wp-json\/wp\/v2\/product_cat?post=22482"},{"taxonomy":"product_tag","embeddable":true,"href":"https:\/\/audiohypnosis.online\/es\/wp-json\/wp\/v2\/product_tag?post=22482"}],"curies":[{"name":"wp","href":"https:\/\/api.w.org\/{rel}","templated":true}]}}