{"id":22361,"date":"2023-10-14T09:09:04","date_gmt":"2023-10-14T07:09:04","guid":{"rendered":"http:\/\/audiohypnosis.online\/product\/rubor\/"},"modified":"2023-10-14T09:09:04","modified_gmt":"2023-10-14T07:09:04","slug":"rubor","status":"publish","type":"product","link":"https:\/\/audiohypnosis.online\/es\/producto\/rubor\/","title":{"rendered":"Rubor"},"content":{"rendered":"<p>\u00bfTiene problemas con el rubor excesivo? Nuestros MP3 de audio hipnosis pueden guiarte para que recuperes el control sobre esta reacci\u00f3n involuntaria. Tendr\u00e1s acceso a 6 archivos de audio descargables y a un manual que te ayudar\u00e1n a conseguir los mejores resultados.<\/p>\n","protected":false},"excerpt":{"rendered":"<p>\u00bfProblemas con el rubor excesivo?<\/p>\n","protected":false},"featured_media":14017,"comment_status":"closed","ping_status":"closed","template":"","meta":[],"language":[1650,1539],"product_cat":[1522],"product_tag":[1805,1804,2207,1616,1651],"class_list":{"0":"post-22361","1":"product","2":"type-product","3":"status-publish","4":"has-post-thumbnail","6":"language-de-es-2","7":"language-nl-es","8":"product_cat-salud-y-bienestar","9":"product_tag-autocuidado","10":"product_tag-bienestar-emocional","11":"product_tag-controle-es","12":"product_tag-lek-es","13":"product_tag-salud","14":"pa_languages-aleman","15":"pa_languages-holandes-es","16":"pa_languages-ucraniano-es","18":"entry","19":"has-media","21":"first","22":"instock","23":"purchasable","24":"product-type-variable","25":"has-product-nav","26":"col","27":"span_1_of_4","28":"owp-content-center","29":"owp-thumbs-layout-horizontal","30":"owp-btn-big","31":"owp-tabs-layout-vertical","32":"has-no-thumbnails"},"acf":[],"aioseo_notices":[],"_links":{"self":[{"href":"https:\/\/audiohypnosis.online\/es\/wp-json\/wp\/v2\/product\/22361","targetHints":{"allow":["GET"]}}],"collection":[{"href":"https:\/\/audiohypnosis.online\/es\/wp-json\/wp\/v2\/product"}],"about":[{"href":"https:\/\/audiohypnosis.online\/es\/wp-json\/wp\/v2\/types\/product"}],"replies":[{"embeddable":true,"href":"https:\/\/audiohypnosis.online\/es\/wp-json\/wp\/v2\/comments?post=22361"}],"version-history":[{"count":0,"href":"https:\/\/audiohypnosis.online\/es\/wp-json\/wp\/v2\/product\/22361\/revisions"}],"wp:featuredmedia":[{"embeddable":true,"href":"https:\/\/audiohypnosis.online\/es\/wp-json\/wp\/v2\/media\/14017"}],"wp:attachment":[{"href":"https:\/\/audiohypnosis.online\/es\/wp-json\/wp\/v2\/media?parent=22361"}],"wp:term":[{"taxonomy":"language","embeddable":true,"href":"https:\/\/audiohypnosis.online\/es\/wp-json\/wp\/v2\/language?post=22361"},{"taxonomy":"product_cat","embeddable":true,"href":"https:\/\/audiohypnosis.online\/es\/wp-json\/wp\/v2\/product_cat?post=22361"},{"taxonomy":"product_tag","embeddable":true,"href":"https:\/\/audiohypnosis.online\/es\/wp-json\/wp\/v2\/product_tag?post=22361"}],"curies":[{"name":"wp","href":"https:\/\/api.w.org\/{rel}","templated":true}]}}