{"id":22265,"date":"2023-10-14T09:09:04","date_gmt":"2023-10-14T07:09:04","guid":{"rendered":"http:\/\/audiohypnosis.online\/product\/estudiar-mejor\/"},"modified":"2023-10-14T09:09:04","modified_gmt":"2023-10-14T07:09:04","slug":"estudiar-mejor","status":"publish","type":"product","link":"https:\/\/audiohypnosis.online\/es\/producto\/estudiar-mejor\/","title":{"rendered":"Estudiar mejor"},"content":{"rendered":"<p>\u00bfNecesita mejorar sus t\u00e9cnicas de estudio? Nuestros MP3s de audio hipnosis est\u00e1n dise\u00f1ados para ayudarle a concentrarse y retener la informaci\u00f3n de manera eficiente. El paquete incluye 6 archivos de audio diferentes y un manual para maximizar la eficacia.<\/p>\n","protected":false},"excerpt":{"rendered":"<p>\u00bfNecesita mejorar sus h\u00e1bitos de estudio?<\/p>\n","protected":false},"featured_media":13993,"comment_status":"closed","ping_status":"closed","template":"","meta":[],"language":[1650,2105,1656,1539,2095,3064,2740],"product_cat":[1524],"product_tag":[2183,1848,2199,1757,1865],"class_list":{"0":"post-22265","1":"product","2":"type-product","3":"status-publish","4":"has-post-thumbnail","6":"language-de-es-2","7":"language-es-es","8":"language-fr-es","9":"language-nl-es","10":"language-en-es","11":"language-it-es","12":"language-serbio","13":"product_cat-auto-mejora","14":"product_tag-aprender","15":"product_tag-concentrate","16":"product_tag-estudiar","17":"product_tag-mejora-personal","18":"product_tag-productividad","19":"pa_languages-aleman","20":"pa_languages-frances-es","21":"pa_languages-holandes-es","23":"entry","24":"has-media","26":"first","27":"instock","28":"purchasable","29":"product-type-variable","30":"has-product-nav","31":"col","32":"span_1_of_4","33":"owp-content-center","34":"owp-thumbs-layout-horizontal","35":"owp-btn-big","36":"owp-tabs-layout-vertical","37":"has-no-thumbnails"},"acf":[],"aioseo_notices":[],"_links":{"self":[{"href":"https:\/\/audiohypnosis.online\/es\/wp-json\/wp\/v2\/product\/22265","targetHints":{"allow":["GET"]}}],"collection":[{"href":"https:\/\/audiohypnosis.online\/es\/wp-json\/wp\/v2\/product"}],"about":[{"href":"https:\/\/audiohypnosis.online\/es\/wp-json\/wp\/v2\/types\/product"}],"replies":[{"embeddable":true,"href":"https:\/\/audiohypnosis.online\/es\/wp-json\/wp\/v2\/comments?post=22265"}],"version-history":[{"count":0,"href":"https:\/\/audiohypnosis.online\/es\/wp-json\/wp\/v2\/product\/22265\/revisions"}],"wp:featuredmedia":[{"embeddable":true,"href":"https:\/\/audiohypnosis.online\/es\/wp-json\/wp\/v2\/media\/13993"}],"wp:attachment":[{"href":"https:\/\/audiohypnosis.online\/es\/wp-json\/wp\/v2\/media?parent=22265"}],"wp:term":[{"taxonomy":"language","embeddable":true,"href":"https:\/\/audiohypnosis.online\/es\/wp-json\/wp\/v2\/language?post=22265"},{"taxonomy":"product_cat","embeddable":true,"href":"https:\/\/audiohypnosis.online\/es\/wp-json\/wp\/v2\/product_cat?post=22265"},{"taxonomy":"product_tag","embeddable":true,"href":"https:\/\/audiohypnosis.online\/es\/wp-json\/wp\/v2\/product_tag?post=22265"}],"curies":[{"name":"wp","href":"https:\/\/api.w.org\/{rel}","templated":true}]}}