{"id":22233,"date":"2023-10-14T09:09:04","date_gmt":"2023-10-14T07:09:04","guid":{"rendered":"http:\/\/audiohypnosis.online\/product\/dormir-mejor\/"},"modified":"2023-10-14T09:09:04","modified_gmt":"2023-10-14T07:09:04","slug":"dormir-mejor","status":"publish","type":"product","link":"https:\/\/audiohypnosis.online\/es\/producto\/dormir-mejor\/","title":{"rendered":"Dormir mejor"},"content":{"rendered":"<p>\u00bfLe cuesta conciliar el sue\u00f1o? Nuestros MP3 de audio hipnosis tienen como objetivo ayudarte a conseguir un sue\u00f1o profundo y reparador. Tendr\u00e1s acceso a 6 archivos de audio descargables y a un manual que te guiar\u00e1 hacia mejores h\u00e1bitos de sue\u00f1o.<\/p>\n","protected":false},"excerpt":{"rendered":"<p>\u00bfLe cuesta conciliar el sue\u00f1o?<\/p>\n","protected":false},"featured_media":13987,"comment_status":"closed","ping_status":"closed","template":"","meta":[],"language":[1650,1656,1539,3064,2740],"product_cat":[1526],"product_tag":[1652,2175,2195,1651,1713],"class_list":{"0":"post-22233","1":"product","2":"type-product","3":"status-publish","4":"has-post-thumbnail","6":"language-de-es-2","7":"language-fr-es","8":"language-nl-es","9":"language-it-es","10":"language-serbio","11":"product_cat-sueno","12":"product_tag-bienestar","13":"product_tag-mejora","14":"product_tag-relajacion","15":"product_tag-salud","16":"product_tag-sueno","17":"pa_languages-aleman","18":"pa_languages-frances-es","19":"pa_languages-holandes-es","20":"pa_languages-italiano-es","21":"pa_languages-portugues-brasil-es","22":"pa_languages-serbio","24":"entry","25":"has-media","27":"first","28":"instock","29":"purchasable","30":"product-type-variable","31":"has-product-nav","32":"col","33":"span_1_of_4","34":"owp-content-center","35":"owp-thumbs-layout-horizontal","36":"owp-btn-big","37":"owp-tabs-layout-vertical","38":"has-no-thumbnails"},"acf":[],"aioseo_notices":[],"_links":{"self":[{"href":"https:\/\/audiohypnosis.online\/es\/wp-json\/wp\/v2\/product\/22233","targetHints":{"allow":["GET"]}}],"collection":[{"href":"https:\/\/audiohypnosis.online\/es\/wp-json\/wp\/v2\/product"}],"about":[{"href":"https:\/\/audiohypnosis.online\/es\/wp-json\/wp\/v2\/types\/product"}],"replies":[{"embeddable":true,"href":"https:\/\/audiohypnosis.online\/es\/wp-json\/wp\/v2\/comments?post=22233"}],"version-history":[{"count":0,"href":"https:\/\/audiohypnosis.online\/es\/wp-json\/wp\/v2\/product\/22233\/revisions"}],"wp:featuredmedia":[{"embeddable":true,"href":"https:\/\/audiohypnosis.online\/es\/wp-json\/wp\/v2\/media\/13987"}],"wp:attachment":[{"href":"https:\/\/audiohypnosis.online\/es\/wp-json\/wp\/v2\/media?parent=22233"}],"wp:term":[{"taxonomy":"language","embeddable":true,"href":"https:\/\/audiohypnosis.online\/es\/wp-json\/wp\/v2\/language?post=22233"},{"taxonomy":"product_cat","embeddable":true,"href":"https:\/\/audiohypnosis.online\/es\/wp-json\/wp\/v2\/product_cat?post=22233"},{"taxonomy":"product_tag","embeddable":true,"href":"https:\/\/audiohypnosis.online\/es\/wp-json\/wp\/v2\/product_tag?post=22233"}],"curies":[{"name":"wp","href":"https:\/\/api.w.org\/{rel}","templated":true}]}}