{"id":22137,"date":"2023-10-14T09:09:04","date_gmt":"2023-10-14T07:09:04","guid":{"rendered":"http:\/\/audiohypnosis.online\/product\/mejor-memoria\/"},"modified":"2023-10-14T09:09:04","modified_gmt":"2023-10-14T07:09:04","slug":"mejor-memoria","status":"publish","type":"product","link":"https:\/\/audiohypnosis.online\/es\/producto\/mejor-memoria\/","title":{"rendered":"Mejor memoria"},"content":{"rendered":"<p>\u00bfQuiere mejorar su memoria? Nuestras sesiones de audio hipnosis est\u00e1n dise\u00f1adas para ayudarte a mejorar la retenci\u00f3n de memoria y la concentraci\u00f3n. Acceda a 6 archivos de audio descargables y a un \u00fatil manual para una transformaci\u00f3n completa.<\/p>\n","protected":false},"excerpt":{"rendered":"<p>\u00bfQuiere mejorar su memoria?<\/p>\n","protected":false},"featured_media":14149,"comment_status":"closed","ping_status":"closed","template":"","meta":[],"language":[1650,2105,1656,1539,2095,3064,2740],"product_cat":[1524],"product_tag":[2183,1652,1848,1757,2182],"class_list":{"0":"post-22137","1":"product","2":"type-product","3":"status-publish","4":"has-post-thumbnail","6":"language-de-es-2","7":"language-es-es","8":"language-fr-es","9":"language-nl-es","10":"language-en-es","11":"language-it-es","12":"language-serbio","13":"product_cat-auto-mejora","14":"product_tag-aprender","15":"product_tag-bienestar","16":"product_tag-concentrate","17":"product_tag-mejora-personal","18":"product_tag-memoria","19":"pa_languages-aleman","20":"pa_languages-espanol","21":"pa_languages-frances-es","22":"pa_languages-holandes-es","23":"pa_languages-hungaro-es","24":"pa_languages-ingles-es","25":"pa_languages-italiano-es","26":"pa_languages-polaco","27":"pa_languages-portugues-brasil-es","28":"pa_languages-serbio","29":"pa_languages-ucraniano-es","31":"entry","32":"has-media","34":"first","35":"instock","36":"purchasable","37":"product-type-variable","38":"has-product-nav","39":"col","40":"span_1_of_4","41":"owp-content-center","42":"owp-thumbs-layout-horizontal","43":"owp-btn-big","44":"owp-tabs-layout-vertical","45":"has-no-thumbnails"},"acf":[],"aioseo_notices":[],"_links":{"self":[{"href":"https:\/\/audiohypnosis.online\/es\/wp-json\/wp\/v2\/product\/22137","targetHints":{"allow":["GET"]}}],"collection":[{"href":"https:\/\/audiohypnosis.online\/es\/wp-json\/wp\/v2\/product"}],"about":[{"href":"https:\/\/audiohypnosis.online\/es\/wp-json\/wp\/v2\/types\/product"}],"replies":[{"embeddable":true,"href":"https:\/\/audiohypnosis.online\/es\/wp-json\/wp\/v2\/comments?post=22137"}],"version-history":[{"count":0,"href":"https:\/\/audiohypnosis.online\/es\/wp-json\/wp\/v2\/product\/22137\/revisions"}],"wp:featuredmedia":[{"embeddable":true,"href":"https:\/\/audiohypnosis.online\/es\/wp-json\/wp\/v2\/media\/14149"}],"wp:attachment":[{"href":"https:\/\/audiohypnosis.online\/es\/wp-json\/wp\/v2\/media?parent=22137"}],"wp:term":[{"taxonomy":"language","embeddable":true,"href":"https:\/\/audiohypnosis.online\/es\/wp-json\/wp\/v2\/language?post=22137"},{"taxonomy":"product_cat","embeddable":true,"href":"https:\/\/audiohypnosis.online\/es\/wp-json\/wp\/v2\/product_cat?post=22137"},{"taxonomy":"product_tag","embeddable":true,"href":"https:\/\/audiohypnosis.online\/es\/wp-json\/wp\/v2\/product_tag?post=22137"}],"curies":[{"name":"wp","href":"https:\/\/api.w.org\/{rel}","templated":true}]}}