{"id":22039,"date":"2023-10-14T09:09:04","date_gmt":"2023-10-14T07:09:04","guid":{"rendered":"http:\/\/audiohypnosis.online\/product\/miedo-a-las-agujas-inyecciones\/"},"modified":"2023-10-14T09:09:04","modified_gmt":"2023-10-14T07:09:04","slug":"miedo-a-las-agujas-inyecciones","status":"publish","type":"product","link":"https:\/\/audiohypnosis.online\/es\/producto\/miedo-a-las-agujas-inyecciones\/","title":{"rendered":"Miedo a las agujas\/inyecciones"},"content":{"rendered":"<p>\u00bfLe aterrorizan las agujas y las inyecciones? Nuestros MP3 de audio hipnosis pueden guiarte para vencer este miedo. Con 6 archivos de audio descargables y un manual de buenas pr\u00e1cticas, por fin podr\u00e1 enfrentarse a los procedimientos m\u00e9dicos sin miedo.<\/p>\n","protected":false},"excerpt":{"rendered":"<p>\u00bfLe aterrorizan las agujas o las inyecciones?<\/p>\n","protected":false},"featured_media":13963,"comment_status":"closed","ping_status":"closed","template":"","meta":[],"language":[1650,1539],"product_cat":[1520],"product_tag":[2168,1618,1616,1651,1617],"class_list":{"0":"post-22039","1":"product","2":"type-product","3":"status-publish","4":"has-post-thumbnail","6":"language-de-es-2","7":"language-nl-es","8":"product_cat-miedos-y-fobias","9":"product_tag-agujas","10":"product_tag-fobia-es","11":"product_tag-lek-es","12":"product_tag-salud","13":"product_tag-strach-es","14":"pa_languages-aleman","15":"pa_languages-holandes-es","17":"entry","18":"has-media","20":"first","21":"instock","22":"purchasable","23":"product-type-variable","24":"has-product-nav","25":"col","26":"span_1_of_4","27":"owp-content-center","28":"owp-thumbs-layout-horizontal","29":"owp-btn-big","30":"owp-tabs-layout-vertical","31":"has-no-thumbnails"},"acf":[],"aioseo_notices":[],"_links":{"self":[{"href":"https:\/\/audiohypnosis.online\/es\/wp-json\/wp\/v2\/product\/22039","targetHints":{"allow":["GET"]}}],"collection":[{"href":"https:\/\/audiohypnosis.online\/es\/wp-json\/wp\/v2\/product"}],"about":[{"href":"https:\/\/audiohypnosis.online\/es\/wp-json\/wp\/v2\/types\/product"}],"replies":[{"embeddable":true,"href":"https:\/\/audiohypnosis.online\/es\/wp-json\/wp\/v2\/comments?post=22039"}],"version-history":[{"count":0,"href":"https:\/\/audiohypnosis.online\/es\/wp-json\/wp\/v2\/product\/22039\/revisions"}],"wp:featuredmedia":[{"embeddable":true,"href":"https:\/\/audiohypnosis.online\/es\/wp-json\/wp\/v2\/media\/13963"}],"wp:attachment":[{"href":"https:\/\/audiohypnosis.online\/es\/wp-json\/wp\/v2\/media?parent=22039"}],"wp:term":[{"taxonomy":"language","embeddable":true,"href":"https:\/\/audiohypnosis.online\/es\/wp-json\/wp\/v2\/language?post=22039"},{"taxonomy":"product_cat","embeddable":true,"href":"https:\/\/audiohypnosis.online\/es\/wp-json\/wp\/v2\/product_cat?post=22039"},{"taxonomy":"product_tag","embeddable":true,"href":"https:\/\/audiohypnosis.online\/es\/wp-json\/wp\/v2\/product_tag?post=22039"}],"curies":[{"name":"wp","href":"https:\/\/api.w.org\/{rel}","templated":true}]}}