{"id":21975,"date":"2023-10-14T09:09:04","date_gmt":"2023-10-14T07:09:04","guid":{"rendered":"http:\/\/audiohypnosis.online\/product\/miedo-a-la-oscuridad\/"},"modified":"2023-10-14T09:09:04","modified_gmt":"2023-10-14T07:09:04","slug":"miedo-a-la-oscuridad","status":"publish","type":"product","link":"https:\/\/audiohypnosis.online\/es\/producto\/miedo-a-la-oscuridad\/","title":{"rendered":"Miedo a la oscuridad"},"content":{"rendered":"<p>\u00bfMiedo a la oscuridad? Nuestros MP3 de audio hipnosis est\u00e1n dise\u00f1ados para ayudarle a vencer este miedo. Si\u00e9ntase c\u00f3modo y seguro en cualquier condici\u00f3n de iluminaci\u00f3n. Obtendr\u00e1 acceso a 6 archivos de audio descargables, junto con un manual que le ayudar\u00e1 a sacar el m\u00e1ximo provecho de su experiencia de hipnosis.<\/p>\n","protected":false},"excerpt":{"rendered":"<p>\u00bfLucha contra el miedo a la oscuridad?<\/p>\n","protected":false},"featured_media":14257,"comment_status":"closed","ping_status":"closed","template":"","meta":[],"language":[1650,2105,1656,1539,2095,3064,2740],"product_cat":[1520],"product_tag":[1618,1616,1617,1713,2160],"class_list":{"0":"post-21975","1":"product","2":"type-product","3":"status-publish","4":"has-post-thumbnail","6":"language-de-es-2","7":"language-es-es","8":"language-fr-es","9":"language-nl-es","10":"language-en-es","11":"language-it-es","12":"language-serbio","13":"product_cat-miedos-y-fobias","14":"product_tag-fobia-es","15":"product_tag-lek-es","16":"product_tag-strach-es","17":"product_tag-sueno","18":"product_tag-lucha-contra-el-miedo-a-la-oscuridad","19":"pa_languages-aleman","20":"pa_languages-espanol","21":"pa_languages-frances-es","22":"pa_languages-holandes-es","23":"pa_languages-hungaro-es","24":"pa_languages-ingles-es","25":"pa_languages-polaco","26":"pa_languages-serbio","27":"pa_languages-ucraniano-es","29":"entry","30":"has-media","32":"first","33":"instock","34":"purchasable","35":"product-type-variable","36":"has-product-nav","37":"col","38":"span_1_of_4","39":"owp-content-center","40":"owp-thumbs-layout-horizontal","41":"owp-btn-big","42":"owp-tabs-layout-vertical","43":"has-no-thumbnails"},"acf":[],"aioseo_notices":[],"_links":{"self":[{"href":"https:\/\/audiohypnosis.online\/es\/wp-json\/wp\/v2\/product\/21975","targetHints":{"allow":["GET"]}}],"collection":[{"href":"https:\/\/audiohypnosis.online\/es\/wp-json\/wp\/v2\/product"}],"about":[{"href":"https:\/\/audiohypnosis.online\/es\/wp-json\/wp\/v2\/types\/product"}],"replies":[{"embeddable":true,"href":"https:\/\/audiohypnosis.online\/es\/wp-json\/wp\/v2\/comments?post=21975"}],"version-history":[{"count":0,"href":"https:\/\/audiohypnosis.online\/es\/wp-json\/wp\/v2\/product\/21975\/revisions"}],"wp:featuredmedia":[{"embeddable":true,"href":"https:\/\/audiohypnosis.online\/es\/wp-json\/wp\/v2\/media\/14257"}],"wp:attachment":[{"href":"https:\/\/audiohypnosis.online\/es\/wp-json\/wp\/v2\/media?parent=21975"}],"wp:term":[{"taxonomy":"language","embeddable":true,"href":"https:\/\/audiohypnosis.online\/es\/wp-json\/wp\/v2\/language?post=21975"},{"taxonomy":"product_cat","embeddable":true,"href":"https:\/\/audiohypnosis.online\/es\/wp-json\/wp\/v2\/product_cat?post=21975"},{"taxonomy":"product_tag","embeddable":true,"href":"https:\/\/audiohypnosis.online\/es\/wp-json\/wp\/v2\/product_tag?post=21975"}],"curies":[{"name":"wp","href":"https:\/\/api.w.org\/{rel}","templated":true}]}}