{"id":21879,"date":"2023-08-17T13:19:14","date_gmt":"2023-08-17T11:19:14","guid":{"rendered":"http:\/\/audiohypnosis.online\/product\/menos-consumo-de-cannabis-2\/"},"modified":"2023-08-17T13:19:14","modified_gmt":"2023-08-17T11:19:14","slug":"menos-consumo-de-cannabis-2","status":"publish","type":"product","link":"https:\/\/audiohypnosis.online\/es\/producto\/menos-consumo-de-cannabis-2\/","title":{"rendered":"Menos consumo de cannabis"},"content":{"rendered":"<p>\u00bfQuieres controlar el consumo excesivo de cannabis? Nuestros MP3s de audio hipnosis ofrecen un camino hacia elecciones m\u00e1s saludables. Ha llegado el momento de una transformaci\u00f3n positiva. Tendr\u00e1s acceso a 6 archivos de audio descargables y a un manual. Al reducir con \u00e9xito el consumo de cannabis, alcanzar\u00e1s un nuevo nivel de libertad, control y bienestar.<\/p>\n<p>Comienza hoy tu viaje hacia el cambio. Nuestros MP3 de audio hipnosis te guiar\u00e1n hacia un estilo de vida equilibrado y saludable.<\/p>\n<p>Tambi\u00e9n proporcionamos un manual para que sepas exactamente c\u00f3mo lograr los mejores resultados con nuestros MP3 de audio hipnosis.<\/p>\n<p>Tendr\u00e1s acceso a 6 archivos de audio descargables (MP3).<\/p>\n<p>La sesi\u00f3n base (pasiva), una versi\u00f3n m\u00e1s corta (pasiva), y una sesi\u00f3n para escuchar mientras camina.<\/p>\n","protected":false},"excerpt":{"rendered":"<p>\u00bfQuieres controlar el consumo excesivo de cannabis?<\/p>\n","protected":false},"featured_media":14095,"comment_status":"open","ping_status":"closed","template":"","meta":[],"language":[1656,1539],"product_cat":[1517],"product_tag":[1956,1711,1652,1992,2147,2148,1651],"class_list":{"0":"post-21879","1":"product","2":"type-product","3":"status-publish","4":"has-post-thumbnail","6":"language-fr-es","7":"language-nl-es","8":"product_cat-adicciones","9":"product_tag-adiccion","10":"product_tag-autocontrol","11":"product_tag-bienestar","12":"product_tag-cannabis-es","13":"product_tag-marihuana-es","14":"product_tag-marihuana-es-2","15":"product_tag-salud","16":"pa_languages-frances-es","17":"pa_languages-holandes-es","19":"entry","20":"has-media","22":"first","23":"instock","24":"shipping-taxable","25":"purchasable","26":"product-type-variable","27":"has-product-nav","28":"col","29":"span_1_of_4","30":"owp-content-center","31":"owp-thumbs-layout-horizontal","32":"owp-btn-big","33":"owp-tabs-layout-vertical","34":"has-no-thumbnails"},"acf":[],"aioseo_notices":[],"_links":{"self":[{"href":"https:\/\/audiohypnosis.online\/es\/wp-json\/wp\/v2\/product\/21879","targetHints":{"allow":["GET"]}}],"collection":[{"href":"https:\/\/audiohypnosis.online\/es\/wp-json\/wp\/v2\/product"}],"about":[{"href":"https:\/\/audiohypnosis.online\/es\/wp-json\/wp\/v2\/types\/product"}],"replies":[{"embeddable":true,"href":"https:\/\/audiohypnosis.online\/es\/wp-json\/wp\/v2\/comments?post=21879"}],"version-history":[{"count":0,"href":"https:\/\/audiohypnosis.online\/es\/wp-json\/wp\/v2\/product\/21879\/revisions"}],"wp:featuredmedia":[{"embeddable":true,"href":"https:\/\/audiohypnosis.online\/es\/wp-json\/wp\/v2\/media\/14095"}],"wp:attachment":[{"href":"https:\/\/audiohypnosis.online\/es\/wp-json\/wp\/v2\/media?parent=21879"}],"wp:term":[{"taxonomy":"language","embeddable":true,"href":"https:\/\/audiohypnosis.online\/es\/wp-json\/wp\/v2\/language?post=21879"},{"taxonomy":"product_cat","embeddable":true,"href":"https:\/\/audiohypnosis.online\/es\/wp-json\/wp\/v2\/product_cat?post=21879"},{"taxonomy":"product_tag","embeddable":true,"href":"https:\/\/audiohypnosis.online\/es\/wp-json\/wp\/v2\/product_tag?post=21879"}],"curies":[{"name":"wp","href":"https:\/\/api.w.org\/{rel}","templated":true}]}}