{"id":21352,"date":"2023-10-14T09:09:09","date_gmt":"2023-10-14T07:09:09","guid":{"rendered":"http:\/\/audiohypnosis.online\/product\/adiccion-al-juego\/"},"modified":"2023-10-14T09:09:09","modified_gmt":"2023-10-14T07:09:09","slug":"adiccion-al-juego","status":"publish","type":"product","link":"https:\/\/audiohypnosis.online\/es\/producto\/adiccion-al-juego\/","title":{"rendered":"Adicci\u00f3n al juego"},"content":{"rendered":"<p>\u00bfTiene adicci\u00f3n al juego? Nuestras sesiones de audio hipnosis est\u00e1n dise\u00f1adas para ayudarle a recuperar el control. El paquete incluye 6 archivos de audio descargables y un manual para guiarle en su viaje hacia la liberaci\u00f3n del juego.<\/p>\n","protected":false},"excerpt":{"rendered":"<p>\u00bfTiene adicci\u00f3n al juego?<\/p>\n","protected":false},"featured_media":14047,"comment_status":"closed","ping_status":"closed","template":"","meta":[],"language":[1650,1656,1539,2740],"product_cat":[1517],"product_tag":[1956,1711,1652,2086,1651],"class_list":{"0":"post-21352","1":"product","2":"type-product","3":"status-publish","4":"has-post-thumbnail","6":"language-de-es-2","7":"language-fr-es","8":"language-nl-es","9":"language-serbio","10":"product_cat-adicciones","11":"product_tag-adiccion","12":"product_tag-autocontrol","13":"product_tag-bienestar","14":"product_tag-juego","15":"product_tag-salud","16":"pa_languages-aleman","17":"pa_languages-frances-es","18":"pa_languages-holandes-es","19":"pa_languages-serbio","21":"entry","22":"has-media","24":"first","25":"instock","26":"purchasable","27":"product-type-variable","28":"has-product-nav","29":"col","30":"span_1_of_4","31":"owp-content-center","32":"owp-thumbs-layout-horizontal","33":"owp-btn-big","34":"owp-tabs-layout-vertical","35":"has-no-thumbnails"},"acf":[],"aioseo_notices":[],"_links":{"self":[{"href":"https:\/\/audiohypnosis.online\/es\/wp-json\/wp\/v2\/product\/21352","targetHints":{"allow":["GET"]}}],"collection":[{"href":"https:\/\/audiohypnosis.online\/es\/wp-json\/wp\/v2\/product"}],"about":[{"href":"https:\/\/audiohypnosis.online\/es\/wp-json\/wp\/v2\/types\/product"}],"replies":[{"embeddable":true,"href":"https:\/\/audiohypnosis.online\/es\/wp-json\/wp\/v2\/comments?post=21352"}],"version-history":[{"count":0,"href":"https:\/\/audiohypnosis.online\/es\/wp-json\/wp\/v2\/product\/21352\/revisions"}],"wp:featuredmedia":[{"embeddable":true,"href":"https:\/\/audiohypnosis.online\/es\/wp-json\/wp\/v2\/media\/14047"}],"wp:attachment":[{"href":"https:\/\/audiohypnosis.online\/es\/wp-json\/wp\/v2\/media?parent=21352"}],"wp:term":[{"taxonomy":"language","embeddable":true,"href":"https:\/\/audiohypnosis.online\/es\/wp-json\/wp\/v2\/language?post=21352"},{"taxonomy":"product_cat","embeddable":true,"href":"https:\/\/audiohypnosis.online\/es\/wp-json\/wp\/v2\/product_cat?post=21352"},{"taxonomy":"product_tag","embeddable":true,"href":"https:\/\/audiohypnosis.online\/es\/wp-json\/wp\/v2\/product_tag?post=21352"}],"curies":[{"name":"wp","href":"https:\/\/api.w.org\/{rel}","templated":true}]}}