{"id":21336,"date":"2023-10-14T09:09:09","date_gmt":"2023-10-14T07:09:09","guid":{"rendered":"http:\/\/audiohypnosis.online\/product\/disfuncion-erectil\/"},"modified":"2023-10-14T09:09:09","modified_gmt":"2023-10-14T07:09:09","slug":"disfuncion-erectil","status":"publish","type":"product","link":"https:\/\/audiohypnosis.online\/es\/producto\/disfuncion-erectil\/","title":{"rendered":"Disfunci\u00f3n er\u00e9ctil"},"content":{"rendered":"<p>\u00bfTiene problemas de salud sexual? Nuestras sesiones de audio hipnosis se centran en ayudar a los hombres a tratar la disfunci\u00f3n er\u00e9ctil. Tendr\u00e1s acceso a 6 archivos de audio descargables y a un manual de buenas pr\u00e1cticas.<\/p>\n","protected":false},"excerpt":{"rendered":"<p>\u00bfQuiere tratar la disfunci\u00f3n er\u00e9ctil?<\/p>\n","protected":false},"featured_media":14035,"comment_status":"closed","ping_status":"closed","template":"","meta":[],"language":[1650,1539,2095,3064,2740],"product_cat":[1525],"product_tag":[2018,2084,2083,2017,1651],"class_list":{"0":"post-21336","1":"product","2":"type-product","3":"status-publish","4":"has-post-thumbnail","6":"language-de-es-2","7":"language-nl-es","8":"language-en-es","9":"language-it-es","10":"language-serbio","11":"product_cat-sexualidad","12":"product_tag-bienestar-sexual","13":"product_tag-disfuncion-erectil","14":"product_tag-hombres","15":"product_tag-relaciones","16":"product_tag-salud","17":"pa_languages-aleman","18":"pa_languages-holandes-es","19":"pa_languages-ingles-es","20":"pa_languages-italiano-es","21":"pa_languages-serbio","22":"pa_languages-ucraniano-es","24":"entry","25":"has-media","27":"first","28":"instock","29":"purchasable","30":"product-type-variable","31":"has-product-nav","32":"col","33":"span_1_of_4","34":"owp-content-center","35":"owp-thumbs-layout-horizontal","36":"owp-btn-big","37":"owp-tabs-layout-vertical","38":"has-no-thumbnails"},"acf":[],"aioseo_notices":[],"_links":{"self":[{"href":"https:\/\/audiohypnosis.online\/es\/wp-json\/wp\/v2\/product\/21336","targetHints":{"allow":["GET"]}}],"collection":[{"href":"https:\/\/audiohypnosis.online\/es\/wp-json\/wp\/v2\/product"}],"about":[{"href":"https:\/\/audiohypnosis.online\/es\/wp-json\/wp\/v2\/types\/product"}],"replies":[{"embeddable":true,"href":"https:\/\/audiohypnosis.online\/es\/wp-json\/wp\/v2\/comments?post=21336"}],"version-history":[{"count":0,"href":"https:\/\/audiohypnosis.online\/es\/wp-json\/wp\/v2\/product\/21336\/revisions"}],"wp:featuredmedia":[{"embeddable":true,"href":"https:\/\/audiohypnosis.online\/es\/wp-json\/wp\/v2\/media\/14035"}],"wp:attachment":[{"href":"https:\/\/audiohypnosis.online\/es\/wp-json\/wp\/v2\/media?parent=21336"}],"wp:term":[{"taxonomy":"language","embeddable":true,"href":"https:\/\/audiohypnosis.online\/es\/wp-json\/wp\/v2\/language?post=21336"},{"taxonomy":"product_cat","embeddable":true,"href":"https:\/\/audiohypnosis.online\/es\/wp-json\/wp\/v2\/product_cat?post=21336"},{"taxonomy":"product_tag","embeddable":true,"href":"https:\/\/audiohypnosis.online\/es\/wp-json\/wp\/v2\/product_tag?post=21336"}],"curies":[{"name":"wp","href":"https:\/\/api.w.org\/{rel}","templated":true}]}}