{"id":21328,"date":"2023-10-14T09:09:09","date_gmt":"2023-10-14T07:09:09","guid":{"rendered":"http:\/\/audiohypnosis.online\/product\/aumento-del-ego\/"},"modified":"2023-10-14T09:09:09","modified_gmt":"2023-10-14T07:09:09","slug":"aumenta-el-ego","status":"publish","type":"product","link":"https:\/\/audiohypnosis.online\/es\/producto\/aumenta-el-ego\/","title":{"rendered":"Aumento del ego"},"content":{"rendered":"<p>\u00bfBusca una inyecci\u00f3n de autoestima? Nuestras sesiones de audio hipnosis ofrecen un camino hacia un sentido m\u00e1s fuerte de uno mismo. Accede a 6 archivos de audio descargables y a un manual que te guiar\u00e1n en tu viaje hacia una imagen m\u00e1s positiva de ti mismo.<\/p>\n","protected":false},"excerpt":{"rendered":"<p>\u00bfBusca una inyecci\u00f3n de autoestima?<\/p>\n","protected":false},"featured_media":14029,"comment_status":"closed","ping_status":"closed","template":"","meta":[],"language":[1650,1656,1539,2740],"product_cat":[1524],"product_tag":[1883,1804,1758,1757,1884],"class_list":{"0":"post-21328","1":"product","2":"type-product","3":"status-publish","4":"has-post-thumbnail","6":"language-de-es-2","7":"language-fr-es","8":"language-nl-es","9":"language-serbio","10":"product_cat-auto-mejora","11":"product_tag-autoestima","12":"product_tag-bienestar-emocional","13":"product_tag-confianza","14":"product_tag-mejora-personal","15":"product_tag-positividad","16":"pa_languages-aleman","17":"pa_languages-frances-es","18":"pa_languages-holandes-es","19":"pa_languages-serbio","20":"pa_languages-ucraniano-es","22":"entry","23":"has-media","25":"first","26":"instock","27":"purchasable","28":"product-type-variable","29":"has-product-nav","30":"col","31":"span_1_of_4","32":"owp-content-center","33":"owp-thumbs-layout-horizontal","34":"owp-btn-big","35":"owp-tabs-layout-vertical","36":"has-no-thumbnails"},"acf":[],"aioseo_notices":[],"_links":{"self":[{"href":"https:\/\/audiohypnosis.online\/es\/wp-json\/wp\/v2\/product\/21328","targetHints":{"allow":["GET"]}}],"collection":[{"href":"https:\/\/audiohypnosis.online\/es\/wp-json\/wp\/v2\/product"}],"about":[{"href":"https:\/\/audiohypnosis.online\/es\/wp-json\/wp\/v2\/types\/product"}],"replies":[{"embeddable":true,"href":"https:\/\/audiohypnosis.online\/es\/wp-json\/wp\/v2\/comments?post=21328"}],"version-history":[{"count":0,"href":"https:\/\/audiohypnosis.online\/es\/wp-json\/wp\/v2\/product\/21328\/revisions"}],"wp:featuredmedia":[{"embeddable":true,"href":"https:\/\/audiohypnosis.online\/es\/wp-json\/wp\/v2\/media\/14029"}],"wp:attachment":[{"href":"https:\/\/audiohypnosis.online\/es\/wp-json\/wp\/v2\/media?parent=21328"}],"wp:term":[{"taxonomy":"language","embeddable":true,"href":"https:\/\/audiohypnosis.online\/es\/wp-json\/wp\/v2\/language?post=21328"},{"taxonomy":"product_cat","embeddable":true,"href":"https:\/\/audiohypnosis.online\/es\/wp-json\/wp\/v2\/product_cat?post=21328"},{"taxonomy":"product_tag","embeddable":true,"href":"https:\/\/audiohypnosis.online\/es\/wp-json\/wp\/v2\/product_tag?post=21328"}],"curies":[{"name":"wp","href":"https:\/\/api.w.org\/{rel}","templated":true}]}}