{"id":21320,"date":"2023-10-14T09:09:04","date_gmt":"2023-10-14T07:09:04","guid":{"rendered":"http:\/\/audiohypnosis.online\/product\/citas-con-confianza\/"},"modified":"2023-10-14T09:09:04","modified_gmt":"2023-10-14T07:09:04","slug":"citas-con-confianza","status":"publish","type":"product","link":"https:\/\/audiohypnosis.online\/es\/producto\/citas-con-confianza\/","title":{"rendered":"Citas con confianza"},"content":{"rendered":"<p>\u00bfNervioso por las citas? Nuestros MP3s de audio hipnosis tienen como objetivo aumentar su confianza, por lo que la escena de citas menos intimidante. Con 6 archivos de audio diferentes y un manual de pr\u00e1cticas eficaces, convierta su pr\u00f3xima cita en un \u00e9xito.<\/p>\n","protected":false},"excerpt":{"rendered":"<p>\u00bfNecesita m\u00e1s confianza en sus citas?<\/p>\n","protected":false},"featured_media":14239,"comment_status":"closed","ping_status":"closed","template":"","meta":[],"language":[1650,2105,1656,1539,2095,3064,2740],"product_cat":[1523],"product_tag":[2024,1804,2082,1758,2017],"class_list":{"0":"post-21320","1":"product","2":"type-product","3":"status-publish","4":"has-post-thumbnail","6":"language-de-es-2","7":"language-es-es","8":"language-fr-es","9":"language-nl-es","10":"language-en-es","11":"language-it-es","12":"language-serbio","13":"product_cat-relaciones","14":"product_tag-amor","15":"product_tag-bienestar-emocional","16":"product_tag-citas","17":"product_tag-confianza","18":"product_tag-relaciones","19":"pa_languages-aleman","20":"pa_languages-frances-es","21":"pa_languages-holandes-es","22":"pa_languages-hungaro-es","23":"pa_languages-ingles-es","24":"pa_languages-polaco","25":"pa_languages-portugues-brasil-es","26":"pa_languages-serbio","27":"pa_languages-ucraniano-es","29":"entry","30":"has-media","32":"first","33":"instock","34":"purchasable","35":"product-type-variable","36":"has-product-nav","37":"col","38":"span_1_of_4","39":"owp-content-center","40":"owp-thumbs-layout-horizontal","41":"owp-btn-big","42":"owp-tabs-layout-vertical","43":"has-no-thumbnails"},"acf":[],"aioseo_notices":[],"_links":{"self":[{"href":"https:\/\/audiohypnosis.online\/es\/wp-json\/wp\/v2\/product\/21320","targetHints":{"allow":["GET"]}}],"collection":[{"href":"https:\/\/audiohypnosis.online\/es\/wp-json\/wp\/v2\/product"}],"about":[{"href":"https:\/\/audiohypnosis.online\/es\/wp-json\/wp\/v2\/types\/product"}],"replies":[{"embeddable":true,"href":"https:\/\/audiohypnosis.online\/es\/wp-json\/wp\/v2\/comments?post=21320"}],"version-history":[{"count":0,"href":"https:\/\/audiohypnosis.online\/es\/wp-json\/wp\/v2\/product\/21320\/revisions"}],"wp:featuredmedia":[{"embeddable":true,"href":"https:\/\/audiohypnosis.online\/es\/wp-json\/wp\/v2\/media\/14239"}],"wp:attachment":[{"href":"https:\/\/audiohypnosis.online\/es\/wp-json\/wp\/v2\/media?parent=21320"}],"wp:term":[{"taxonomy":"language","embeddable":true,"href":"https:\/\/audiohypnosis.online\/es\/wp-json\/wp\/v2\/language?post=21320"},{"taxonomy":"product_cat","embeddable":true,"href":"https:\/\/audiohypnosis.online\/es\/wp-json\/wp\/v2\/product_cat?post=21320"},{"taxonomy":"product_tag","embeddable":true,"href":"https:\/\/audiohypnosis.online\/es\/wp-json\/wp\/v2\/product_tag?post=21320"}],"curies":[{"name":"wp","href":"https:\/\/api.w.org\/{rel}","templated":true}]}}