{"id":20270,"date":"2023-10-14T09:09:09","date_gmt":"2023-10-14T07:09:09","guid":{"rendered":"http:\/\/audiohypnosis.online\/product\/mas-ejercicio\/"},"modified":"2023-10-14T09:09:09","modified_gmt":"2023-10-14T07:09:09","slug":"mas-ejercicio","status":"publish","type":"product","link":"https:\/\/audiohypnosis.online\/es\/producto\/mas-ejercicio\/","title":{"rendered":"M\u00e1s ejercicio"},"content":{"rendered":"<p>\u00bfQuiere ser m\u00e1s activo f\u00edsicamente? Nuestras sesiones de audio hipnosis le guiar\u00e1n hacia un estilo de vida m\u00e1s saludable a trav\u00e9s de una mayor motivaci\u00f3n para hacer ejercicio. El paquete incluye 6 archivos de audio diferentes y un manual para obtener los mejores resultados.<\/p>\n","protected":false},"excerpt":{"rendered":"<p>\u00bfQuiere aumentar su actividad f\u00edsica?<\/p>\n","protected":false},"featured_media":14041,"comment_status":"closed","ping_status":"closed","template":"","meta":[],"language":[],"product_cat":[1504],"product_tag":[1657,1652,1653,1658,1651],"class_list":{"0":"post-20270","1":"product","2":"type-product","3":"status-publish","4":"has-post-thumbnail","6":"product_cat-peso","7":"product_tag-actividad-fisica","8":"product_tag-bienestar","9":"product_tag-ejercicio","10":"product_tag-motivacion","11":"product_tag-salud","13":"entry","14":"has-media","16":"first","17":"instock","18":"purchasable","19":"product-type-variable","20":"has-product-nav","21":"col","22":"span_1_of_4","23":"owp-content-center","24":"owp-thumbs-layout-horizontal","25":"owp-btn-big","26":"owp-tabs-layout-vertical","27":"has-no-thumbnails"},"acf":[],"aioseo_notices":[],"_links":{"self":[{"href":"https:\/\/audiohypnosis.online\/es\/wp-json\/wp\/v2\/product\/20270","targetHints":{"allow":["GET"]}}],"collection":[{"href":"https:\/\/audiohypnosis.online\/es\/wp-json\/wp\/v2\/product"}],"about":[{"href":"https:\/\/audiohypnosis.online\/es\/wp-json\/wp\/v2\/types\/product"}],"replies":[{"embeddable":true,"href":"https:\/\/audiohypnosis.online\/es\/wp-json\/wp\/v2\/comments?post=20270"}],"version-history":[{"count":0,"href":"https:\/\/audiohypnosis.online\/es\/wp-json\/wp\/v2\/product\/20270\/revisions"}],"wp:featuredmedia":[{"embeddable":true,"href":"https:\/\/audiohypnosis.online\/es\/wp-json\/wp\/v2\/media\/14041"}],"wp:attachment":[{"href":"https:\/\/audiohypnosis.online\/es\/wp-json\/wp\/v2\/media?parent=20270"}],"wp:term":[{"taxonomy":"language","embeddable":true,"href":"https:\/\/audiohypnosis.online\/es\/wp-json\/wp\/v2\/language?post=20270"},{"taxonomy":"product_cat","embeddable":true,"href":"https:\/\/audiohypnosis.online\/es\/wp-json\/wp\/v2\/product_cat?post=20270"},{"taxonomy":"product_tag","embeddable":true,"href":"https:\/\/audiohypnosis.online\/es\/wp-json\/wp\/v2\/product_tag?post=20270"}],"curies":[{"name":"wp","href":"https:\/\/api.w.org\/{rel}","templated":true}]}}