{"id":20214,"date":"2023-10-14T09:09:09","date_gmt":"2023-10-14T07:09:09","guid":{"rendered":"http:\/\/audiohypnosis.online\/product\/aumento-del-deseo-sexual\/"},"modified":"2023-10-20T11:05:48","modified_gmt":"2023-10-20T09:05:48","slug":"aumento-del-deseo-sexual","status":"publish","type":"product","link":"https:\/\/audiohypnosis.online\/es\/producto\/aumento-del-deseo-sexual\/","title":{"rendered":"Aumento del deseo sexual"},"content":{"rendered":"<p>Desea una vida sexual m\u00e1s plena? Nuestro audio hipnosis MP3s puede ayudar a aumentar su libido. Acceda a 6 archivos de audio descargables y a un manual que le guiar\u00e1n hacia una vida \u00edntima m\u00e1s satisfactoria.<\/p>\n","protected":false},"excerpt":{"rendered":"<p>\u00bfQuiere aumentar su deseo sexual?<\/p>\n","protected":false},"featured_media":14083,"comment_status":"closed","ping_status":"closed","template":"","meta":[],"language":[1650,2105,1656,1539,2740],"product_cat":[1525],"product_tag":[2016,2017],"class_list":{"0":"post-20214","1":"product","2":"type-product","3":"status-publish","4":"has-post-thumbnail","6":"language-de-es-2","7":"language-es-es","8":"language-fr-es","9":"language-nl-es","10":"language-serbio","11":"product_cat-sexualidad","12":"product_tag-libido-es","13":"product_tag-relaciones","14":"pa_languages-aleman","15":"pa_languages-espanol","16":"pa_languages-frances-es","17":"pa_languages-holandes-es","18":"pa_languages-hungaro-es","19":"pa_languages-ingles-es","20":"pa_languages-portugues-brasil-es","21":"pa_languages-serbio","22":"pa_languages-ucraniano-es","24":"entry","25":"has-media","27":"first","28":"instock","29":"purchasable","30":"product-type-variable","31":"has-product-nav","32":"col","33":"span_1_of_4","34":"owp-content-center","35":"owp-thumbs-layout-horizontal","36":"owp-btn-big","37":"owp-tabs-layout-vertical","38":"has-no-thumbnails"},"acf":[],"aioseo_notices":[],"_links":{"self":[{"href":"https:\/\/audiohypnosis.online\/es\/wp-json\/wp\/v2\/product\/20214","targetHints":{"allow":["GET"]}}],"collection":[{"href":"https:\/\/audiohypnosis.online\/es\/wp-json\/wp\/v2\/product"}],"about":[{"href":"https:\/\/audiohypnosis.online\/es\/wp-json\/wp\/v2\/types\/product"}],"replies":[{"embeddable":true,"href":"https:\/\/audiohypnosis.online\/es\/wp-json\/wp\/v2\/comments?post=20214"}],"version-history":[{"count":0,"href":"https:\/\/audiohypnosis.online\/es\/wp-json\/wp\/v2\/product\/20214\/revisions"}],"wp:featuredmedia":[{"embeddable":true,"href":"https:\/\/audiohypnosis.online\/es\/wp-json\/wp\/v2\/media\/14083"}],"wp:attachment":[{"href":"https:\/\/audiohypnosis.online\/es\/wp-json\/wp\/v2\/media?parent=20214"}],"wp:term":[{"taxonomy":"language","embeddable":true,"href":"https:\/\/audiohypnosis.online\/es\/wp-json\/wp\/v2\/language?post=20214"},{"taxonomy":"product_cat","embeddable":true,"href":"https:\/\/audiohypnosis.online\/es\/wp-json\/wp\/v2\/product_cat?post=20214"},{"taxonomy":"product_tag","embeddable":true,"href":"https:\/\/audiohypnosis.online\/es\/wp-json\/wp\/v2\/product_tag?post=20214"}],"curies":[{"name":"wp","href":"https:\/\/api.w.org\/{rel}","templated":true}]}}