{"id":18837,"date":"2023-10-14T09:09:09","date_gmt":"2023-10-14T07:09:09","guid":{"rendered":"http:\/\/audiohypnosis.online\/product\/sudoracion-excesiva\/"},"modified":"2023-10-14T09:09:09","modified_gmt":"2023-10-14T07:09:09","slug":"sudoracion-excesiva","status":"publish","type":"product","link":"https:\/\/audiohypnosis.online\/es\/producto\/sudoracion-excesiva\/","title":{"rendered":"Sudoraci\u00f3n excesiva"},"content":{"rendered":"<p>\u00bfLe preocupa la sudoraci\u00f3n excesiva? Nuestras sesiones de audio hipnosis ofrecen una forma de controlar mejor esta afecci\u00f3n. Acceda a 6 archivos de audio descargables y a un manual de buenas pr\u00e1cticas.<\/p>\n","protected":false},"excerpt":{"rendered":"<p>\u00bfProblemas con la sudoraci\u00f3n excesiva?<\/p>\n","protected":false},"featured_media":14245,"comment_status":"closed","ping_status":"closed","template":"","meta":[],"language":[1650,2105,1656,1539,2095,2740],"product_cat":[1522],"product_tag":[1711,1652,1986,1651,1985],"class_list":{"0":"post-18837","1":"product","2":"type-product","3":"status-publish","4":"has-post-thumbnail","6":"language-de-es-2","7":"language-es-es","8":"language-fr-es","9":"language-nl-es","10":"language-en-es","11":"language-serbio","12":"product_cat-salud-y-bienestar","13":"product_tag-autocontrol","14":"product_tag-bienestar","15":"product_tag-higiene","16":"product_tag-salud","17":"product_tag-sudor","18":"pa_languages-aleman","19":"pa_languages-espanol","20":"pa_languages-frances-es","21":"pa_languages-holandes-es","22":"pa_languages-ingles-es","23":"pa_languages-polaco","24":"pa_languages-serbio","25":"pa_languages-ucraniano-es","27":"entry","28":"has-media","30":"first","31":"instock","32":"purchasable","33":"product-type-variable","34":"has-product-nav","35":"col","36":"span_1_of_4","37":"owp-content-center","38":"owp-thumbs-layout-horizontal","39":"owp-btn-big","40":"owp-tabs-layout-vertical","41":"has-no-thumbnails"},"acf":[],"aioseo_notices":[],"_links":{"self":[{"href":"https:\/\/audiohypnosis.online\/es\/wp-json\/wp\/v2\/product\/18837","targetHints":{"allow":["GET"]}}],"collection":[{"href":"https:\/\/audiohypnosis.online\/es\/wp-json\/wp\/v2\/product"}],"about":[{"href":"https:\/\/audiohypnosis.online\/es\/wp-json\/wp\/v2\/types\/product"}],"replies":[{"embeddable":true,"href":"https:\/\/audiohypnosis.online\/es\/wp-json\/wp\/v2\/comments?post=18837"}],"version-history":[{"count":0,"href":"https:\/\/audiohypnosis.online\/es\/wp-json\/wp\/v2\/product\/18837\/revisions"}],"wp:featuredmedia":[{"embeddable":true,"href":"https:\/\/audiohypnosis.online\/es\/wp-json\/wp\/v2\/media\/14245"}],"wp:attachment":[{"href":"https:\/\/audiohypnosis.online\/es\/wp-json\/wp\/v2\/media?parent=18837"}],"wp:term":[{"taxonomy":"language","embeddable":true,"href":"https:\/\/audiohypnosis.online\/es\/wp-json\/wp\/v2\/language?post=18837"},{"taxonomy":"product_cat","embeddable":true,"href":"https:\/\/audiohypnosis.online\/es\/wp-json\/wp\/v2\/product_cat?post=18837"},{"taxonomy":"product_tag","embeddable":true,"href":"https:\/\/audiohypnosis.online\/es\/wp-json\/wp\/v2\/product_tag?post=18837"}],"curies":[{"name":"wp","href":"https:\/\/api.w.org\/{rel}","templated":true}]}}