{"id":18340,"date":"2023-10-14T09:09:09","date_gmt":"2023-10-14T07:09:09","guid":{"rendered":"http:\/\/audiohypnosis.online\/product\/menos-preocupaciones\/"},"modified":"2023-10-14T09:09:09","modified_gmt":"2023-10-14T07:09:09","slug":"menos-preocupaciones","status":"publish","type":"product","link":"https:\/\/audiohypnosis.online\/es\/producto\/menos-preocupaciones\/","title":{"rendered":"Menos Preocupaciones"},"content":{"rendered":"<p>\u00bfTe preocupas en exceso? Nuestros MP3 de audio hipnosis pueden ayudarle a adoptar un enfoque m\u00e1s relajado de la vida. El paquete incluye 6 archivos de audio y un manual para guiarle hacia menos estr\u00e9s y m\u00e1s paz.<\/p>\n","protected":false},"excerpt":{"rendered":"<p>\u00bfQuieres preocuparte menos y vivir m\u00e1s?<\/p>\n","protected":false},"featured_media":14113,"comment_status":"closed","ping_status":"closed","template":"","meta":[],"language":[1650,1656,1539],"product_cat":[1519],"product_tag":[1805,1804,1710,1616,1957],"class_list":{"0":"post-18340","1":"product","2":"type-product","3":"status-publish","4":"has-post-thumbnail","6":"language-de-es-2","7":"language-fr-es","8":"language-nl-es","9":"product_cat-bienestar-emocional","10":"product_tag-autocuidado","11":"product_tag-bienestar-emocional","12":"product_tag-estres","13":"product_tag-lek-es","14":"product_tag-preocupate","15":"pa_languages-aleman","16":"pa_languages-frances-es","17":"pa_languages-holandes-es","18":"pa_languages-portugues-brasil-es","20":"entry","21":"has-media","23":"first","24":"instock","25":"purchasable","26":"product-type-variable","27":"has-product-nav","28":"col","29":"span_1_of_4","30":"owp-content-center","31":"owp-thumbs-layout-horizontal","32":"owp-btn-big","33":"owp-tabs-layout-vertical","34":"has-no-thumbnails"},"acf":[],"aioseo_notices":[],"_links":{"self":[{"href":"https:\/\/audiohypnosis.online\/es\/wp-json\/wp\/v2\/product\/18340","targetHints":{"allow":["GET"]}}],"collection":[{"href":"https:\/\/audiohypnosis.online\/es\/wp-json\/wp\/v2\/product"}],"about":[{"href":"https:\/\/audiohypnosis.online\/es\/wp-json\/wp\/v2\/types\/product"}],"replies":[{"embeddable":true,"href":"https:\/\/audiohypnosis.online\/es\/wp-json\/wp\/v2\/comments?post=18340"}],"version-history":[{"count":0,"href":"https:\/\/audiohypnosis.online\/es\/wp-json\/wp\/v2\/product\/18340\/revisions"}],"wp:featuredmedia":[{"embeddable":true,"href":"https:\/\/audiohypnosis.online\/es\/wp-json\/wp\/v2\/media\/14113"}],"wp:attachment":[{"href":"https:\/\/audiohypnosis.online\/es\/wp-json\/wp\/v2\/media?parent=18340"}],"wp:term":[{"taxonomy":"language","embeddable":true,"href":"https:\/\/audiohypnosis.online\/es\/wp-json\/wp\/v2\/language?post=18340"},{"taxonomy":"product_cat","embeddable":true,"href":"https:\/\/audiohypnosis.online\/es\/wp-json\/wp\/v2\/product_cat?post=18340"},{"taxonomy":"product_tag","embeddable":true,"href":"https:\/\/audiohypnosis.online\/es\/wp-json\/wp\/v2\/product_tag?post=18340"}],"curies":[{"name":"wp","href":"https:\/\/api.w.org\/{rel}","templated":true}]}}