{"id":18184,"date":"2023-10-14T09:09:09","date_gmt":"2023-10-14T07:09:09","guid":{"rendered":"http:\/\/audiohypnosis.online\/product\/las-pesadillas\/"},"modified":"2023-10-14T09:09:09","modified_gmt":"2023-10-14T07:09:09","slug":"pesadillas","status":"publish","type":"product","link":"https:\/\/audiohypnosis.online\/es\/producto\/pesadillas\/","title":{"rendered":"Las pesadillas"},"content":{"rendered":"<p>\u00bfPesadillas? Nuestros MP3 de audio hipnosis est\u00e1n dise\u00f1ados para ayudarle a dormir m\u00e1s pl\u00e1cidamente. Recibir\u00e1 6 archivos de audio descargables y un manual de buenas pr\u00e1cticas para mejorar la calidad de su sue\u00f1o.<\/p>\n","protected":false},"excerpt":{"rendered":"<p>\u00bfTiene pesadillas recurrentes?<\/p>\n","protected":false},"featured_media":14131,"comment_status":"closed","ping_status":"closed","template":"","meta":[],"language":[1650,1656,1539],"product_cat":[1526],"product_tag":[1652,1804,1941,1651,1713],"class_list":{"0":"post-18184","1":"product","2":"type-product","3":"status-publish","4":"has-post-thumbnail","6":"language-de-es-2","7":"language-fr-es","8":"language-nl-es","9":"product_cat-sueno","10":"product_tag-bienestar","11":"product_tag-bienestar-emocional","12":"product_tag-las-pesadillas","13":"product_tag-salud","14":"product_tag-sueno","15":"pa_languages-aleman","16":"pa_languages-frances-es","17":"pa_languages-holandes-es","18":"pa_languages-portugues-brasil-es","20":"entry","21":"has-media","23":"first","24":"instock","25":"purchasable","26":"product-type-variable","27":"has-product-nav","28":"col","29":"span_1_of_4","30":"owp-content-center","31":"owp-thumbs-layout-horizontal","32":"owp-btn-big","33":"owp-tabs-layout-vertical","34":"has-no-thumbnails"},"acf":[],"aioseo_notices":[],"_links":{"self":[{"href":"https:\/\/audiohypnosis.online\/es\/wp-json\/wp\/v2\/product\/18184","targetHints":{"allow":["GET"]}}],"collection":[{"href":"https:\/\/audiohypnosis.online\/es\/wp-json\/wp\/v2\/product"}],"about":[{"href":"https:\/\/audiohypnosis.online\/es\/wp-json\/wp\/v2\/types\/product"}],"replies":[{"embeddable":true,"href":"https:\/\/audiohypnosis.online\/es\/wp-json\/wp\/v2\/comments?post=18184"}],"version-history":[{"count":0,"href":"https:\/\/audiohypnosis.online\/es\/wp-json\/wp\/v2\/product\/18184\/revisions"}],"wp:featuredmedia":[{"embeddable":true,"href":"https:\/\/audiohypnosis.online\/es\/wp-json\/wp\/v2\/media\/14131"}],"wp:attachment":[{"href":"https:\/\/audiohypnosis.online\/es\/wp-json\/wp\/v2\/media?parent=18184"}],"wp:term":[{"taxonomy":"language","embeddable":true,"href":"https:\/\/audiohypnosis.online\/es\/wp-json\/wp\/v2\/language?post=18184"},{"taxonomy":"product_cat","embeddable":true,"href":"https:\/\/audiohypnosis.online\/es\/wp-json\/wp\/v2\/product_cat?post=18184"},{"taxonomy":"product_tag","embeddable":true,"href":"https:\/\/audiohypnosis.online\/es\/wp-json\/wp\/v2\/product_tag?post=18184"}],"curies":[{"name":"wp","href":"https:\/\/api.w.org\/{rel}","templated":true}]}}