{"id":18020,"date":"2023-10-14T09:09:09","date_gmt":"2023-10-14T07:09:09","guid":{"rendered":"http:\/\/audiohypnosis.online\/product\/menos-consumo-de-azucar\/"},"modified":"2023-10-14T09:09:09","modified_gmt":"2023-10-14T07:09:09","slug":"menos-ingesta-de-azucar","status":"publish","type":"product","link":"https:\/\/audiohypnosis.online\/es\/producto\/menos-ingesta-de-azucar\/","title":{"rendered":"Menos consumo de az\u00facar"},"content":{"rendered":"<p>\u00bfTe cuesta reducir el consumo de az\u00facar? Nuestras sesiones de audio hipnosis pueden ayudarle a tomar decisiones diet\u00e9ticas m\u00e1s saludables. Recibir\u00e1 6 archivos de audio descargables y un manual para obtener los mejores resultados.<\/p>\n","protected":false},"excerpt":{"rendered":"<p>\u00bfQuieres reducir tu consumo de az\u00facar?<\/p>\n","protected":false},"featured_media":14107,"comment_status":"closed","ping_status":"closed","template":"","meta":[],"language":[1656,1539],"product_cat":[1504],"product_tag":[1711,1934,1652,1654,1651],"class_list":{"0":"post-18020","1":"product","2":"type-product","3":"status-publish","4":"has-post-thumbnail","6":"language-fr-es","7":"language-nl-es","8":"product_cat-peso","9":"product_tag-autocontrol","10":"product_tag-azucar","11":"product_tag-bienestar","12":"product_tag-dieta-es","13":"product_tag-salud","14":"pa_languages-frances-es","15":"pa_languages-holandes-es","16":"pa_languages-portugues-brasil-es","18":"entry","19":"has-media","21":"first","22":"instock","23":"purchasable","24":"product-type-variable","25":"has-product-nav","26":"col","27":"span_1_of_4","28":"owp-content-center","29":"owp-thumbs-layout-horizontal","30":"owp-btn-big","31":"owp-tabs-layout-vertical","32":"has-no-thumbnails"},"acf":[],"aioseo_notices":[],"_links":{"self":[{"href":"https:\/\/audiohypnosis.online\/es\/wp-json\/wp\/v2\/product\/18020","targetHints":{"allow":["GET"]}}],"collection":[{"href":"https:\/\/audiohypnosis.online\/es\/wp-json\/wp\/v2\/product"}],"about":[{"href":"https:\/\/audiohypnosis.online\/es\/wp-json\/wp\/v2\/types\/product"}],"replies":[{"embeddable":true,"href":"https:\/\/audiohypnosis.online\/es\/wp-json\/wp\/v2\/comments?post=18020"}],"version-history":[{"count":0,"href":"https:\/\/audiohypnosis.online\/es\/wp-json\/wp\/v2\/product\/18020\/revisions"}],"wp:featuredmedia":[{"embeddable":true,"href":"https:\/\/audiohypnosis.online\/es\/wp-json\/wp\/v2\/media\/14107"}],"wp:attachment":[{"href":"https:\/\/audiohypnosis.online\/es\/wp-json\/wp\/v2\/media?parent=18020"}],"wp:term":[{"taxonomy":"language","embeddable":true,"href":"https:\/\/audiohypnosis.online\/es\/wp-json\/wp\/v2\/language?post=18020"},{"taxonomy":"product_cat","embeddable":true,"href":"https:\/\/audiohypnosis.online\/es\/wp-json\/wp\/v2\/product_cat?post=18020"},{"taxonomy":"product_tag","embeddable":true,"href":"https:\/\/audiohypnosis.online\/es\/wp-json\/wp\/v2\/product_tag?post=18020"}],"curies":[{"name":"wp","href":"https:\/\/api.w.org\/{rel}","templated":true}]}}