{"id":17832,"date":"2023-10-14T09:09:09","date_gmt":"2023-10-14T07:09:09","guid":{"rendered":"http:\/\/audiohypnosis.online\/product\/mentalidad-de-ganadora\/"},"modified":"2023-11-23T11:24:43","modified_gmt":"2023-11-23T10:24:43","slug":"una-mentalidad-ganador","status":"publish","type":"product","link":"https:\/\/audiohypnosis.online\/es\/producto\/una-mentalidad-ganador\/","title":{"rendered":"Mentalidad de ganadora"},"content":{"rendered":"<p>\u00danete a las filas de personas de alto rendimiento que han remodelado su futuro con nuestro MP3 de hipnosis. Experimenta el cambio profundo al ganar una autoconfianza inquebrantable, una motivaci\u00f3n mejorada y la resiliencia mental para superar cualquier desaf\u00edo. Con una peque\u00f1a inversi\u00f3n, puedes desbloquear los secretos del \u00e9xito duradero y la realizaci\u00f3n personal.<\/p>\n<p>Haz Clic Aqu\u00ed para Descargar y Embarcarte en Tu Transformaci\u00f3n hacia una Mentalidad Ganadora Hoy Mismo!<\/p>\n","protected":false},"excerpt":{"rendered":"<p>\u00bfEst\u00e1s Listo para Transformar Tu Vida?<\/p>\n<p>Imagina tener la fuerza mental y el enfoque de un campe\u00f3n. El MP3 de Hipnosis &#8220;Mentalidad de Ganador&#8221; est\u00e1 aqu\u00ed para hacer eso realidad. Esta sesi\u00f3n de audio, expertamente elaborada, es m\u00e1s que una herramienta de relajaci\u00f3n \u2013 es un plano para el \u00e9xito.<\/p>\n","protected":false},"featured_media":14119,"comment_status":"closed","ping_status":"closed","template":"","meta":[],"language":[1650,2105,1656,1539,2095],"product_cat":[1524],"product_tag":[1758,1927,1757,1926,1658],"class_list":{"0":"post-17832","1":"product","2":"type-product","3":"status-publish","4":"has-post-thumbnail","6":"language-de-es-2","7":"language-es-es","8":"language-fr-es","9":"language-nl-es","10":"language-en-es","11":"product_cat-auto-mejora","12":"product_tag-confianza","13":"product_tag-exito","14":"product_tag-mejora-personal","15":"product_tag-mentalidad","16":"product_tag-motivacion","17":"pa_languages-aleman","18":"pa_languages-espanol","19":"pa_languages-frances-es","20":"pa_languages-holandes-es","21":"pa_languages-hungaro-es","22":"pa_languages-ingles-es","23":"pa_languages-polaco","24":"pa_languages-portugues-brasil-es","25":"pa_languages-ucraniano-es","27":"entry","28":"has-media","30":"first","31":"instock","32":"purchasable","33":"product-type-variable","34":"has-product-nav","35":"col","36":"span_1_of_4","37":"owp-content-center","38":"owp-thumbs-layout-horizontal","39":"owp-btn-big","40":"owp-tabs-layout-vertical","41":"has-no-thumbnails"},"acf":[],"aioseo_notices":[],"_links":{"self":[{"href":"https:\/\/audiohypnosis.online\/es\/wp-json\/wp\/v2\/product\/17832","targetHints":{"allow":["GET"]}}],"collection":[{"href":"https:\/\/audiohypnosis.online\/es\/wp-json\/wp\/v2\/product"}],"about":[{"href":"https:\/\/audiohypnosis.online\/es\/wp-json\/wp\/v2\/types\/product"}],"replies":[{"embeddable":true,"href":"https:\/\/audiohypnosis.online\/es\/wp-json\/wp\/v2\/comments?post=17832"}],"version-history":[{"count":0,"href":"https:\/\/audiohypnosis.online\/es\/wp-json\/wp\/v2\/product\/17832\/revisions"}],"wp:featuredmedia":[{"embeddable":true,"href":"https:\/\/audiohypnosis.online\/es\/wp-json\/wp\/v2\/media\/14119"}],"wp:attachment":[{"href":"https:\/\/audiohypnosis.online\/es\/wp-json\/wp\/v2\/media?parent=17832"}],"wp:term":[{"taxonomy":"language","embeddable":true,"href":"https:\/\/audiohypnosis.online\/es\/wp-json\/wp\/v2\/language?post=17832"},{"taxonomy":"product_cat","embeddable":true,"href":"https:\/\/audiohypnosis.online\/es\/wp-json\/wp\/v2\/product_cat?post=17832"},{"taxonomy":"product_tag","embeddable":true,"href":"https:\/\/audiohypnosis.online\/es\/wp-json\/wp\/v2\/product_tag?post=17832"}],"curies":[{"name":"wp","href":"https:\/\/api.w.org\/{rel}","templated":true}]}}