{"id":17590,"date":"2023-10-14T09:09:09","date_gmt":"2023-10-14T07:09:09","guid":{"rendered":"http:\/\/audiohypnosis.online\/product\/el-habito-de-morderse-las-unas\/"},"modified":"2023-10-14T09:09:09","modified_gmt":"2023-10-14T07:09:09","slug":"morderse-las-unas","status":"publish","type":"product","link":"https:\/\/audiohypnosis.online\/es\/producto\/morderse-las-unas\/","title":{"rendered":"El h\u00e1bito de morderse las u\u00f1as"},"content":{"rendered":"<p>\u00bfQuieres dejar el h\u00e1bito de morderte las u\u00f1as? Nuestros MP3s de audio hipnosis pueden ayudarte a ganar control sobre este h\u00e1bito. Tendr\u00e1s acceso a 6 archivos de audio descargables y a un manual de pr\u00e1cticas efectivas.<\/p>\n","protected":false},"excerpt":{"rendered":"<p>\u00bfQuieres dejar de morderte las u\u00f1as?<\/p>\n","protected":false},"featured_media":14137,"comment_status":"closed","ping_status":"closed","template":"","meta":[],"language":[1539,2095],"product_cat":[1518],"product_tag":[1711,1652,1914,1915,1651],"class_list":{"0":"post-17590","1":"product","2":"type-product","3":"status-publish","4":"has-post-thumbnail","6":"language-nl-es","7":"language-en-es","8":"product_cat-malos-habitos","9":"product_tag-autocontrol","10":"product_tag-bienestar","11":"product_tag-habito","12":"product_tag-morderse-las-unas","13":"product_tag-salud","14":"pa_languages-holandes-es","15":"pa_languages-ingles-es","16":"pa_languages-ucraniano-es","18":"entry","19":"has-media","21":"first","22":"instock","23":"purchasable","24":"product-type-variable","25":"has-product-nav","26":"col","27":"span_1_of_4","28":"owp-content-center","29":"owp-thumbs-layout-horizontal","30":"owp-btn-big","31":"owp-tabs-layout-vertical","32":"has-no-thumbnails"},"acf":[],"aioseo_notices":[],"_links":{"self":[{"href":"https:\/\/audiohypnosis.online\/es\/wp-json\/wp\/v2\/product\/17590","targetHints":{"allow":["GET"]}}],"collection":[{"href":"https:\/\/audiohypnosis.online\/es\/wp-json\/wp\/v2\/product"}],"about":[{"href":"https:\/\/audiohypnosis.online\/es\/wp-json\/wp\/v2\/types\/product"}],"replies":[{"embeddable":true,"href":"https:\/\/audiohypnosis.online\/es\/wp-json\/wp\/v2\/comments?post=17590"}],"version-history":[{"count":0,"href":"https:\/\/audiohypnosis.online\/es\/wp-json\/wp\/v2\/product\/17590\/revisions"}],"wp:featuredmedia":[{"embeddable":true,"href":"https:\/\/audiohypnosis.online\/es\/wp-json\/wp\/v2\/media\/14137"}],"wp:attachment":[{"href":"https:\/\/audiohypnosis.online\/es\/wp-json\/wp\/v2\/media?parent=17590"}],"wp:term":[{"taxonomy":"language","embeddable":true,"href":"https:\/\/audiohypnosis.online\/es\/wp-json\/wp\/v2\/language?post=17590"},{"taxonomy":"product_cat","embeddable":true,"href":"https:\/\/audiohypnosis.online\/es\/wp-json\/wp\/v2\/product_cat?post=17590"},{"taxonomy":"product_tag","embeddable":true,"href":"https:\/\/audiohypnosis.online\/es\/wp-json\/wp\/v2\/product_tag?post=17590"}],"curies":[{"name":"wp","href":"https:\/\/api.w.org\/{rel}","templated":true}]}}