{"id":17422,"date":"2023-10-14T09:09:13","date_gmt":"2023-10-14T07:09:13","guid":{"rendered":"http:\/\/audiohypnosis.online\/product\/ataques-de-panico\/"},"modified":"2023-10-14T09:09:13","modified_gmt":"2023-10-14T07:09:13","slug":"ataques-de-panico","status":"publish","type":"product","link":"https:\/\/audiohypnosis.online\/es\/producto\/ataques-de-panico\/","title":{"rendered":"Ataques de p\u00e1nico"},"content":{"rendered":"<p>\u00bfTiene ataques de p\u00e1nico? Nuestras sesiones de audio hipnosis se centran en el alivio del estr\u00e9s y el bienestar emocional. Tendr\u00e1 acceso a 6 archivos de audio descargables y a un manual que le guiar\u00e1n hacia una vida m\u00e1s tranquila.<\/p>\n","protected":false},"excerpt":{"rendered":"<p>\u00bfSufres ataques de p\u00e1nico?<\/p>\n","protected":false},"featured_media":14155,"comment_status":"closed","ping_status":"closed","template":"","meta":[],"language":[1656,1539],"product_cat":[1520],"product_tag":[1688,1905,1804,1710,1616],"class_list":{"0":"post-17422","1":"product","2":"type-product","3":"status-publish","4":"has-post-thumbnail","6":"language-fr-es","7":"language-nl-es","8":"product_cat-miedos-y-fobias","9":"product_tag-alivio","10":"product_tag-ataques-de-panico","11":"product_tag-bienestar-emocional","12":"product_tag-estres","13":"product_tag-lek-es","14":"pa_languages-frances-es","15":"pa_languages-holandes-es","17":"entry","18":"has-media","20":"first","21":"instock","22":"purchasable","23":"product-type-variable","24":"has-product-nav","25":"col","26":"span_1_of_4","27":"owp-content-center","28":"owp-thumbs-layout-horizontal","29":"owp-btn-big","30":"owp-tabs-layout-vertical","31":"has-no-thumbnails"},"acf":[],"aioseo_notices":[],"_links":{"self":[{"href":"https:\/\/audiohypnosis.online\/es\/wp-json\/wp\/v2\/product\/17422","targetHints":{"allow":["GET"]}}],"collection":[{"href":"https:\/\/audiohypnosis.online\/es\/wp-json\/wp\/v2\/product"}],"about":[{"href":"https:\/\/audiohypnosis.online\/es\/wp-json\/wp\/v2\/types\/product"}],"replies":[{"embeddable":true,"href":"https:\/\/audiohypnosis.online\/es\/wp-json\/wp\/v2\/comments?post=17422"}],"version-history":[{"count":0,"href":"https:\/\/audiohypnosis.online\/es\/wp-json\/wp\/v2\/product\/17422\/revisions"}],"wp:featuredmedia":[{"embeddable":true,"href":"https:\/\/audiohypnosis.online\/es\/wp-json\/wp\/v2\/media\/14155"}],"wp:attachment":[{"href":"https:\/\/audiohypnosis.online\/es\/wp-json\/wp\/v2\/media?parent=17422"}],"wp:term":[{"taxonomy":"language","embeddable":true,"href":"https:\/\/audiohypnosis.online\/es\/wp-json\/wp\/v2\/language?post=17422"},{"taxonomy":"product_cat","embeddable":true,"href":"https:\/\/audiohypnosis.online\/es\/wp-json\/wp\/v2\/product_cat?post=17422"},{"taxonomy":"product_tag","embeddable":true,"href":"https:\/\/audiohypnosis.online\/es\/wp-json\/wp\/v2\/product_tag?post=17422"}],"curies":[{"name":"wp","href":"https:\/\/api.w.org\/{rel}","templated":true}]}}