{"id":171599,"date":"2024-04-04T16:40:23","date_gmt":"2024-04-04T14:40:23","guid":{"rendered":"https:\/\/audiohypnosis.online\/?post_type=product&#038;p=171599"},"modified":"2024-06-05T12:13:09","modified_gmt":"2024-06-05T10:13:09","slug":"reducir-las-drogas","status":"publish","type":"product","link":"https:\/\/audiohypnosis.online\/es\/producto\/reducir-las-drogas\/","title":{"rendered":"Reducir las drogas"},"content":{"rendered":"<p>Comienza tu camino hacia un estilo de vida m\u00e1s saludable con nuestros MP3 de Hipnosis Auditiva. Recibir\u00e1s seis pistas de audio y un manual detallado para su utilizaci\u00f3n efectiva.<\/p>\n","protected":false},"excerpt":{"rendered":"<p>Toma control de tus decisiones y encara cada d\u00eda con determinaci\u00f3n y energ\u00eda renovadas para crear un cambio positivo.<\/p>\n","protected":false},"featured_media":168899,"comment_status":"closed","ping_status":"closed","template":"","meta":[],"language":[1650],"product_cat":[1517],"product_tag":[1806,1926],"class_list":{"0":"post-171599","1":"product","2":"type-product","3":"status-publish","4":"has-post-thumbnail","6":"language-de-es-2","7":"product_cat-adicciones","8":"product_tag-curacion","9":"product_tag-mentalidad","10":"pa_languages-aleman","12":"entry","13":"has-media","15":"first","16":"instock","17":"shipping-taxable","18":"purchasable","19":"product-type-variable","20":"has-product-nav","21":"col","22":"span_1_of_4","23":"owp-content-center","24":"owp-thumbs-layout-horizontal","25":"owp-btn-big","26":"owp-tabs-layout-vertical","27":"has-no-thumbnails"},"acf":[],"aioseo_notices":[],"_links":{"self":[{"href":"https:\/\/audiohypnosis.online\/es\/wp-json\/wp\/v2\/product\/171599","targetHints":{"allow":["GET"]}}],"collection":[{"href":"https:\/\/audiohypnosis.online\/es\/wp-json\/wp\/v2\/product"}],"about":[{"href":"https:\/\/audiohypnosis.online\/es\/wp-json\/wp\/v2\/types\/product"}],"replies":[{"embeddable":true,"href":"https:\/\/audiohypnosis.online\/es\/wp-json\/wp\/v2\/comments?post=171599"}],"version-history":[{"count":1,"href":"https:\/\/audiohypnosis.online\/es\/wp-json\/wp\/v2\/product\/171599\/revisions"}],"predecessor-version":[{"id":171601,"href":"https:\/\/audiohypnosis.online\/es\/wp-json\/wp\/v2\/product\/171599\/revisions\/171601"}],"wp:featuredmedia":[{"embeddable":true,"href":"https:\/\/audiohypnosis.online\/es\/wp-json\/wp\/v2\/media\/168899"}],"wp:attachment":[{"href":"https:\/\/audiohypnosis.online\/es\/wp-json\/wp\/v2\/media?parent=171599"}],"wp:term":[{"taxonomy":"language","embeddable":true,"href":"https:\/\/audiohypnosis.online\/es\/wp-json\/wp\/v2\/language?post=171599"},{"taxonomy":"product_cat","embeddable":true,"href":"https:\/\/audiohypnosis.online\/es\/wp-json\/wp\/v2\/product_cat?post=171599"},{"taxonomy":"product_tag","embeddable":true,"href":"https:\/\/audiohypnosis.online\/es\/wp-json\/wp\/v2\/product_tag?post=171599"}],"curies":[{"name":"wp","href":"https:\/\/api.w.org\/{rel}","templated":true}]}}