{"id":171554,"date":"2024-04-04T17:33:14","date_gmt":"2024-04-04T15:33:14","guid":{"rendered":"https:\/\/audiohypnosis.online\/?post_type=product&#038;p=171554"},"modified":"2024-05-30T13:01:00","modified_gmt":"2024-05-30T11:01:00","slug":"gestiona-el-estres-laboral","status":"publish","type":"product","link":"https:\/\/audiohypnosis.online\/es\/producto\/gestiona-el-estres-laboral\/","title":{"rendered":"Gestiona el estr\u00e9s laboral"},"content":{"rendered":"<p>Sum\u00e9rgete en nuestros MP3 de hipnosis auditiva dise\u00f1ados para ayudar a gestionar el estr\u00e9s en el trabajo. Este paquete incluye seis MP3 de audio y un manual para su aplicaci\u00f3n pr\u00e1ctica.<\/p>\n","protected":false},"excerpt":{"rendered":"<p>Enfrenta cada d\u00eda laboral con renovada determinaci\u00f3n y energ\u00eda.<\/p>\n","protected":false},"featured_media":168871,"comment_status":"closed","ping_status":"closed","template":"","meta":[],"language":[1650],"product_cat":[1519],"product_tag":[1926],"class_list":{"0":"post-171554","1":"product","2":"type-product","3":"status-publish","4":"has-post-thumbnail","6":"language-de-es-2","7":"product_cat-bienestar-emocional","8":"product_tag-mentalidad","9":"pa_languages-aleman","11":"entry","12":"has-media","14":"first","15":"instock","16":"shipping-taxable","17":"purchasable","18":"product-type-variable","19":"has-product-nav","20":"col","21":"span_1_of_4","22":"owp-content-center","23":"owp-thumbs-layout-horizontal","24":"owp-btn-big","25":"owp-tabs-layout-vertical","26":"has-no-thumbnails"},"acf":[],"aioseo_notices":[],"_links":{"self":[{"href":"https:\/\/audiohypnosis.online\/es\/wp-json\/wp\/v2\/product\/171554","targetHints":{"allow":["GET"]}}],"collection":[{"href":"https:\/\/audiohypnosis.online\/es\/wp-json\/wp\/v2\/product"}],"about":[{"href":"https:\/\/audiohypnosis.online\/es\/wp-json\/wp\/v2\/types\/product"}],"replies":[{"embeddable":true,"href":"https:\/\/audiohypnosis.online\/es\/wp-json\/wp\/v2\/comments?post=171554"}],"version-history":[{"count":1,"href":"https:\/\/audiohypnosis.online\/es\/wp-json\/wp\/v2\/product\/171554\/revisions"}],"predecessor-version":[{"id":171556,"href":"https:\/\/audiohypnosis.online\/es\/wp-json\/wp\/v2\/product\/171554\/revisions\/171556"}],"wp:featuredmedia":[{"embeddable":true,"href":"https:\/\/audiohypnosis.online\/es\/wp-json\/wp\/v2\/media\/168871"}],"wp:attachment":[{"href":"https:\/\/audiohypnosis.online\/es\/wp-json\/wp\/v2\/media?parent=171554"}],"wp:term":[{"taxonomy":"language","embeddable":true,"href":"https:\/\/audiohypnosis.online\/es\/wp-json\/wp\/v2\/language?post=171554"},{"taxonomy":"product_cat","embeddable":true,"href":"https:\/\/audiohypnosis.online\/es\/wp-json\/wp\/v2\/product_cat?post=171554"},{"taxonomy":"product_tag","embeddable":true,"href":"https:\/\/audiohypnosis.online\/es\/wp-json\/wp\/v2\/product_tag?post=171554"}],"curies":[{"name":"wp","href":"https:\/\/api.w.org\/{rel}","templated":true}]}}