{"id":171517,"date":"2024-04-04T13:08:33","date_gmt":"2024-04-04T11:08:33","guid":{"rendered":"https:\/\/audiohypnosis.online\/?post_type=product&#038;p=171517"},"modified":"2024-05-30T12:26:44","modified_gmt":"2024-05-30T10:26:44","slug":"deten-el-abuso-de-drogas-completamente","status":"publish","type":"product","link":"https:\/\/audiohypnosis.online\/es\/producto\/deten-el-abuso-de-drogas-completamente\/","title":{"rendered":"Det\u00e9n el abuso de drogas (Completamente)"},"content":{"rendered":"<p>Sum\u00e9rgete en nuestro surtido de MP3 de hipnosis auditiva dise\u00f1ados para ayudar a liberarte completamente del uso de drogas. Inicia tu camino hacia la sobriedad con nuestro paquete de 6 pistas de audio y un manual para su uso efectivo.<\/p>\n","protected":false},"excerpt":{"rendered":"<p>Supera la adicci\u00f3n y abraza un estilo de vida m\u00e1s saludable y libre de drogas.<\/p>\n","protected":false},"featured_media":168913,"comment_status":"closed","ping_status":"closed","template":"","meta":[],"language":[1650],"product_cat":[1517],"product_tag":[1926],"class_list":{"0":"post-171517","1":"product","2":"type-product","3":"status-publish","4":"has-post-thumbnail","6":"language-de-es-2","7":"product_cat-adicciones","8":"product_tag-mentalidad","9":"pa_languages-aleman","11":"entry","12":"has-media","14":"first","15":"instock","16":"shipping-taxable","17":"purchasable","18":"product-type-variable","19":"has-product-nav","20":"col","21":"span_1_of_4","22":"owp-content-center","23":"owp-thumbs-layout-horizontal","24":"owp-btn-big","25":"owp-tabs-layout-vertical","26":"has-no-thumbnails"},"acf":[],"aioseo_notices":[],"_links":{"self":[{"href":"https:\/\/audiohypnosis.online\/es\/wp-json\/wp\/v2\/product\/171517","targetHints":{"allow":["GET"]}}],"collection":[{"href":"https:\/\/audiohypnosis.online\/es\/wp-json\/wp\/v2\/product"}],"about":[{"href":"https:\/\/audiohypnosis.online\/es\/wp-json\/wp\/v2\/types\/product"}],"replies":[{"embeddable":true,"href":"https:\/\/audiohypnosis.online\/es\/wp-json\/wp\/v2\/comments?post=171517"}],"version-history":[{"count":1,"href":"https:\/\/audiohypnosis.online\/es\/wp-json\/wp\/v2\/product\/171517\/revisions"}],"predecessor-version":[{"id":171519,"href":"https:\/\/audiohypnosis.online\/es\/wp-json\/wp\/v2\/product\/171517\/revisions\/171519"}],"wp:featuredmedia":[{"embeddable":true,"href":"https:\/\/audiohypnosis.online\/es\/wp-json\/wp\/v2\/media\/168913"}],"wp:attachment":[{"href":"https:\/\/audiohypnosis.online\/es\/wp-json\/wp\/v2\/media?parent=171517"}],"wp:term":[{"taxonomy":"language","embeddable":true,"href":"https:\/\/audiohypnosis.online\/es\/wp-json\/wp\/v2\/language?post=171517"},{"taxonomy":"product_cat","embeddable":true,"href":"https:\/\/audiohypnosis.online\/es\/wp-json\/wp\/v2\/product_cat?post=171517"},{"taxonomy":"product_tag","embeddable":true,"href":"https:\/\/audiohypnosis.online\/es\/wp-json\/wp\/v2\/product_tag?post=171517"}],"curies":[{"name":"wp","href":"https:\/\/api.w.org\/{rel}","templated":true}]}}