{"id":17148,"date":"2023-10-14T09:09:13","date_gmt":"2023-10-14T07:09:13","guid":{"rendered":"http:\/\/audiohypnosis.online\/product\/estres-ante-el-examen-de-conducir\/"},"modified":"2023-10-14T09:09:13","modified_gmt":"2023-10-14T07:09:13","slug":"estres-por-el-examen-de-conducir","status":"publish","type":"product","link":"https:\/\/audiohypnosis.online\/es\/producto\/estres-por-el-examen-de-conducir\/","title":{"rendered":"Estr\u00e9s ante el examen de conducir"},"content":{"rendered":"<p>\u00bfNervioso por tu pr\u00f3ximo examen de conducir? Nuestras sesiones de audio hipnosis est\u00e1n dise\u00f1adas para aliviar el estr\u00e9s y mejorar la concentraci\u00f3n. Recibir\u00e1 6 archivos de audio descargables y un manual para obtener los mejores resultados.<\/p>\n","protected":false},"excerpt":{"rendered":"<p>\u00bfNervioso por el examen de conducir?<\/p>\n","protected":false},"featured_media":14185,"comment_status":"closed","ping_status":"closed","template":"","meta":[],"language":[1650,1656,1539],"product_cat":[1524],"product_tag":[1804,1848,1710,1849,1616],"class_list":{"0":"post-17148","1":"product","2":"type-product","3":"status-publish","4":"has-post-thumbnail","6":"language-de-es-2","7":"language-fr-es","8":"language-nl-es","9":"product_cat-auto-mejora","10":"product_tag-bienestar-emocional","11":"product_tag-concentrate","12":"product_tag-estres","13":"product_tag-estres-por-el-examen-de-conducir","14":"product_tag-lek-es","15":"pa_languages-aleman","16":"pa_languages-frances-es","17":"pa_languages-holandes-es","18":"pa_languages-portugues-brasil-es","19":"pa_languages-ucraniano-es","21":"entry","22":"has-media","24":"first","25":"instock","26":"purchasable","27":"product-type-variable","28":"has-product-nav","29":"col","30":"span_1_of_4","31":"owp-content-center","32":"owp-thumbs-layout-horizontal","33":"owp-btn-big","34":"owp-tabs-layout-vertical","35":"has-no-thumbnails"},"acf":[],"aioseo_notices":[],"_links":{"self":[{"href":"https:\/\/audiohypnosis.online\/es\/wp-json\/wp\/v2\/product\/17148","targetHints":{"allow":["GET"]}}],"collection":[{"href":"https:\/\/audiohypnosis.online\/es\/wp-json\/wp\/v2\/product"}],"about":[{"href":"https:\/\/audiohypnosis.online\/es\/wp-json\/wp\/v2\/types\/product"}],"replies":[{"embeddable":true,"href":"https:\/\/audiohypnosis.online\/es\/wp-json\/wp\/v2\/comments?post=17148"}],"version-history":[{"count":0,"href":"https:\/\/audiohypnosis.online\/es\/wp-json\/wp\/v2\/product\/17148\/revisions"}],"wp:featuredmedia":[{"embeddable":true,"href":"https:\/\/audiohypnosis.online\/es\/wp-json\/wp\/v2\/media\/14185"}],"wp:attachment":[{"href":"https:\/\/audiohypnosis.online\/es\/wp-json\/wp\/v2\/media?parent=17148"}],"wp:term":[{"taxonomy":"language","embeddable":true,"href":"https:\/\/audiohypnosis.online\/es\/wp-json\/wp\/v2\/language?post=17148"},{"taxonomy":"product_cat","embeddable":true,"href":"https:\/\/audiohypnosis.online\/es\/wp-json\/wp\/v2\/product_cat?post=17148"},{"taxonomy":"product_tag","embeddable":true,"href":"https:\/\/audiohypnosis.online\/es\/wp-json\/wp\/v2\/product_tag?post=17148"}],"curies":[{"name":"wp","href":"https:\/\/api.w.org\/{rel}","templated":true}]}}