{"id":171356,"date":"2024-04-04T11:00:32","date_gmt":"2024-04-04T09:00:32","guid":{"rendered":"https:\/\/audiohypnosis.online\/?post_type=product&#038;p=171356"},"modified":"2024-05-03T12:50:37","modified_gmt":"2024-05-03T10:50:37","slug":"despertarse-refrescado","status":"publish","type":"product","link":"https:\/\/audiohypnosis.online\/es\/producto\/despertarse-refrescado\/","title":{"rendered":"Despertarse Refrescado"},"content":{"rendered":"<p>Comienza hoy tu viaje hacia noches tranquilas con nuestro paquete completo, que incluye seis pistas de audio y un manual detallado para un uso efectivo.<\/p>\n","protected":false},"excerpt":{"rendered":"<p>Mejora la calidad de tu sue\u00f1o y recibe cada ma\u00f1ana sinti\u00e9ndote rejuvenecido y listo para conquistar el d\u00eda.<\/p>\n","protected":false},"featured_media":168885,"comment_status":"closed","ping_status":"closed","template":"","meta":[],"language":[1650],"product_cat":[1522,1526],"product_tag":[1652,1651],"class_list":{"0":"post-171356","1":"product","2":"type-product","3":"status-publish","4":"has-post-thumbnail","6":"language-de-es-2","7":"product_cat-salud-y-bienestar","8":"product_cat-sueno","9":"product_tag-bienestar","10":"product_tag-salud","11":"pa_languages-aleman","13":"entry","14":"has-media","16":"first","17":"instock","18":"shipping-taxable","19":"purchasable","20":"product-type-variable","21":"has-product-nav","22":"col","23":"span_1_of_4","24":"owp-content-center","25":"owp-thumbs-layout-horizontal","26":"owp-btn-big","27":"owp-tabs-layout-vertical","28":"has-no-thumbnails"},"acf":[],"aioseo_notices":[],"_links":{"self":[{"href":"https:\/\/audiohypnosis.online\/es\/wp-json\/wp\/v2\/product\/171356","targetHints":{"allow":["GET"]}}],"collection":[{"href":"https:\/\/audiohypnosis.online\/es\/wp-json\/wp\/v2\/product"}],"about":[{"href":"https:\/\/audiohypnosis.online\/es\/wp-json\/wp\/v2\/types\/product"}],"replies":[{"embeddable":true,"href":"https:\/\/audiohypnosis.online\/es\/wp-json\/wp\/v2\/comments?post=171356"}],"version-history":[{"count":1,"href":"https:\/\/audiohypnosis.online\/es\/wp-json\/wp\/v2\/product\/171356\/revisions"}],"predecessor-version":[{"id":171358,"href":"https:\/\/audiohypnosis.online\/es\/wp-json\/wp\/v2\/product\/171356\/revisions\/171358"}],"wp:featuredmedia":[{"embeddable":true,"href":"https:\/\/audiohypnosis.online\/es\/wp-json\/wp\/v2\/media\/168885"}],"wp:attachment":[{"href":"https:\/\/audiohypnosis.online\/es\/wp-json\/wp\/v2\/media?parent=171356"}],"wp:term":[{"taxonomy":"language","embeddable":true,"href":"https:\/\/audiohypnosis.online\/es\/wp-json\/wp\/v2\/language?post=171356"},{"taxonomy":"product_cat","embeddable":true,"href":"https:\/\/audiohypnosis.online\/es\/wp-json\/wp\/v2\/product_cat?post=171356"},{"taxonomy":"product_tag","embeddable":true,"href":"https:\/\/audiohypnosis.online\/es\/wp-json\/wp\/v2\/product_tag?post=171356"}],"curies":[{"name":"wp","href":"https:\/\/api.w.org\/{rel}","templated":true}]}}