{"id":171101,"date":"2024-04-03T13:06:25","date_gmt":"2024-04-03T11:06:25","guid":{"rendered":"https:\/\/audiohypnosis.online\/?post_type=product&#038;p=171101"},"modified":"2024-04-23T13:01:51","modified_gmt":"2024-04-23T11:01:51","slug":"satisfaccion-sexual","status":"publish","type":"product","link":"https:\/\/audiohypnosis.online\/es\/producto\/satisfaccion-sexual\/","title":{"rendered":"Satisfacci\u00f3n Sexual"},"content":{"rendered":"<p>Eleva tus experiencias \u00edntimas y aprovecha la oportunidad de superar tus deseos m\u00e1s salvajes. Nuestro paquete incluye seis pistas de audio complementadas con un manual completo, asegurando la m\u00e1xima satisfacci\u00f3n.<\/p>\n","protected":false},"excerpt":{"rendered":"<p>\u00bfQuieres lograr una relaci\u00f3n m\u00e1s placentera y una mejor vida sexual?<\/p>\n","protected":false},"featured_media":168841,"comment_status":"closed","ping_status":"closed","template":"","meta":[],"language":[1650,1539],"product_cat":[1525],"product_tag":[2019],"class_list":{"0":"post-171101","1":"product","2":"type-product","3":"status-publish","4":"has-post-thumbnail","6":"language-de-es-2","7":"language-nl-es","8":"product_cat-sexualidad","9":"product_tag-deseo","10":"pa_languages-aleman","11":"pa_languages-holandes-es","13":"entry","14":"has-media","16":"first","17":"instock","18":"shipping-taxable","19":"purchasable","20":"product-type-variable","21":"has-product-nav","22":"col","23":"span_1_of_4","24":"owp-content-center","25":"owp-thumbs-layout-horizontal","26":"owp-btn-big","27":"owp-tabs-layout-vertical","28":"has-no-thumbnails"},"acf":[],"aioseo_notices":[],"_links":{"self":[{"href":"https:\/\/audiohypnosis.online\/es\/wp-json\/wp\/v2\/product\/171101","targetHints":{"allow":["GET"]}}],"collection":[{"href":"https:\/\/audiohypnosis.online\/es\/wp-json\/wp\/v2\/product"}],"about":[{"href":"https:\/\/audiohypnosis.online\/es\/wp-json\/wp\/v2\/types\/product"}],"replies":[{"embeddable":true,"href":"https:\/\/audiohypnosis.online\/es\/wp-json\/wp\/v2\/comments?post=171101"}],"version-history":[{"count":1,"href":"https:\/\/audiohypnosis.online\/es\/wp-json\/wp\/v2\/product\/171101\/revisions"}],"predecessor-version":[{"id":171104,"href":"https:\/\/audiohypnosis.online\/es\/wp-json\/wp\/v2\/product\/171101\/revisions\/171104"}],"wp:featuredmedia":[{"embeddable":true,"href":"https:\/\/audiohypnosis.online\/es\/wp-json\/wp\/v2\/media\/168841"}],"wp:attachment":[{"href":"https:\/\/audiohypnosis.online\/es\/wp-json\/wp\/v2\/media?parent=171101"}],"wp:term":[{"taxonomy":"language","embeddable":true,"href":"https:\/\/audiohypnosis.online\/es\/wp-json\/wp\/v2\/language?post=171101"},{"taxonomy":"product_cat","embeddable":true,"href":"https:\/\/audiohypnosis.online\/es\/wp-json\/wp\/v2\/product_cat?post=171101"},{"taxonomy":"product_tag","embeddable":true,"href":"https:\/\/audiohypnosis.online\/es\/wp-json\/wp\/v2\/product_tag?post=171101"}],"curies":[{"name":"wp","href":"https:\/\/api.w.org\/{rel}","templated":true}]}}