{"id":171044,"date":"2024-03-18T15:36:16","date_gmt":"2024-03-18T14:36:16","guid":{"rendered":"https:\/\/audiohypnosis.online\/?post_type=product&#038;p=171044"},"modified":"2024-04-19T11:03:24","modified_gmt":"2024-04-19T09:03:24","slug":"mejor-enfoque-y-concentracion","status":"publish","type":"product","link":"https:\/\/audiohypnosis.online\/es\/producto\/mejor-enfoque-y-concentracion\/","title":{"rendered":"Mejor Enfoque y Concentraci\u00f3n"},"content":{"rendered":"<p>Embarca hoy en el camino hacia un enfoque mejorado. Nuestro paquete incluye seis pistas de audio cuidadosamente dise\u00f1adas acompa\u00f1adas de un manual, asegurando el m\u00e1ximo aumento de la concentraci\u00f3n.<\/p>\n","protected":false},"excerpt":{"rendered":"<p>\u00bfQuieres ampliar tu concentraci\u00f3n?<\/p>\n","protected":false},"featured_media":166145,"comment_status":"closed","ping_status":"closed","template":"","meta":[],"language":[1650,1656,1539],"product_cat":[1524],"product_tag":[],"class_list":{"0":"post-171044","1":"product","2":"type-product","3":"status-publish","4":"has-post-thumbnail","6":"language-de-es-2","7":"language-fr-es","8":"language-nl-es","9":"product_cat-auto-mejora","10":"pa_languages-aleman","11":"pa_languages-frances-es","12":"pa_languages-holandes-es","14":"entry","15":"has-media","17":"first","18":"instock","19":"shipping-taxable","20":"purchasable","21":"product-type-variable","22":"has-product-nav","23":"col","24":"span_1_of_4","25":"owp-content-center","26":"owp-thumbs-layout-horizontal","27":"owp-btn-big","28":"owp-tabs-layout-vertical","29":"has-no-thumbnails"},"acf":[],"aioseo_notices":[],"_links":{"self":[{"href":"https:\/\/audiohypnosis.online\/es\/wp-json\/wp\/v2\/product\/171044","targetHints":{"allow":["GET"]}}],"collection":[{"href":"https:\/\/audiohypnosis.online\/es\/wp-json\/wp\/v2\/product"}],"about":[{"href":"https:\/\/audiohypnosis.online\/es\/wp-json\/wp\/v2\/types\/product"}],"replies":[{"embeddable":true,"href":"https:\/\/audiohypnosis.online\/es\/wp-json\/wp\/v2\/comments?post=171044"}],"version-history":[{"count":1,"href":"https:\/\/audiohypnosis.online\/es\/wp-json\/wp\/v2\/product\/171044\/revisions"}],"predecessor-version":[{"id":171048,"href":"https:\/\/audiohypnosis.online\/es\/wp-json\/wp\/v2\/product\/171044\/revisions\/171048"}],"wp:featuredmedia":[{"embeddable":true,"href":"https:\/\/audiohypnosis.online\/es\/wp-json\/wp\/v2\/media\/166145"}],"wp:attachment":[{"href":"https:\/\/audiohypnosis.online\/es\/wp-json\/wp\/v2\/media?parent=171044"}],"wp:term":[{"taxonomy":"language","embeddable":true,"href":"https:\/\/audiohypnosis.online\/es\/wp-json\/wp\/v2\/language?post=171044"},{"taxonomy":"product_cat","embeddable":true,"href":"https:\/\/audiohypnosis.online\/es\/wp-json\/wp\/v2\/product_cat?post=171044"},{"taxonomy":"product_tag","embeddable":true,"href":"https:\/\/audiohypnosis.online\/es\/wp-json\/wp\/v2\/product_tag?post=171044"}],"curies":[{"name":"wp","href":"https:\/\/api.w.org\/{rel}","templated":true}]}}