{"id":170984,"date":"2024-03-18T13:38:35","date_gmt":"2024-03-18T12:38:35","guid":{"rendered":"https:\/\/audiohypnosis.online\/?post_type=product&#038;p=170984"},"modified":"2024-04-19T10:34:10","modified_gmt":"2024-04-19T08:34:10","slug":"rendimiento-optimo","status":"publish","type":"product","link":"https:\/\/audiohypnosis.online\/es\/producto\/rendimiento-optimo\/","title":{"rendered":"Rendimiento \u00d3ptimo"},"content":{"rendered":"<p>Ad\u00e9ntrate en nuestra colecci\u00f3n de MP3 de hipnosis auditiva dise\u00f1ados para mejorar tu concentraci\u00f3n, habilidades y eficiencia general. Comienza hoy tu camino hacia el m\u00e1ximo rendimiento. Nuestro paquete incluye seis archivos de audio meticulosamente elaborados junto con un manual, asegurando resultados m\u00e1ximos.<\/p>\n","protected":false},"excerpt":{"rendered":"<p>Eleva tu rendimiento \u2013 aprovecha la oportunidad de superar tus aspiraciones.<\/p>\n","protected":false},"featured_media":166159,"comment_status":"closed","ping_status":"closed","template":"","meta":[],"language":[1650,1656,1539],"product_cat":[1524],"product_tag":[],"class_list":{"0":"post-170984","1":"product","2":"type-product","3":"status-publish","4":"has-post-thumbnail","6":"language-de-es-2","7":"language-fr-es","8":"language-nl-es","9":"product_cat-auto-mejora","10":"pa_languages-aleman","11":"pa_languages-frances-es","12":"pa_languages-holandes-es","14":"entry","15":"has-media","17":"first","18":"instock","19":"shipping-taxable","20":"purchasable","21":"product-type-variable","22":"has-product-nav","23":"col","24":"span_1_of_4","25":"owp-content-center","26":"owp-thumbs-layout-horizontal","27":"owp-btn-big","28":"owp-tabs-layout-vertical","29":"has-no-thumbnails"},"acf":[],"aioseo_notices":[],"_links":{"self":[{"href":"https:\/\/audiohypnosis.online\/es\/wp-json\/wp\/v2\/product\/170984","targetHints":{"allow":["GET"]}}],"collection":[{"href":"https:\/\/audiohypnosis.online\/es\/wp-json\/wp\/v2\/product"}],"about":[{"href":"https:\/\/audiohypnosis.online\/es\/wp-json\/wp\/v2\/types\/product"}],"replies":[{"embeddable":true,"href":"https:\/\/audiohypnosis.online\/es\/wp-json\/wp\/v2\/comments?post=170984"}],"version-history":[{"count":1,"href":"https:\/\/audiohypnosis.online\/es\/wp-json\/wp\/v2\/product\/170984\/revisions"}],"predecessor-version":[{"id":170988,"href":"https:\/\/audiohypnosis.online\/es\/wp-json\/wp\/v2\/product\/170984\/revisions\/170988"}],"wp:featuredmedia":[{"embeddable":true,"href":"https:\/\/audiohypnosis.online\/es\/wp-json\/wp\/v2\/media\/166159"}],"wp:attachment":[{"href":"https:\/\/audiohypnosis.online\/es\/wp-json\/wp\/v2\/media?parent=170984"}],"wp:term":[{"taxonomy":"language","embeddable":true,"href":"https:\/\/audiohypnosis.online\/es\/wp-json\/wp\/v2\/language?post=170984"},{"taxonomy":"product_cat","embeddable":true,"href":"https:\/\/audiohypnosis.online\/es\/wp-json\/wp\/v2\/product_cat?post=170984"},{"taxonomy":"product_tag","embeddable":true,"href":"https:\/\/audiohypnosis.online\/es\/wp-json\/wp\/v2\/product_tag?post=170984"}],"curies":[{"name":"wp","href":"https:\/\/api.w.org\/{rel}","templated":true}]}}