{"id":17097,"date":"2023-10-14T09:09:13","date_gmt":"2023-10-14T07:09:13","guid":{"rendered":"http:\/\/audiohypnosis.online\/product\/en-duelo\/"},"modified":"2023-10-14T09:09:13","modified_gmt":"2023-10-14T07:09:13","slug":"duelo","status":"publish","type":"product","link":"https:\/\/audiohypnosis.online\/es\/producto\/duelo\/","title":{"rendered":"En duelo"},"content":{"rendered":"<p>\u00bfEst\u00e1s sufriendo una p\u00e9rdida? Nuestras sesiones de audio hipnosis ofrecen apoyo emocional y curaci\u00f3n. El paquete incluye 6 MP3 de audio diferentes y un manual de pr\u00e1cticas eficaces.<\/p>\n","protected":false},"excerpt":{"rendered":"<p>\u00bfProblemas con el proceso de duelo?<\/p>\n","protected":false},"featured_media":14191,"comment_status":"closed","ping_status":"closed","template":"","meta":[],"language":[1656,1539],"product_cat":[1519],"product_tag":[1833,1804,1806,1831,1832],"class_list":{"0":"post-17097","1":"product","2":"type-product","3":"status-publish","4":"has-post-thumbnail","6":"language-fr-es","7":"language-nl-es","8":"product_cat-bienestar-emocional","9":"product_tag-apoyo","10":"product_tag-bienestar-emocional","11":"product_tag-curacion","12":"product_tag-en-duelo","13":"product_tag-perdida","14":"pa_languages-frances-es","15":"pa_languages-holandes-es","17":"entry","18":"has-media","20":"first","21":"instock","22":"purchasable","23":"product-type-variable","24":"has-product-nav","25":"col","26":"span_1_of_4","27":"owp-content-center","28":"owp-thumbs-layout-horizontal","29":"owp-btn-big","30":"owp-tabs-layout-vertical","31":"has-no-thumbnails"},"acf":[],"aioseo_notices":[],"_links":{"self":[{"href":"https:\/\/audiohypnosis.online\/es\/wp-json\/wp\/v2\/product\/17097","targetHints":{"allow":["GET"]}}],"collection":[{"href":"https:\/\/audiohypnosis.online\/es\/wp-json\/wp\/v2\/product"}],"about":[{"href":"https:\/\/audiohypnosis.online\/es\/wp-json\/wp\/v2\/types\/product"}],"replies":[{"embeddable":true,"href":"https:\/\/audiohypnosis.online\/es\/wp-json\/wp\/v2\/comments?post=17097"}],"version-history":[{"count":0,"href":"https:\/\/audiohypnosis.online\/es\/wp-json\/wp\/v2\/product\/17097\/revisions"}],"wp:featuredmedia":[{"embeddable":true,"href":"https:\/\/audiohypnosis.online\/es\/wp-json\/wp\/v2\/media\/14191"}],"wp:attachment":[{"href":"https:\/\/audiohypnosis.online\/es\/wp-json\/wp\/v2\/media?parent=17097"}],"wp:term":[{"taxonomy":"language","embeddable":true,"href":"https:\/\/audiohypnosis.online\/es\/wp-json\/wp\/v2\/language?post=17097"},{"taxonomy":"product_cat","embeddable":true,"href":"https:\/\/audiohypnosis.online\/es\/wp-json\/wp\/v2\/product_cat?post=17097"},{"taxonomy":"product_tag","embeddable":true,"href":"https:\/\/audiohypnosis.online\/es\/wp-json\/wp\/v2\/product_tag?post=17097"}],"curies":[{"name":"wp","href":"https:\/\/api.w.org\/{rel}","templated":true}]}}