{"id":16700,"date":"2023-10-14T09:09:13","date_gmt":"2023-10-14T07:09:13","guid":{"rendered":"http:\/\/audiohypnosis.online\/product\/rechinar-de-dientes\/"},"modified":"2023-10-14T09:09:13","modified_gmt":"2023-10-14T07:09:13","slug":"rechinar-de-dientes","status":"publish","type":"product","link":"https:\/\/audiohypnosis.online\/es\/producto\/rechinar-de-dientes\/","title":{"rendered":"Rechinar de dientes"},"content":{"rendered":"<p>\u00bfTe cuesta rechinar los dientes? Nuestras sesiones de audio hipnosis se centran en ayudarte a controlar este h\u00e1bito. Tendr\u00e1s acceso a 6 archivos de audio descargables y a un manual de buenas pr\u00e1cticas.<\/p>\n","protected":false},"excerpt":{"rendered":"<p>\u00bfTiene problemas para rechinar los dientes?<\/p>\n","protected":false},"featured_media":14209,"comment_status":"closed","ping_status":"closed","template":"","meta":[],"language":[1656,1539],"product_cat":[1522],"product_tag":[1711,1712,1710,1651,1713],"class_list":{"0":"post-16700","1":"product","2":"type-product","3":"status-publish","4":"has-post-thumbnail","6":"language-fr-es","7":"language-nl-es","8":"product_cat-salud-y-bienestar","9":"product_tag-autocontrol","10":"product_tag-cuidado-dental","11":"product_tag-estres","12":"product_tag-salud","13":"product_tag-sueno","14":"pa_languages-frances-es","15":"pa_languages-holandes-es","16":"pa_languages-portugues-brasil-es","18":"entry","19":"has-media","21":"first","22":"instock","23":"purchasable","24":"product-type-variable","25":"has-product-nav","26":"col","27":"span_1_of_4","28":"owp-content-center","29":"owp-thumbs-layout-horizontal","30":"owp-btn-big","31":"owp-tabs-layout-vertical","32":"has-no-thumbnails"},"acf":[],"aioseo_notices":[],"_links":{"self":[{"href":"https:\/\/audiohypnosis.online\/es\/wp-json\/wp\/v2\/product\/16700","targetHints":{"allow":["GET"]}}],"collection":[{"href":"https:\/\/audiohypnosis.online\/es\/wp-json\/wp\/v2\/product"}],"about":[{"href":"https:\/\/audiohypnosis.online\/es\/wp-json\/wp\/v2\/types\/product"}],"replies":[{"embeddable":true,"href":"https:\/\/audiohypnosis.online\/es\/wp-json\/wp\/v2\/comments?post=16700"}],"version-history":[{"count":0,"href":"https:\/\/audiohypnosis.online\/es\/wp-json\/wp\/v2\/product\/16700\/revisions"}],"wp:featuredmedia":[{"embeddable":true,"href":"https:\/\/audiohypnosis.online\/es\/wp-json\/wp\/v2\/media\/14209"}],"wp:attachment":[{"href":"https:\/\/audiohypnosis.online\/es\/wp-json\/wp\/v2\/media?parent=16700"}],"wp:term":[{"taxonomy":"language","embeddable":true,"href":"https:\/\/audiohypnosis.online\/es\/wp-json\/wp\/v2\/language?post=16700"},{"taxonomy":"product_cat","embeddable":true,"href":"https:\/\/audiohypnosis.online\/es\/wp-json\/wp\/v2\/product_cat?post=16700"},{"taxonomy":"product_tag","embeddable":true,"href":"https:\/\/audiohypnosis.online\/es\/wp-json\/wp\/v2\/product_tag?post=16700"}],"curies":[{"name":"wp","href":"https:\/\/api.w.org\/{rel}","templated":true}]}}