{"id":16552,"date":"2023-10-14T09:09:13","date_gmt":"2023-10-14T07:09:13","guid":{"rendered":"http:\/\/audiohypnosis.online\/product\/aumentar-la-motivacion-para-la-actividad-fisica\/"},"modified":"2023-10-14T09:09:13","modified_gmt":"2023-10-14T07:09:13","slug":"aumentar-motivacion-actividad-fisica","status":"publish","type":"product","link":"https:\/\/audiohypnosis.online\/es\/producto\/aumentar-motivacion-actividad-fisica\/","title":{"rendered":"Aumentar la motivaci\u00f3n para la actividad f\u00edsica"},"content":{"rendered":"<p>\u00bfQuiere ser m\u00e1s activo? Nuestros MP3s de audio hipnosis tienen como objetivo aumentar su motivaci\u00f3n para la actividad f\u00edsica. Recibir\u00e1 6 archivos de audio descargables y un manual para obtener los mejores resultados.<\/p>\n","protected":false},"excerpt":{"rendered":"<p>\u00bfNecesita motivaci\u00f3n para la actividad f\u00edsica?<\/p>\n","protected":false},"featured_media":14041,"comment_status":"closed","ping_status":"closed","template":"","meta":[],"language":[1650,2105,1656,1539,2095,2740],"product_cat":[1524],"product_tag":[1657,1652,1653,1658,1651],"class_list":{"0":"post-16552","1":"product","2":"type-product","3":"status-publish","4":"has-post-thumbnail","6":"language-de-es-2","7":"language-es-es","8":"language-fr-es","9":"language-nl-es","10":"language-en-es","11":"language-serbio","12":"product_cat-auto-mejora","13":"product_tag-actividad-fisica","14":"product_tag-bienestar","15":"product_tag-ejercicio","16":"product_tag-motivacion","17":"product_tag-salud","18":"pa_languages-aleman","19":"pa_languages-espanol","20":"pa_languages-frances-es","21":"pa_languages-holandes-es","22":"pa_languages-hungaro-es","23":"pa_languages-ingles-es","24":"pa_languages-polaco","25":"pa_languages-portugues-brasil-es","26":"pa_languages-serbio","27":"pa_languages-ucraniano-es","29":"entry","30":"has-media","32":"first","33":"instock","34":"purchasable","35":"product-type-variable","36":"has-product-nav","37":"col","38":"span_1_of_4","39":"owp-content-center","40":"owp-thumbs-layout-horizontal","41":"owp-btn-big","42":"owp-tabs-layout-vertical","43":"has-no-thumbnails"},"acf":[],"aioseo_notices":[],"_links":{"self":[{"href":"https:\/\/audiohypnosis.online\/es\/wp-json\/wp\/v2\/product\/16552","targetHints":{"allow":["GET"]}}],"collection":[{"href":"https:\/\/audiohypnosis.online\/es\/wp-json\/wp\/v2\/product"}],"about":[{"href":"https:\/\/audiohypnosis.online\/es\/wp-json\/wp\/v2\/types\/product"}],"replies":[{"embeddable":true,"href":"https:\/\/audiohypnosis.online\/es\/wp-json\/wp\/v2\/comments?post=16552"}],"version-history":[{"count":0,"href":"https:\/\/audiohypnosis.online\/es\/wp-json\/wp\/v2\/product\/16552\/revisions"}],"wp:featuredmedia":[{"embeddable":true,"href":"https:\/\/audiohypnosis.online\/es\/wp-json\/wp\/v2\/media\/14041"}],"wp:attachment":[{"href":"https:\/\/audiohypnosis.online\/es\/wp-json\/wp\/v2\/media?parent=16552"}],"wp:term":[{"taxonomy":"language","embeddable":true,"href":"https:\/\/audiohypnosis.online\/es\/wp-json\/wp\/v2\/language?post=16552"},{"taxonomy":"product_cat","embeddable":true,"href":"https:\/\/audiohypnosis.online\/es\/wp-json\/wp\/v2\/product_cat?post=16552"},{"taxonomy":"product_tag","embeddable":true,"href":"https:\/\/audiohypnosis.online\/es\/wp-json\/wp\/v2\/product_tag?post=16552"}],"curies":[{"name":"wp","href":"https:\/\/api.w.org\/{rel}","templated":true}]}}