{"id":16493,"date":"2023-10-14T09:09:13","date_gmt":"2023-10-14T07:09:13","guid":{"rendered":"http:\/\/audiohypnosis.online\/product\/strach-przed-lataniem\/"},"modified":"2023-10-18T13:31:50","modified_gmt":"2023-10-18T11:31:50","slug":"miedo-a-volar","status":"publish","type":"product","link":"https:\/\/audiohypnosis.online\/es\/producto\/miedo-a-volar\/","title":{"rendered":"Miedo a volar"},"content":{"rendered":"<p>\u00bfMiedo a volar? Nuestras sesiones de audio hipnosis est\u00e1n dise\u00f1adas para ayudarle a superar este miedo. El paquete incluye 6 MP3 de audio diferentes y un manual de pr\u00e1cticas eficaces.<\/p>\n","protected":false},"excerpt":{"rendered":"<p>\u00bfAnsiedad de volar?<\/p>\n","protected":false},"featured_media":14299,"comment_status":"closed","ping_status":"closed","template":"","meta":[],"language":[1650,1539,2740],"product_cat":[1520],"product_tag":[1618,1619,1616,1620,1617],"class_list":{"0":"post-16493","1":"product","2":"type-product","3":"status-publish","4":"has-post-thumbnail","6":"language-de-es-2","7":"language-nl-es","8":"language-serbio","9":"product_cat-miedos-y-fobias","10":"product_tag-fobia-es","11":"product_tag-latanie-es","12":"product_tag-lek-es","13":"product_tag-podroz-es","14":"product_tag-strach-es","15":"pa_languages-aleman","16":"pa_languages-holandes-es","17":"pa_languages-serbio","19":"entry","20":"has-media","22":"first","23":"instock","24":"purchasable","25":"product-type-variable","26":"has-product-nav","27":"col","28":"span_1_of_4","29":"owp-content-center","30":"owp-thumbs-layout-horizontal","31":"owp-btn-big","32":"owp-tabs-layout-vertical","33":"has-no-thumbnails"},"acf":[],"aioseo_notices":[],"_links":{"self":[{"href":"https:\/\/audiohypnosis.online\/es\/wp-json\/wp\/v2\/product\/16493","targetHints":{"allow":["GET"]}}],"collection":[{"href":"https:\/\/audiohypnosis.online\/es\/wp-json\/wp\/v2\/product"}],"about":[{"href":"https:\/\/audiohypnosis.online\/es\/wp-json\/wp\/v2\/types\/product"}],"replies":[{"embeddable":true,"href":"https:\/\/audiohypnosis.online\/es\/wp-json\/wp\/v2\/comments?post=16493"}],"version-history":[{"count":0,"href":"https:\/\/audiohypnosis.online\/es\/wp-json\/wp\/v2\/product\/16493\/revisions"}],"wp:featuredmedia":[{"embeddable":true,"href":"https:\/\/audiohypnosis.online\/es\/wp-json\/wp\/v2\/media\/14299"}],"wp:attachment":[{"href":"https:\/\/audiohypnosis.online\/es\/wp-json\/wp\/v2\/media?parent=16493"}],"wp:term":[{"taxonomy":"language","embeddable":true,"href":"https:\/\/audiohypnosis.online\/es\/wp-json\/wp\/v2\/language?post=16493"},{"taxonomy":"product_cat","embeddable":true,"href":"https:\/\/audiohypnosis.online\/es\/wp-json\/wp\/v2\/product_cat?post=16493"},{"taxonomy":"product_tag","embeddable":true,"href":"https:\/\/audiohypnosis.online\/es\/wp-json\/wp\/v2\/product_tag?post=16493"}],"curies":[{"name":"wp","href":"https:\/\/api.w.org\/{rel}","templated":true}]}}