{"id":161215,"date":"2024-03-05T10:18:42","date_gmt":"2024-03-05T09:18:42","guid":{"rendered":"https:\/\/audiohypnosis.online\/?post_type=product&#038;p=161215"},"modified":"2024-04-17T17:11:07","modified_gmt":"2024-04-17T15:11:07","slug":"pensar-demasiado-copy","status":"publish","type":"product","link":"https:\/\/audiohypnosis.online\/es\/producto\/pensar-demasiado-copy\/","title":{"rendered":"Impulso Creativo"},"content":{"rendered":"<p>\u00bfAnsioso por desbloquear tu flujo creativo? Sum\u00e9rgete en nuestros innovadores MP3 de hipnosis auditiva dise\u00f1ados para encender la inspiraci\u00f3n y potenciar la creatividad. Con 6 sesiones de audio din\u00e1micas y una gu\u00eda pr\u00e1ctica, libera tu genio creativo y materializa tus visiones.<\/p>\n","protected":false},"excerpt":{"rendered":"<p>\u00bfQuieres elevar tu producci\u00f3n creativa y desbloquear nuevos reinos de la imaginaci\u00f3n?<\/p>\n","protected":false},"featured_media":161200,"comment_status":"closed","ping_status":"closed","template":"","meta":[],"language":[2095],"product_cat":[1524],"product_tag":[],"class_list":{"0":"post-161215","1":"product","2":"type-product","3":"status-publish","4":"has-post-thumbnail","6":"language-en-es","7":"product_cat-auto-mejora","8":"pa_languages-holandes-es","9":"pa_languages-ingles-es","11":"entry","12":"has-media","14":"first","15":"instock","16":"purchasable","17":"product-type-variable","18":"has-product-nav","19":"col","20":"span_1_of_4","21":"owp-content-center","22":"owp-thumbs-layout-horizontal","23":"owp-btn-big","24":"owp-tabs-layout-vertical","25":"has-no-thumbnails"},"acf":[],"aioseo_notices":[],"_links":{"self":[{"href":"https:\/\/audiohypnosis.online\/es\/wp-json\/wp\/v2\/product\/161215","targetHints":{"allow":["GET"]}}],"collection":[{"href":"https:\/\/audiohypnosis.online\/es\/wp-json\/wp\/v2\/product"}],"about":[{"href":"https:\/\/audiohypnosis.online\/es\/wp-json\/wp\/v2\/types\/product"}],"replies":[{"embeddable":true,"href":"https:\/\/audiohypnosis.online\/es\/wp-json\/wp\/v2\/comments?post=161215"}],"version-history":[{"count":2,"href":"https:\/\/audiohypnosis.online\/es\/wp-json\/wp\/v2\/product\/161215\/revisions"}],"predecessor-version":[{"id":170861,"href":"https:\/\/audiohypnosis.online\/es\/wp-json\/wp\/v2\/product\/161215\/revisions\/170861"}],"wp:featuredmedia":[{"embeddable":true,"href":"https:\/\/audiohypnosis.online\/es\/wp-json\/wp\/v2\/media\/161200"}],"wp:attachment":[{"href":"https:\/\/audiohypnosis.online\/es\/wp-json\/wp\/v2\/media?parent=161215"}],"wp:term":[{"taxonomy":"language","embeddable":true,"href":"https:\/\/audiohypnosis.online\/es\/wp-json\/wp\/v2\/language?post=161215"},{"taxonomy":"product_cat","embeddable":true,"href":"https:\/\/audiohypnosis.online\/es\/wp-json\/wp\/v2\/product_cat?post=161215"},{"taxonomy":"product_tag","embeddable":true,"href":"https:\/\/audiohypnosis.online\/es\/wp-json\/wp\/v2\/product_tag?post=161215"}],"curies":[{"name":"wp","href":"https:\/\/api.w.org\/{rel}","templated":true}]}}