{"id":161124,"date":"2024-03-05T09:49:42","date_gmt":"2024-03-05T08:49:42","guid":{"rendered":"https:\/\/audiohypnosis.online\/?post_type=product&#038;p=161124"},"modified":"2024-04-12T23:17:12","modified_gmt":"2024-04-12T21:17:12","slug":"agorafobia-copy-copy","status":"publish","type":"product","link":"https:\/\/audiohypnosis.online\/es\/producto\/agorafobia-copy-copy\/","title":{"rendered":"Adicci\u00f3n al Porno"},"content":{"rendered":"<p>\u00bfEst\u00e1s listo para recuperar tu vida de las garras de la adicci\u00f3n al porno? Nuestro paquete ofrece 6 archivos de audio descargables, junto con un manual para ayudarte hacia una recuperaci\u00f3n efectiva.<\/p>\n","protected":false},"excerpt":{"rendered":"<p>\u00bfEst\u00e1s luchando para liberarte del ciclo implacable de la adicci\u00f3n al porno y deseas encontrar un camino hacia la recuperaci\u00f3n?<\/p>\n","protected":false},"featured_media":161109,"comment_status":"closed","ping_status":"closed","template":"","meta":[],"language":[1650],"product_cat":[1517],"product_tag":[1956],"class_list":{"0":"post-161124","1":"product","2":"type-product","3":"status-publish","4":"has-post-thumbnail","6":"language-de-es-2","7":"product_cat-adicciones","8":"product_tag-adiccion","9":"pa_languages-aleman","11":"entry","12":"has-media","14":"first","15":"instock","16":"shipping-taxable","17":"purchasable","18":"product-type-variable","19":"has-product-nav","20":"col","21":"span_1_of_4","22":"owp-content-center","23":"owp-thumbs-layout-horizontal","24":"owp-btn-big","25":"owp-tabs-layout-vertical","26":"has-no-thumbnails"},"acf":[],"aioseo_notices":[],"_links":{"self":[{"href":"https:\/\/audiohypnosis.online\/es\/wp-json\/wp\/v2\/product\/161124","targetHints":{"allow":["GET"]}}],"collection":[{"href":"https:\/\/audiohypnosis.online\/es\/wp-json\/wp\/v2\/product"}],"about":[{"href":"https:\/\/audiohypnosis.online\/es\/wp-json\/wp\/v2\/types\/product"}],"replies":[{"embeddable":true,"href":"https:\/\/audiohypnosis.online\/es\/wp-json\/wp\/v2\/comments?post=161124"}],"version-history":[{"count":3,"href":"https:\/\/audiohypnosis.online\/es\/wp-json\/wp\/v2\/product\/161124\/revisions"}],"predecessor-version":[{"id":170477,"href":"https:\/\/audiohypnosis.online\/es\/wp-json\/wp\/v2\/product\/161124\/revisions\/170477"}],"wp:featuredmedia":[{"embeddable":true,"href":"https:\/\/audiohypnosis.online\/es\/wp-json\/wp\/v2\/media\/161109"}],"wp:attachment":[{"href":"https:\/\/audiohypnosis.online\/es\/wp-json\/wp\/v2\/media?parent=161124"}],"wp:term":[{"taxonomy":"language","embeddable":true,"href":"https:\/\/audiohypnosis.online\/es\/wp-json\/wp\/v2\/language?post=161124"},{"taxonomy":"product_cat","embeddable":true,"href":"https:\/\/audiohypnosis.online\/es\/wp-json\/wp\/v2\/product_cat?post=161124"},{"taxonomy":"product_tag","embeddable":true,"href":"https:\/\/audiohypnosis.online\/es\/wp-json\/wp\/v2\/product_tag?post=161124"}],"curies":[{"name":"wp","href":"https:\/\/api.w.org\/{rel}","templated":true}]}}