{"id":161038,"date":"2024-03-05T09:24:50","date_gmt":"2024-03-05T08:24:50","guid":{"rendered":"https:\/\/audiohypnosis.online\/?post_type=product&#038;p=161038"},"modified":"2024-04-12T12:23:36","modified_gmt":"2024-04-12T10:23:36","slug":"agorafobia-copy","status":"publish","type":"product","link":"https:\/\/audiohypnosis.online\/es\/producto\/agorafobia-copy\/","title":{"rendered":"Manejar Est\u00edmulos (TDAH)"},"content":{"rendered":"<p>\u00bfSe siente inundado por est\u00edmulos persistentes y distracciones? Nuestro paquete incluye 6 archivos de audio descargables con diferentes versiones para ofrecer orientaci\u00f3n sobre c\u00f3mo desarrollar habilidades para manejar est\u00edmulos y aumentar la concentraci\u00f3n, junto con un manual para maximizar la efectividad.<\/p>\n","protected":false},"excerpt":{"rendered":"<p>\u00bfEst\u00e1 buscando recursos para ayudarlo a manejar los aspectos sensoriales del TDAH?<\/p>\n","protected":false},"featured_media":161004,"comment_status":"closed","ping_status":"closed","template":"","meta":[],"language":[1539],"product_cat":[1524],"product_tag":[],"class_list":{"0":"post-161038","1":"product","2":"type-product","3":"status-publish","4":"has-post-thumbnail","6":"language-nl-es","7":"product_cat-auto-mejora","8":"pa_languages-holandes-es","10":"entry","11":"has-media","13":"first","14":"instock","15":"shipping-taxable","16":"purchasable","17":"product-type-variable","18":"has-product-nav","19":"col","20":"span_1_of_4","21":"owp-content-center","22":"owp-thumbs-layout-horizontal","23":"owp-btn-big","24":"owp-tabs-layout-vertical","25":"has-no-thumbnails"},"acf":[],"aioseo_notices":[],"_links":{"self":[{"href":"https:\/\/audiohypnosis.online\/es\/wp-json\/wp\/v2\/product\/161038","targetHints":{"allow":["GET"]}}],"collection":[{"href":"https:\/\/audiohypnosis.online\/es\/wp-json\/wp\/v2\/product"}],"about":[{"href":"https:\/\/audiohypnosis.online\/es\/wp-json\/wp\/v2\/types\/product"}],"replies":[{"embeddable":true,"href":"https:\/\/audiohypnosis.online\/es\/wp-json\/wp\/v2\/comments?post=161038"}],"version-history":[{"count":3,"href":"https:\/\/audiohypnosis.online\/es\/wp-json\/wp\/v2\/product\/161038\/revisions"}],"predecessor-version":[{"id":170475,"href":"https:\/\/audiohypnosis.online\/es\/wp-json\/wp\/v2\/product\/161038\/revisions\/170475"}],"wp:featuredmedia":[{"embeddable":true,"href":"https:\/\/audiohypnosis.online\/es\/wp-json\/wp\/v2\/media\/161004"}],"wp:attachment":[{"href":"https:\/\/audiohypnosis.online\/es\/wp-json\/wp\/v2\/media?parent=161038"}],"wp:term":[{"taxonomy":"language","embeddable":true,"href":"https:\/\/audiohypnosis.online\/es\/wp-json\/wp\/v2\/language?post=161038"},{"taxonomy":"product_cat","embeddable":true,"href":"https:\/\/audiohypnosis.online\/es\/wp-json\/wp\/v2\/product_cat?post=161038"},{"taxonomy":"product_tag","embeddable":true,"href":"https:\/\/audiohypnosis.online\/es\/wp-json\/wp\/v2\/product_tag?post=161038"}],"curies":[{"name":"wp","href":"https:\/\/api.w.org\/{rel}","templated":true}]}}