{"id":153779,"date":"2024-01-11T14:41:43","date_gmt":"2024-01-11T13:41:43","guid":{"rendered":"https:\/\/audiohypnosis.online\/?post_type=product&#038;p=153779"},"modified":"2024-02-02T10:16:21","modified_gmt":"2024-02-02T09:16:21","slug":"dejar-de-fumar","status":"publish","type":"product","link":"https:\/\/audiohypnosis.online\/es\/producto\/dejar-de-fumar\/","title":{"rendered":"Dejar de fumar"},"content":{"rendered":"<div class=\"flex-1 overflow-hidden\">\n<div class=\"react-scroll-to-bottom--css-azqzw-79elbk h-full\">\n<div class=\"react-scroll-to-bottom--css-azqzw-1n7m0yu\">\n<div class=\"flex flex-col pb-9 text-sm\">\n<div class=\"w-full text-token-text-primary\" data-testid=\"conversation-turn-15\">\n<div class=\"px-4 py-2 justify-center text-base md:gap-6 m-auto\">\n<div class=\"flex flex-1 text-base mx-auto gap-3 md:px-5 lg:px-1 xl:px-5 md:max-w-3xl lg:max-w-[40rem] xl:max-w-[48rem] group final-completion\">\n<div class=\"relative flex w-full flex-col lg:w-[calc(100%-115px)] agent-turn\">\n<div class=\"flex-col gap-1 md:gap-3\">\n<div class=\"flex flex-grow flex-col max-w-full\">\n<div class=\"min-h-[20px] text-message flex flex-col items-start gap-3 whitespace-pre-wrap break-words [.text-message+&amp;]:mt-5 overflow-x-auto\" data-message-author-role=\"assistant\" data-message-id=\"c3775955-8c7e-4803-8374-cb8c9c082dca\">\n<div class=\"markdown prose w-full break-words dark:prose-invert light\">\n<p><strong>\u00bfEst\u00e1s listo para dejar de fumar para siempre?<\/strong><\/p>\n<p>Sabemos lo dif\u00edcil que puede ser. Puede que hayas probado varios m\u00e9todos para dejar de fumar, pero una y otra vez vuelves a caer en viejos h\u00e1bitos. Ese deseo incontrolable, la sensaci\u00f3n de p\u00e9rdida y los molestos s\u00edntomas de abstinencia hacen que sea un desaf\u00edo que parece casi imposible de superar.<\/p>\n<p>Pero imagina c\u00f3mo ser\u00eda si pudieras decirle adi\u00f3s a esos cigarrillos para siempre: <strong>&#8220;No, gracias, soy no fumador&#8221;.<\/strong> Sin reca\u00eddas, sin sensaci\u00f3n de p\u00e9rdida y absolutamente sin s\u00edntomas de abstinencia. \u00a1Piensa en la libertad, los beneficios para la salud y el dinero que ahorrar\u00edas!<\/p>\n<p>Eso es exactamente para lo que nuestra hipnosis MP3 para dejar de fumar puede ayudarte. Nuestras sesiones, habladas por terapeutas certificados en hipnosis, est\u00e1n dise\u00f1adas espec\u00edficamente para reprogramar tu subconsciente. Te transformamos de fumador a orgulloso no fumador.<\/p>\n<p>Tu subconsciente juega un papel crucial en tus h\u00e1bitos de fumar. Nuestras MP3 se enfocan en este aspecto utilizando sugerencias que te ayudan a hacer que la idea de fumar sea extra\u00f1a y no deseada. Notar\u00e1s que incluso pensar en un cigarrillo parece absurdo.<\/p>\n<p><strong>Haz ahora la elecci\u00f3n de un t\u00fa m\u00e1s saludable.<\/strong> Convi\u00e9rtete en un no fumador permanente, sin deseo, sin ansias, sin p\u00e9rdida. No m\u00e1s reca\u00eddas. Te mereces una vida libre de humo, y estamos aqu\u00ed para ayudarte.<\/p>\n<\/div>\n<\/div>\n<\/div>\n<\/div>\n<\/div>\n<\/div>\n<\/div>\n<\/div>\n<\/div>\n<\/div>\n<\/div>\n<\/div>\n","protected":false},"excerpt":{"rendered":"<p>\u00a1Encuentra la clave para dejar de fumar con \u00e9xito! \u00bfAnhelas la libertad de los cigarrillos? \u2728<\/p>\n<p>Nuestra hipnosis MP3 te ofrece una nueva y efectiva forma de dejar de fumar!<\/p>\n","protected":false},"featured_media":151894,"comment_status":"closed","ping_status":"closed","template":"","meta":[],"language":[1656,1539,2095,3064],"product_cat":[1517],"product_tag":[1956,1651],"class_list":{"0":"post-153779","1":"product","2":"type-product","3":"status-publish","4":"has-post-thumbnail","6":"language-fr-es","7":"language-nl-es","8":"language-en-es","9":"language-it-es","10":"product_cat-adicciones","11":"product_tag-adiccion","12":"product_tag-salud","13":"pa_languages-frances-es","14":"pa_languages-holandes-es","15":"pa_languages-ingles-es","16":"pa_languages-italiano-es","17":"pa_languages-portugues-brasil-es","19":"entry","20":"has-media","22":"first","23":"instock","24":"shipping-taxable","25":"purchasable","26":"product-type-variable","27":"has-product-nav","28":"col","29":"span_1_of_4","30":"owp-content-center","31":"owp-thumbs-layout-horizontal","32":"owp-btn-big","33":"owp-tabs-layout-vertical","34":"has-no-thumbnails"},"acf":[],"aioseo_notices":[],"_links":{"self":[{"href":"https:\/\/audiohypnosis.online\/es\/wp-json\/wp\/v2\/product\/153779","targetHints":{"allow":["GET"]}}],"collection":[{"href":"https:\/\/audiohypnosis.online\/es\/wp-json\/wp\/v2\/product"}],"about":[{"href":"https:\/\/audiohypnosis.online\/es\/wp-json\/wp\/v2\/types\/product"}],"replies":[{"embeddable":true,"href":"https:\/\/audiohypnosis.online\/es\/wp-json\/wp\/v2\/comments?post=153779"}],"version-history":[{"count":1,"href":"https:\/\/audiohypnosis.online\/es\/wp-json\/wp\/v2\/product\/153779\/revisions"}],"predecessor-version":[{"id":153819,"href":"https:\/\/audiohypnosis.online\/es\/wp-json\/wp\/v2\/product\/153779\/revisions\/153819"}],"wp:featuredmedia":[{"embeddable":true,"href":"https:\/\/audiohypnosis.online\/es\/wp-json\/wp\/v2\/media\/151894"}],"wp:attachment":[{"href":"https:\/\/audiohypnosis.online\/es\/wp-json\/wp\/v2\/media?parent=153779"}],"wp:term":[{"taxonomy":"language","embeddable":true,"href":"https:\/\/audiohypnosis.online\/es\/wp-json\/wp\/v2\/language?post=153779"},{"taxonomy":"product_cat","embeddable":true,"href":"https:\/\/audiohypnosis.online\/es\/wp-json\/wp\/v2\/product_cat?post=153779"},{"taxonomy":"product_tag","embeddable":true,"href":"https:\/\/audiohypnosis.online\/es\/wp-json\/wp\/v2\/product_tag?post=153779"}],"curies":[{"name":"wp","href":"https:\/\/api.w.org\/{rel}","templated":true}]}}