{"id":20871,"date":"2023-10-20T11:51:16","date_gmt":"2023-10-20T09:51:16","guid":{"rendered":"http:\/\/audiohypnosis.online\/privacy\/"},"modified":"2023-10-20T12:04:00","modified_gmt":"2023-10-20T10:04:00","slug":"privacy","status":"publish","type":"page","link":"https:\/\/audiohypnosis.online\/es\/privacy\/","title":{"rendered":"Privacy Policy"},"content":{"rendered":"\t\t<div data-elementor-type=\"wp-page\" data-elementor-id=\"20871\" class=\"elementor elementor-20871\" data-elementor-post-type=\"page\">\n\t\t\t\t<div class=\"elementor-element elementor-element-00c9fb4 e-flex e-con-boxed e-con e-parent\" data-id=\"00c9fb4\" data-element_type=\"container\">\n\t\t\t\t\t<div class=\"e-con-inner\">\n\t\t\t\t<div class=\"elementor-element elementor-element-e04adcf elementor-widget elementor-widget-heading\" data-id=\"e04adcf\" data-element_type=\"widget\" data-widget_type=\"heading.default\">\n\t\t\t\t<div class=\"elementor-widget-container\">\n\t\t\t<style>\/*! elementor - v3.23.0 - 23-07-2024 *\/\n.elementor-heading-title{padding:0;margin:0;line-height:1}.elementor-widget-heading .elementor-heading-title[class*=elementor-size-]>a{color:inherit;font-size:inherit;line-height:inherit}.elementor-widget-heading .elementor-heading-title.elementor-size-small{font-size:15px}.elementor-widget-heading .elementor-heading-title.elementor-size-medium{font-size:19px}.elementor-widget-heading .elementor-heading-title.elementor-size-large{font-size:29px}.elementor-widget-heading .elementor-heading-title.elementor-size-xl{font-size:39px}.elementor-widget-heading .elementor-heading-title.elementor-size-xxl{font-size:59px}<\/style><h1 class=\"elementor-heading-title elementor-size-default\">Pol\u00edtica de privacidad<\/h1>\t\t<\/div>\n\t\t\t\t<\/div>\n\t\t\t\t<div class=\"elementor-element elementor-element-a027b76 elementor-widget elementor-widget-text-editor\" data-id=\"a027b76\" data-element_type=\"widget\" data-widget_type=\"text-editor.default\">\n\t\t\t\t<div class=\"elementor-widget-container\">\n\t\t\t<style>\/*! elementor - v3.23.0 - 23-07-2024 *\/\n.elementor-widget-text-editor.elementor-drop-cap-view-stacked .elementor-drop-cap{background-color:#69727d;color:#fff}.elementor-widget-text-editor.elementor-drop-cap-view-framed .elementor-drop-cap{color:#69727d;border:3px solid;background-color:transparent}.elementor-widget-text-editor:not(.elementor-drop-cap-view-default) .elementor-drop-cap{margin-top:8px}.elementor-widget-text-editor:not(.elementor-drop-cap-view-default) .elementor-drop-cap-letter{width:1em;height:1em}.elementor-widget-text-editor .elementor-drop-cap{float:left;text-align:center;line-height:1;font-size:50px}.elementor-widget-text-editor .elementor-drop-cap-letter{display:inline-block}<\/style>\t\t\t\t<div class=\"flex-1 overflow-hidden\"><div class=\"react-scroll-to-bottom--css-snezn-79elbk h-full dark:bg-gray-800\"><div class=\"react-scroll-to-bottom--css-snezn-1n7m0yu\"><div class=\"flex flex-col text-sm dark:bg-gray-800\"><div class=\"group w-full text-token-text-primary border-b border-black\/10 gizmo:border-0 dark:border-gray-900\/50 gizmo:dark:border-0 bg-gray-50 gizmo:bg-transparent dark:bg-[#444654] gizmo:dark:bg-transparent\" data-testid=\"conversation-turn-41\"><div class=\"p-4 justify-center text-base md:gap-6 md:py-6 m-auto\"><div class=\"flex flex-1 gap-4 text-base mx-auto md:gap-6 gizmo:gap-3 gizmo:md:px-5 gizmo:lg:px-1 gizmo:xl:px-5 md:max-w-2xl lg:max-w-[38rem] gizmo:md:max-w-3xl gizmo:lg:max-w-[40rem] gizmo:xl:max-w-[48rem] xl:max-w-3xl }\"><div class=\"relative flex w-[calc(100%-50px)] flex-col gizmo:w-full lg:w-[calc(100%-115px)] agent-turn\"><div class=\"flex-col gap-1 md:gap-3\"><div class=\"flex flex-grow flex-col gap-3 max-w-full\"><div class=\"min-h-[20px] flex flex-col items-start gap-3 whitespace-pre-wrap break-words overflow-x-auto\"><div class=\"markdown prose w-full break-words dark:prose-invert light\"><p style=\"text-align: center;\"><strong>\u00daltima actualizaci\u00f3n: Octubre de 2023<\/strong><\/p><p style=\"text-align: left;\"><br \/>Introducci\u00f3n<\/p><p>Gracias por elegir ser parte de nuestra comunidad en AudioHypnosis.online, un servicio proporcionado por The Spiral LTD, ubicado en Bulgaria (&#8220;nosotros&#8221;, &#8220;nos&#8221;, &#8220;nuestro&#8221;). Estamos comprometidos a salvaguardar su informaci\u00f3n personal. Esta Pol\u00edtica de Privacidad explica c\u00f3mo recopilamos, utilizamos, divulgamos y protegemos su informaci\u00f3n cuando visita nuestro sitio web AudioHypnosis.online.<\/p><p>Consentimiento<\/p><p>Al utilizar nuestro sitio web, usted consiente nuestra Pol\u00edtica de Privacidad y sus t\u00e9rminos.<\/p><p>Informaci\u00f3n que recopilamos<\/p><p>Recopilamos informaci\u00f3n que usted nos proporciona voluntariamente cuando se registra en nuestro sitio web, realiza un pedido e interact\u00faa con nuestros servicios. Esto puede incluir:<\/p><p>Informaci\u00f3n de identificaci\u00f3n personal: nombre, direcci\u00f3n de correo electr\u00f3nico, direcci\u00f3n de env\u00edo, etc. Informaci\u00f3n de pago: n\u00fameros de tarjeta de cr\u00e9dito, detalles de la pasarela de pago, etc. C\u00f3mo utilizamos su informaci\u00f3n<\/p><p>Utilizamos su informaci\u00f3n para varios prop\u00f3sitos, tales como:<\/p><p>Para procesar su pedido y administrar su cuenta. Para mejorar nuestro sitio web y servicios. Para comunicarnos con usted, incluido el servicio al cliente y ofertas promocionales. C\u00f3mo protegemos su informaci\u00f3n<\/p><p>Su privacidad es importante para nosotros. Implementamos una variedad de medidas de seguridad para mantener la seguridad de su informaci\u00f3n personal.<\/p><p>Retenci\u00f3n de datos<\/p><p>Retendremos su informaci\u00f3n personal solo durante el tiempo que sea necesario para los fines establecidos en esta Pol\u00edtica de Privacidad.<\/p><p>Cookies<\/p><p>Utilizamos cookies para mejorar su experiencia en nuestro sitio web. Tiene la opci\u00f3n de desactivar las cookies a trav\u00e9s de la configuraci\u00f3n de su navegador.<\/p><p>Enlaces de terceros<\/p><p>Nuestro sitio web puede contener enlaces a sitios web externos que no son operados por nosotros. No somos responsables de las pr\u00e1cticas de privacidad de estos sitios web externos.<\/p><p>Sus derechos<\/p><p>Usted tiene el derecho de acceder, corregir o eliminar su informaci\u00f3n personal en cualquier momento.<\/p><p>Cambios en esta Pol\u00edtica de Privacidad<\/p><p>Nos reservamos el derecho de modificar esta Pol\u00edtica de Privacidad en cualquier momento, as\u00ed que rev\u00edsela con frecuencia. Los cambios tendr\u00e1n efecto inmediatamente despu\u00e9s de su publicaci\u00f3n en el sitio web.<\/p><p>Cont\u00e1ctenos<\/p><p>Si tiene alguna pregunta sobre esta Pol\u00edtica de Privacidad, puede contactarnos:<\/p><p>Por correo electr\u00f3nico: <a href=\"mailto:support@audiohypnosis.online\" target=\"_new\">support@audiohypnosis.online<\/a><\/p><\/div><\/div><\/div><\/div><\/div><\/div><\/div><\/div><\/div><\/div><\/div><\/div>\t\t\t\t\t\t<\/div>\n\t\t\t\t<\/div>\n\t\t\t\t\t<\/div>\n\t\t\t\t<\/div>\n\t\t\t\t<\/div>\n\t\t","protected":false},"excerpt":{"rendered":"<p>Pol\u00edtica de privacidad \u00daltima actualizaci\u00f3n: Octubre de 2023 Introducci\u00f3n Gracias por elegir ser parte de nuestra comunidad en AudioHypnosis.online, un servicio proporcionado por The Spiral LTD, ubicado en Bulgaria (&#8220;nosotros&#8221;, &#8220;nos&#8221;, &#8220;nuestro&#8221;). Estamos comprometidos a salvaguardar su informaci\u00f3n personal. Esta Pol\u00edtica de Privacidad explica c\u00f3mo recopilamos, utilizamos, divulgamos y protegemos su informaci\u00f3n cuando visita nuestro [&hellip;]<\/p>\n","protected":false},"author":1,"featured_media":0,"parent":0,"menu_order":0,"comment_status":"closed","ping_status":"closed","template":"elementor_theme","meta":{"footnotes":""},"wf_page_folders":[],"class_list":["post-20871","page","type-page","status-publish","hentry","entry","owp-thumbs-layout-horizontal","owp-btn-big","owp-tabs-layout-vertical","has-no-thumbnails","has-product-nav"],"acf":[],"aioseo_notices":[],"_links":{"self":[{"href":"https:\/\/audiohypnosis.online\/es\/wp-json\/wp\/v2\/pages\/20871","targetHints":{"allow":["GET"]}}],"collection":[{"href":"https:\/\/audiohypnosis.online\/es\/wp-json\/wp\/v2\/pages"}],"about":[{"href":"https:\/\/audiohypnosis.online\/es\/wp-json\/wp\/v2\/types\/page"}],"author":[{"embeddable":true,"href":"https:\/\/audiohypnosis.online\/es\/wp-json\/wp\/v2\/users\/1"}],"replies":[{"embeddable":true,"href":"https:\/\/audiohypnosis.online\/es\/wp-json\/wp\/v2\/comments?post=20871"}],"version-history":[{"count":0,"href":"https:\/\/audiohypnosis.online\/es\/wp-json\/wp\/v2\/pages\/20871\/revisions"}],"wp:attachment":[{"href":"https:\/\/audiohypnosis.online\/es\/wp-json\/wp\/v2\/media?parent=20871"}],"wp:term":[{"taxonomy":"wf_page_folders","embeddable":true,"href":"https:\/\/audiohypnosis.online\/es\/wp-json\/wp\/v2\/wf_page_folders?post=20871"}],"curies":[{"name":"wp","href":"https:\/\/api.w.org\/{rel}","templated":true}]}}