{"id":20507,"date":"2023-10-20T11:24:29","date_gmt":"2023-10-20T09:24:29","guid":{"rendered":"http:\/\/audiohypnosis.online\/audio-hypnosis-general-terms\/"},"modified":"2023-10-20T11:38:28","modified_gmt":"2023-10-20T09:38:28","slug":"audio-hypnosis-general-terms","status":"publish","type":"page","link":"https:\/\/audiohypnosis.online\/es\/audio-hypnosis-general-terms\/","title":{"rendered":"Audio Hypnosis &#8211; General Terms"},"content":{"rendered":"\t\t<div data-elementor-type=\"wp-page\" data-elementor-id=\"20507\" class=\"elementor elementor-20507 elementor-20376\" data-elementor-post-type=\"page\">\n\t\t\t\t<div class=\"elementor-element elementor-element-b83a8c9 e-flex e-con-boxed e-con e-parent\" data-id=\"b83a8c9\" data-element_type=\"container\" data-settings=\"{&quot;background_background&quot;:&quot;classic&quot;,&quot;shape_divider_top&quot;:&quot;mountains&quot;,&quot;shape_divider_bottom&quot;:&quot;mountains&quot;}\">\n\t\t\t\t\t<div class=\"e-con-inner\">\n\t\t\t\t<div class=\"elementor-shape elementor-shape-top\" data-negative=\"false\">\n\t\t\t<svg xmlns=\"http:\/\/www.w3.org\/2000\/svg\" viewBox=\"0 0 1000 100\" preserveAspectRatio=\"none\">\n\t<path class=\"elementor-shape-fill\" opacity=\"0.33\" d=\"M473,67.3c-203.9,88.3-263.1-34-320.3,0C66,119.1,0,59.7,0,59.7V0h1000v59.7 c0,0-62.1,26.1-94.9,29.3c-32.8,3.3-62.8-12.3-75.8-22.1C806,49.6,745.3,8.7,694.9,4.7S492.4,59,473,67.3z\"\/>\n\t<path class=\"elementor-shape-fill\" opacity=\"0.66\" d=\"M734,67.3c-45.5,0-77.2-23.2-129.1-39.1c-28.6-8.7-150.3-10.1-254,39.1 s-91.7-34.4-149.2,0C115.7,118.3,0,39.8,0,39.8V0h1000v36.5c0,0-28.2-18.5-92.1-18.5C810.2,18.1,775.7,67.3,734,67.3z\"\/>\n\t<path class=\"elementor-shape-fill\" d=\"M766.1,28.9c-200-57.5-266,65.5-395.1,19.5C242,1.8,242,5.4,184.8,20.6C128,35.8,132.3,44.9,89.9,52.5C28.6,63.7,0,0,0,0 h1000c0,0-9.9,40.9-83.6,48.1S829.6,47,766.1,28.9z\"\/>\n<\/svg>\t\t<\/div>\n\t\t\t\t<div class=\"elementor-shape elementor-shape-bottom\" data-negative=\"false\">\n\t\t\t<svg xmlns=\"http:\/\/www.w3.org\/2000\/svg\" viewBox=\"0 0 1000 100\" preserveAspectRatio=\"none\">\n\t<path class=\"elementor-shape-fill\" opacity=\"0.33\" d=\"M473,67.3c-203.9,88.3-263.1-34-320.3,0C66,119.1,0,59.7,0,59.7V0h1000v59.7 c0,0-62.1,26.1-94.9,29.3c-32.8,3.3-62.8-12.3-75.8-22.1C806,49.6,745.3,8.7,694.9,4.7S492.4,59,473,67.3z\"\/>\n\t<path class=\"elementor-shape-fill\" opacity=\"0.66\" d=\"M734,67.3c-45.5,0-77.2-23.2-129.1-39.1c-28.6-8.7-150.3-10.1-254,39.1 s-91.7-34.4-149.2,0C115.7,118.3,0,39.8,0,39.8V0h1000v36.5c0,0-28.2-18.5-92.1-18.5C810.2,18.1,775.7,67.3,734,67.3z\"\/>\n\t<path class=\"elementor-shape-fill\" d=\"M766.1,28.9c-200-57.5-266,65.5-395.1,19.5C242,1.8,242,5.4,184.8,20.6C128,35.8,132.3,44.9,89.9,52.5C28.6,63.7,0,0,0,0 h1000c0,0-9.9,40.9-83.6,48.1S829.6,47,766.1,28.9z\"\/>\n<\/svg>\t\t<\/div>\n\t\t\t\t\t<\/div>\n\t\t\t\t<\/div>\n\t\t<div class=\"elementor-element elementor-element-8481795 e-flex e-con-boxed e-con e-parent\" data-id=\"8481795\" data-element_type=\"container\">\n\t\t\t\t\t<div class=\"e-con-inner\">\n\t\t\t\t<div class=\"elementor-element elementor-element-1358c3d elementor-widget elementor-widget-heading\" data-id=\"1358c3d\" data-element_type=\"widget\" data-widget_type=\"heading.default\">\n\t\t\t\t<div class=\"elementor-widget-container\">\n\t\t\t<style>\/*! elementor - v3.23.0 - 23-07-2024 *\/\n.elementor-heading-title{padding:0;margin:0;line-height:1}.elementor-widget-heading .elementor-heading-title[class*=elementor-size-]>a{color:inherit;font-size:inherit;line-height:inherit}.elementor-widget-heading .elementor-heading-title.elementor-size-small{font-size:15px}.elementor-widget-heading .elementor-heading-title.elementor-size-medium{font-size:19px}.elementor-widget-heading .elementor-heading-title.elementor-size-large{font-size:29px}.elementor-widget-heading .elementor-heading-title.elementor-size-xl{font-size:39px}.elementor-widget-heading .elementor-heading-title.elementor-size-xxl{font-size:59px}<\/style><h1 class=\"elementor-heading-title elementor-size-default\">Condiciones generales<\/h1>\t\t<\/div>\n\t\t\t\t<\/div>\n\t\t\t\t<div class=\"elementor-element elementor-element-ddbacb6 elementor-widget elementor-widget-heading\" data-id=\"ddbacb6\" data-element_type=\"widget\" data-widget_type=\"heading.default\">\n\t\t\t\t<div class=\"elementor-widget-container\">\n\t\t\t<h2 class=\"elementor-heading-title elementor-size-default\">Audiohypnosis.online operado por The Spiral LTD<\/h2>\t\t<\/div>\n\t\t\t\t<\/div>\n\t\t\t\t<div class=\"elementor-element elementor-element-126a4b9 elementor-widget elementor-widget-text-editor\" data-id=\"126a4b9\" data-element_type=\"widget\" data-widget_type=\"text-editor.default\">\n\t\t\t\t<div class=\"elementor-widget-container\">\n\t\t\t<style>\/*! elementor - v3.23.0 - 23-07-2024 *\/\n.elementor-widget-text-editor.elementor-drop-cap-view-stacked .elementor-drop-cap{background-color:#69727d;color:#fff}.elementor-widget-text-editor.elementor-drop-cap-view-framed .elementor-drop-cap{color:#69727d;border:3px solid;background-color:transparent}.elementor-widget-text-editor:not(.elementor-drop-cap-view-default) .elementor-drop-cap{margin-top:8px}.elementor-widget-text-editor:not(.elementor-drop-cap-view-default) .elementor-drop-cap-letter{width:1em;height:1em}.elementor-widget-text-editor .elementor-drop-cap{float:left;text-align:center;line-height:1;font-size:50px}.elementor-widget-text-editor .elementor-drop-cap-letter{display:inline-block}<\/style>\t\t\t\t<h3>\u00daltima actualizaci\u00f3n: octubre de 2023<\/h3>\n\n<hr \/>\n\n<h2>Introducci\u00f3n<\/h2>\nGracias por visitar AudioHypnosis.online, un servicio proporcionado por The Spiral LTD (&#8220;nosotros&#8221;, &#8220;nos&#8221;, &#8220;nuestro&#8221;), ubicado en Bulgaria. Estos T\u00e9rminos y Condiciones Generales rigen el uso de nuestro sitio web y la compra de productos y servicios ofrecidos en \u00e9l.\n\n<hr \/>\n\n<h2>Aceptaci\u00f3n de los T\u00e9rminos<\/h2>\nAl acceder o utilizar este sitio web, aceptas cumplir con estos T\u00e9rminos y Condiciones. Si no est\u00e1s de acuerdo con alguna parte de estos t\u00e9rminos, por favor no utilices nuestro sitio web.\n\n<hr \/>\n\n<h2>Cuentas de Usuario<\/h2>\nPara comprar en AudioHypnosis.online, es posible que necesites crear una cuenta. Aceptas proporcionar informaci\u00f3n precisa y actualizada y mantener segura tu cuenta.\n\n<hr \/>\n\n<h2>Compras<\/h2>\n<h3>Precio<\/h3>\nEl precio de cada producto o servicio est\u00e1 indicado en nuestro sitio web. Nos reservamos el derecho de cambiar los precios en cualquier momento sin previo aviso.\n<h3>Pago<\/h3>\nTodos los pagos se procesan de forma segura a trav\u00e9s de nuestra pasarela de pago en l\u00ednea. Tu informaci\u00f3n de pago se almacenar\u00e1 y procesar\u00e1 de acuerdo con nuestra Pol\u00edtica de Privacidad.\n\n<hr \/>\n\n<h2>Entrega<\/h2>\nLos productos digitales se entregar\u00e1n a trav\u00e9s de un enlace de descarga o transmisi\u00f3n en l\u00ednea. El acceso a los productos adquiridos se conceder\u00e1 tan pronto como se haya verificado el pago.\n\n<hr \/>\n\n<h2>Reembolsos y Devoluciones<\/h2>\nDada la naturaleza digital de nuestros productos, todas las ventas son finales. No se emitir\u00e1n reembolsos, excepto en casos en los que el producto no haya sido entregado o se haya tergiversado.\n\n<hr \/>\n\n<h2>Propiedad Intelectual<\/h2>\nTodos los materiales en este sitio web, incluidos los productos digitales, son propiedad intelectual de The Spiral LTD y est\u00e1n protegidos por las leyes de derechos de autor.\n\n<hr \/>\n\n<h2>Terminaci\u00f3n<\/h2>\nNos reservamos el derecho de terminar tu cuenta y acceso a nuestros servicios por violaci\u00f3n de estos t\u00e9rminos.\n\n<hr \/>\n\n<h2>Limitaci\u00f3n de Responsabilidad<\/h2>\nThe Spiral LTD no ser\u00e1 responsable de ning\u00fan da\u00f1o directo o indirecto que surja de o en conexi\u00f3n con el uso de nuestro sitio web o productos.\n\n<hr \/>\n\n<h2>Ley Aplicable<\/h2>\nEstos T\u00e9rminos y Condiciones est\u00e1n regidos por las leyes de Bulgaria. Cualquier disputa se resolver\u00e1 a trav\u00e9s de los tribunales de Bulgaria.\n\n<hr \/>\n\n<h2>Cambios en los T\u00e9rminos<\/h2>\nNos reservamos el derecho de modificar estos T\u00e9rminos y Condiciones en cualquier momento. Cualquier cambio se publicar\u00e1 en esta p\u00e1gina.\n\n<hr \/>\n\n<h2>Informaci\u00f3n de Contacto<\/h2>\nPara cualquier consulta o inquietud, puedes contactarnos en:\nCorreo electr\u00f3nico: <a href=\"mailto:support@audiohypnosis.online\" target=\"_new\">support@audiohypnosis.online<\/a>\n\n<hr \/>\n\nGracias por elegir AudioHypnosis.online y The Spiral LTD. Esperamos poder servirte.\n\t\t\t\t\t\t<\/div>\n\t\t\t\t<\/div>\n\t\t\t\t\t<\/div>\n\t\t\t\t<\/div>\n\t\t\t\t<\/div>\n\t\t","protected":false},"excerpt":{"rendered":"<p>Condiciones generales Audiohypnosis.online operado por The Spiral LTD \u00daltima actualizaci\u00f3n: octubre de 2023 Introducci\u00f3n Gracias por visitar AudioHypnosis.online, un servicio proporcionado por The Spiral LTD (&#8220;nosotros&#8221;, &#8220;nos&#8221;, &#8220;nuestro&#8221;), ubicado en Bulgaria. Estos T\u00e9rminos y Condiciones Generales rigen el uso de nuestro sitio web y la compra de productos y servicios ofrecidos en \u00e9l. Aceptaci\u00f3n de [&hellip;]<\/p>\n","protected":false},"author":1,"featured_media":0,"parent":0,"menu_order":0,"comment_status":"closed","ping_status":"closed","template":"elementor_theme","meta":{"footnotes":""},"wf_page_folders":[],"class_list":["post-20507","page","type-page","status-publish","hentry","entry","owp-thumbs-layout-horizontal","owp-btn-big","owp-tabs-layout-vertical","has-no-thumbnails","has-product-nav"],"acf":[],"aioseo_notices":[],"_links":{"self":[{"href":"https:\/\/audiohypnosis.online\/es\/wp-json\/wp\/v2\/pages\/20507","targetHints":{"allow":["GET"]}}],"collection":[{"href":"https:\/\/audiohypnosis.online\/es\/wp-json\/wp\/v2\/pages"}],"about":[{"href":"https:\/\/audiohypnosis.online\/es\/wp-json\/wp\/v2\/types\/page"}],"author":[{"embeddable":true,"href":"https:\/\/audiohypnosis.online\/es\/wp-json\/wp\/v2\/users\/1"}],"replies":[{"embeddable":true,"href":"https:\/\/audiohypnosis.online\/es\/wp-json\/wp\/v2\/comments?post=20507"}],"version-history":[{"count":0,"href":"https:\/\/audiohypnosis.online\/es\/wp-json\/wp\/v2\/pages\/20507\/revisions"}],"wp:attachment":[{"href":"https:\/\/audiohypnosis.online\/es\/wp-json\/wp\/v2\/media?parent=20507"}],"wp:term":[{"taxonomy":"wf_page_folders","embeddable":true,"href":"https:\/\/audiohypnosis.online\/es\/wp-json\/wp\/v2\/wf_page_folders?post=20507"}],"curies":[{"name":"wp","href":"https:\/\/api.w.org\/{rel}","templated":true}]}}