{"id":24993,"date":"2023-10-30T13:36:04","date_gmt":"2023-10-30T12:36:04","guid":{"rendered":"http:\/\/audiohypnosis.online\/product\/staerkung-des-immunsystems\/"},"modified":"2023-10-30T13:36:04","modified_gmt":"2023-10-30T12:36:04","slug":"immunsystem-starken","status":"publish","type":"product","link":"https:\/\/audiohypnosis.online\/de\/produkt\/immunsystem-starken\/","title":{"rendered":"St\u00e4rkung des Immunsystems"},"content":{"rendered":"<p>M\u00f6chten Sie Ihr Immunsystem st\u00e4rken? Unsere Audio-Hypnose-MP3s k\u00f6nnen Sie auf dem Weg zu einem ges\u00fcnderen Lebensstil begleiten. Sie erhalten Zugang zu 6 herunterladbaren Audiodateien und einem Handbuch f\u00fcr beste Praktiken.<\/p>\n","protected":false},"excerpt":{"rendered":"<p>M\u00f6chten Sie Ihr Immunsystem st\u00e4rken?<\/p>\n","protected":false},"featured_media":14063,"comment_status":"closed","ping_status":"closed","template":"","meta":[],"language":[1638,2096,1662,3055,1558,2739,2104],"product_cat":[1492],"product_tag":[2071,1639,2070,1792,1640],"class_list":{"0":"post-24993","1":"product","2":"type-product","3":"status-publish","4":"has-post-thumbnail","6":"language-de-de-2","7":"language-en-de","8":"language-fr-de","9":"language-it-de","10":"language-nl-de","11":"language-serbisch","12":"language-es-de","13":"product_cat-gesundheit-und-wohlbefinden","14":"product_tag-boost-de","15":"product_tag-gesundheit","16":"product_tag-immunesystem-de","17":"product_tag-selbstfursorge","18":"product_tag-wohlbefinden","19":"pa_languages-deutsch","20":"pa_languages-englisch","21":"pa_languages-franzosisch","22":"pa_languages-italienisch","23":"pa_languages-niederlandisch","24":"pa_languages-polnisch","25":"pa_languages-portugiesisch-brasilien","26":"pa_languages-serbisch","27":"pa_languages-spanisch","28":"pa_languages-ukrainisch","29":"pa_languages-ungarisch","31":"entry","32":"has-media","34":"first","35":"instock","36":"shipping-taxable","37":"purchasable","38":"product-type-variable","39":"has-product-nav","40":"col","41":"span_1_of_4","42":"owp-content-center","43":"owp-thumbs-layout-horizontal","44":"owp-btn-big","45":"owp-tabs-layout-vertical","46":"has-no-thumbnails"},"acf":[],"aioseo_notices":[],"_links":{"self":[{"href":"https:\/\/audiohypnosis.online\/de\/wp-json\/wp\/v2\/product\/24993","targetHints":{"allow":["GET"]}}],"collection":[{"href":"https:\/\/audiohypnosis.online\/de\/wp-json\/wp\/v2\/product"}],"about":[{"href":"https:\/\/audiohypnosis.online\/de\/wp-json\/wp\/v2\/types\/product"}],"replies":[{"embeddable":true,"href":"https:\/\/audiohypnosis.online\/de\/wp-json\/wp\/v2\/comments?post=24993"}],"version-history":[{"count":0,"href":"https:\/\/audiohypnosis.online\/de\/wp-json\/wp\/v2\/product\/24993\/revisions"}],"wp:featuredmedia":[{"embeddable":true,"href":"https:\/\/audiohypnosis.online\/de\/wp-json\/wp\/v2\/media\/14063"}],"wp:attachment":[{"href":"https:\/\/audiohypnosis.online\/de\/wp-json\/wp\/v2\/media?parent=24993"}],"wp:term":[{"taxonomy":"language","embeddable":true,"href":"https:\/\/audiohypnosis.online\/de\/wp-json\/wp\/v2\/language?post=24993"},{"taxonomy":"product_cat","embeddable":true,"href":"https:\/\/audiohypnosis.online\/de\/wp-json\/wp\/v2\/product_cat?post=24993"},{"taxonomy":"product_tag","embeddable":true,"href":"https:\/\/audiohypnosis.online\/de\/wp-json\/wp\/v2\/product_tag?post=24993"}],"curies":[{"name":"wp","href":"https:\/\/api.w.org\/{rel}","templated":true}]}}