{"id":22418,"date":"2023-10-14T09:09:04","date_gmt":"2023-10-14T07:09:04","guid":{"rendered":"http:\/\/audiohypnosis.online\/product\/klaustrophobie\/"},"modified":"2023-10-14T09:09:04","modified_gmt":"2023-10-14T07:09:04","slug":"klaustrophobie","status":"publish","type":"product","link":"https:\/\/audiohypnosis.online\/de\/produkt\/klaustrophobie\/","title":{"rendered":"Klaustrophobie"},"content":{"rendered":"<p>Haben Sie Angst vor engen R\u00e4umen? Unsere Audio-Hypnose-Sitzungen sollen Ihnen helfen, die Klaustrophobie zu \u00fcberwinden. Beseitigen Sie Ihre \u00c4ngste und gewinnen Sie die Kontrolle \u00fcber Ihr Leben zur\u00fcck mit unserem Paket, das 6 verschiedene Audio-MP3s und ein Handbuch f\u00fcr bew\u00e4hrte Verfahren enth\u00e4lt.<\/p>\n","protected":false},"excerpt":{"rendered":"<p>Angst vor geschlossenen R\u00e4umen?<\/p>\n","protected":false},"featured_media":14009,"comment_status":"closed","ping_status":"closed","template":"","meta":[],"language":[1638,2096,1662,1558,2739],"product_cat":[1490],"product_tag":[1606,1607,1972,1608,1640],"class_list":{"0":"post-22418","1":"product","2":"type-product","3":"status-publish","4":"has-post-thumbnail","6":"language-de-de-2","7":"language-en-de","8":"language-fr-de","9":"language-nl-de","10":"language-serbisch","11":"product_cat-aengste-und-phobien","12":"product_tag-angste","13":"product_tag-furcht","14":"product_tag-klaustrophobie","15":"product_tag-phobie-de","16":"product_tag-wohlbefinden","17":"pa_languages-deutsch","18":"pa_languages-englisch","19":"pa_languages-franzosisch","20":"pa_languages-niederlandisch","21":"pa_languages-polnisch","22":"pa_languages-serbisch","23":"pa_languages-ukrainisch","24":"pa_languages-ungarisch","26":"entry","27":"has-media","29":"first","30":"instock","31":"purchasable","32":"product-type-variable","33":"has-product-nav","34":"col","35":"span_1_of_4","36":"owp-content-center","37":"owp-thumbs-layout-horizontal","38":"owp-btn-big","39":"owp-tabs-layout-vertical","40":"has-no-thumbnails"},"acf":[],"aioseo_notices":[],"_links":{"self":[{"href":"https:\/\/audiohypnosis.online\/de\/wp-json\/wp\/v2\/product\/22418","targetHints":{"allow":["GET"]}}],"collection":[{"href":"https:\/\/audiohypnosis.online\/de\/wp-json\/wp\/v2\/product"}],"about":[{"href":"https:\/\/audiohypnosis.online\/de\/wp-json\/wp\/v2\/types\/product"}],"replies":[{"embeddable":true,"href":"https:\/\/audiohypnosis.online\/de\/wp-json\/wp\/v2\/comments?post=22418"}],"version-history":[{"count":0,"href":"https:\/\/audiohypnosis.online\/de\/wp-json\/wp\/v2\/product\/22418\/revisions"}],"wp:featuredmedia":[{"embeddable":true,"href":"https:\/\/audiohypnosis.online\/de\/wp-json\/wp\/v2\/media\/14009"}],"wp:attachment":[{"href":"https:\/\/audiohypnosis.online\/de\/wp-json\/wp\/v2\/media?parent=22418"}],"wp:term":[{"taxonomy":"language","embeddable":true,"href":"https:\/\/audiohypnosis.online\/de\/wp-json\/wp\/v2\/language?post=22418"},{"taxonomy":"product_cat","embeddable":true,"href":"https:\/\/audiohypnosis.online\/de\/wp-json\/wp\/v2\/product_cat?post=22418"},{"taxonomy":"product_tag","embeddable":true,"href":"https:\/\/audiohypnosis.online\/de\/wp-json\/wp\/v2\/product_tag?post=22418"}],"curies":[{"name":"wp","href":"https:\/\/api.w.org\/{rel}","templated":true}]}}