{"id":22410,"date":"2023-10-14T09:09:04","date_gmt":"2023-10-14T07:09:04","guid":{"rendered":"http:\/\/audiohypnosis.online\/product\/cannabiskonsum\/"},"modified":"2023-10-14T09:09:04","modified_gmt":"2023-10-14T07:09:04","slug":"cannabis-konsum","status":"publish","type":"product","link":"https:\/\/audiohypnosis.online\/de\/produkt\/cannabis-konsum\/","title":{"rendered":"Cannabiskonsum"},"content":{"rendered":"<p>M\u00f6chten Sie Ihren \u00fcberm\u00e4\u00dfigen Cannabiskonsum in den Griff bekommen? Unsere Audio-Hypnose-MP3s bieten einen Weg zu ges\u00fcnderen Entscheidungen. Die Zeit ist reif f\u00fcr eine positive Ver\u00e4nderung. Implementieren Sie dauerhafte Ver\u00e4nderungen f\u00fcr einen schnellen und gesunden Erfolg. Wenn Sie Ihren Cannabiskonsum erfolgreich reduzieren, erreichen Sie ein neues Ma\u00df an Freiheit, Kontrolle und Wohlbefinden.<\/p>\n","protected":false},"excerpt":{"rendered":"<p>M\u00f6chten Sie Ihren Cannabiskonsum kontrollieren?<\/p>\n","protected":false},"featured_media":14285,"comment_status":"closed","ping_status":"closed","template":"","meta":[],"language":[1638,1662,3055,1558,2739,2104],"product_cat":[1487],"product_tag":[1990],"class_list":{"0":"post-22410","1":"product","2":"type-product","3":"status-publish","4":"has-post-thumbnail","6":"language-de-de-2","7":"language-fr-de","8":"language-it-de","9":"language-nl-de","10":"language-serbisch","11":"language-es-de","12":"product_cat-suechte","13":"product_tag-cannabis-de","14":"pa_languages-deutsch","15":"pa_languages-franzosisch","16":"pa_languages-italienisch","17":"pa_languages-niederlandisch","18":"pa_languages-serbisch","19":"pa_languages-spanisch","20":"pa_languages-ukrainisch","21":"pa_languages-ungarisch","23":"entry","24":"has-media","26":"first","27":"instock","28":"purchasable","29":"product-type-variable","30":"has-product-nav","31":"col","32":"span_1_of_4","33":"owp-content-center","34":"owp-thumbs-layout-horizontal","35":"owp-btn-big","36":"owp-tabs-layout-vertical","37":"has-no-thumbnails"},"acf":[],"aioseo_notices":[],"_links":{"self":[{"href":"https:\/\/audiohypnosis.online\/de\/wp-json\/wp\/v2\/product\/22410","targetHints":{"allow":["GET"]}}],"collection":[{"href":"https:\/\/audiohypnosis.online\/de\/wp-json\/wp\/v2\/product"}],"about":[{"href":"https:\/\/audiohypnosis.online\/de\/wp-json\/wp\/v2\/types\/product"}],"replies":[{"embeddable":true,"href":"https:\/\/audiohypnosis.online\/de\/wp-json\/wp\/v2\/comments?post=22410"}],"version-history":[{"count":0,"href":"https:\/\/audiohypnosis.online\/de\/wp-json\/wp\/v2\/product\/22410\/revisions"}],"wp:featuredmedia":[{"embeddable":true,"href":"https:\/\/audiohypnosis.online\/de\/wp-json\/wp\/v2\/media\/14285"}],"wp:attachment":[{"href":"https:\/\/audiohypnosis.online\/de\/wp-json\/wp\/v2\/media?parent=22410"}],"wp:term":[{"taxonomy":"language","embeddable":true,"href":"https:\/\/audiohypnosis.online\/de\/wp-json\/wp\/v2\/language?post=22410"},{"taxonomy":"product_cat","embeddable":true,"href":"https:\/\/audiohypnosis.online\/de\/wp-json\/wp\/v2\/product_cat?post=22410"},{"taxonomy":"product_tag","embeddable":true,"href":"https:\/\/audiohypnosis.online\/de\/wp-json\/wp\/v2\/product_tag?post=22410"}],"curies":[{"name":"wp","href":"https:\/\/api.w.org\/{rel}","templated":true}]}}