{"id":22345,"date":"2023-10-14T09:09:04","date_gmt":"2023-10-14T07:09:04","guid":{"rendered":"http:\/\/audiohypnosis.online\/product\/erroeten\/"},"modified":"2023-10-14T09:09:04","modified_gmt":"2023-10-14T07:09:04","slug":"erroten","status":"publish","type":"product","link":"https:\/\/audiohypnosis.online\/de\/produkt\/erroten\/","title":{"rendered":"Err\u00f6ten"},"content":{"rendered":"<p>K\u00e4mpfen Sie mit \u00fcberm\u00e4\u00dfigem Err\u00f6ten? Unsere Audio-Hypnose-MP3s k\u00f6nnen Sie dabei unterst\u00fctzen, die Kontrolle \u00fcber diese unwillk\u00fcrliche Reaktion wiederzuerlangen. Sie erhalten Zugang zu 6 herunterladbaren Audiodateien und einem Handbuch, das Ihnen hilft, die besten Ergebnisse zu erzielen.<\/p>\n","protected":false},"excerpt":{"rendered":"<p>K\u00e4mpfen Sie mit \u00fcberm\u00e4\u00dfigem Err\u00f6ten?<\/p>\n","protected":false},"featured_media":14015,"comment_status":"closed","ping_status":"closed","template":"","meta":[],"language":[1638,1558],"product_cat":[1492],"product_tag":[1606,1791,1639,2205,1792],"class_list":{"0":"post-22345","1":"product","2":"type-product","3":"status-publish","4":"has-post-thumbnail","6":"language-de-de-2","7":"language-nl-de","8":"product_cat-gesundheit-und-wohlbefinden","9":"product_tag-angste","10":"product_tag-emotionales-wohlbefinden","11":"product_tag-gesundheit","12":"product_tag-kontrolle","13":"product_tag-selbstfursorge","14":"pa_languages-deutsch","15":"pa_languages-niederlandisch","16":"pa_languages-ukrainisch","18":"entry","19":"has-media","21":"first","22":"instock","23":"purchasable","24":"product-type-variable","25":"has-product-nav","26":"col","27":"span_1_of_4","28":"owp-content-center","29":"owp-thumbs-layout-horizontal","30":"owp-btn-big","31":"owp-tabs-layout-vertical","32":"has-no-thumbnails"},"acf":[],"aioseo_notices":[],"_links":{"self":[{"href":"https:\/\/audiohypnosis.online\/de\/wp-json\/wp\/v2\/product\/22345","targetHints":{"allow":["GET"]}}],"collection":[{"href":"https:\/\/audiohypnosis.online\/de\/wp-json\/wp\/v2\/product"}],"about":[{"href":"https:\/\/audiohypnosis.online\/de\/wp-json\/wp\/v2\/types\/product"}],"replies":[{"embeddable":true,"href":"https:\/\/audiohypnosis.online\/de\/wp-json\/wp\/v2\/comments?post=22345"}],"version-history":[{"count":0,"href":"https:\/\/audiohypnosis.online\/de\/wp-json\/wp\/v2\/product\/22345\/revisions"}],"wp:featuredmedia":[{"embeddable":true,"href":"https:\/\/audiohypnosis.online\/de\/wp-json\/wp\/v2\/media\/14015"}],"wp:attachment":[{"href":"https:\/\/audiohypnosis.online\/de\/wp-json\/wp\/v2\/media?parent=22345"}],"wp:term":[{"taxonomy":"language","embeddable":true,"href":"https:\/\/audiohypnosis.online\/de\/wp-json\/wp\/v2\/language?post=22345"},{"taxonomy":"product_cat","embeddable":true,"href":"https:\/\/audiohypnosis.online\/de\/wp-json\/wp\/v2\/product_cat?post=22345"},{"taxonomy":"product_tag","embeddable":true,"href":"https:\/\/audiohypnosis.online\/de\/wp-json\/wp\/v2\/product_tag?post=22345"}],"curies":[{"name":"wp","href":"https:\/\/api.w.org\/{rel}","templated":true}]}}