{"id":22153,"date":"2023-10-14T09:09:04","date_gmt":"2023-10-14T07:09:04","guid":{"rendered":"http:\/\/audiohypnosis.online\/product\/besseres-padel\/"},"modified":"2023-10-14T09:09:04","modified_gmt":"2023-10-14T07:09:04","slug":"besser-padel","status":"publish","type":"product","link":"https:\/\/audiohypnosis.online\/de\/produkt\/besser-padel\/","title":{"rendered":"Besseres Padel"},"content":{"rendered":"<p>M\u00f6chten Sie Padel meistern? Unsere Audio-Hypnose-MP3s helfen Ihnen, Ihre Padel-F\u00e4higkeiten zu verbessern und sich einen Wettbewerbsvorteil zu verschaffen. Das Paket enth\u00e4lt 6 Audiodateien zum Herunterladen und ein Handbuch mit den besten Methoden.<\/p>\n","protected":false},"excerpt":{"rendered":"<p>M\u00f6chten Sie Ihr Padelspiel verbessern?<\/p>\n","protected":false},"featured_media":13973,"comment_status":"closed","ping_status":"closed","template":"","meta":[],"language":[1558,2739],"product_cat":[1499],"product_tag":[1559,1562,2185,1560,2173],"class_list":{"0":"post-22153","1":"product","2":"type-product","3":"status-publish","4":"has-post-thumbnail","6":"language-nl-de","7":"language-serbisch","8":"product_cat-sport-und-spiele","9":"product_tag-freizeit","10":"product_tag-geschicklichkeit","11":"product_tag-padel-de","12":"product_tag-sport-de","13":"product_tag-verbesserung","14":"pa_languages-niederlandisch","15":"pa_languages-serbisch","17":"entry","18":"has-media","20":"first","21":"instock","22":"purchasable","23":"product-type-variable","24":"has-product-nav","25":"col","26":"span_1_of_4","27":"owp-content-center","28":"owp-thumbs-layout-horizontal","29":"owp-btn-big","30":"owp-tabs-layout-vertical","31":"has-no-thumbnails"},"acf":[],"aioseo_notices":[],"_links":{"self":[{"href":"https:\/\/audiohypnosis.online\/de\/wp-json\/wp\/v2\/product\/22153","targetHints":{"allow":["GET"]}}],"collection":[{"href":"https:\/\/audiohypnosis.online\/de\/wp-json\/wp\/v2\/product"}],"about":[{"href":"https:\/\/audiohypnosis.online\/de\/wp-json\/wp\/v2\/types\/product"}],"replies":[{"embeddable":true,"href":"https:\/\/audiohypnosis.online\/de\/wp-json\/wp\/v2\/comments?post=22153"}],"version-history":[{"count":0,"href":"https:\/\/audiohypnosis.online\/de\/wp-json\/wp\/v2\/product\/22153\/revisions"}],"wp:featuredmedia":[{"embeddable":true,"href":"https:\/\/audiohypnosis.online\/de\/wp-json\/wp\/v2\/media\/13973"}],"wp:attachment":[{"href":"https:\/\/audiohypnosis.online\/de\/wp-json\/wp\/v2\/media?parent=22153"}],"wp:term":[{"taxonomy":"language","embeddable":true,"href":"https:\/\/audiohypnosis.online\/de\/wp-json\/wp\/v2\/language?post=22153"},{"taxonomy":"product_cat","embeddable":true,"href":"https:\/\/audiohypnosis.online\/de\/wp-json\/wp\/v2\/product_cat?post=22153"},{"taxonomy":"product_tag","embeddable":true,"href":"https:\/\/audiohypnosis.online\/de\/wp-json\/wp\/v2\/product_tag?post=22153"}],"curies":[{"name":"wp","href":"https:\/\/api.w.org\/{rel}","templated":true}]}}