{"id":22120,"date":"2023-10-14T09:09:04","date_gmt":"2023-10-14T07:09:04","guid":{"rendered":"http:\/\/audiohypnosis.online\/product\/besseres-gedaechtnis\/"},"modified":"2023-10-24T16:26:43","modified_gmt":"2023-10-24T14:26:43","slug":"besser-gedachtnis","status":"publish","type":"product","link":"https:\/\/audiohypnosis.online\/de\/produkt\/besser-gedachtnis\/","title":{"rendered":"Besseres Ged\u00e4chtnis"},"content":{"rendered":"<p>M\u00f6chten Sie Ihre Ged\u00e4chtnisleistung verbessern? Unsere Audio-Hypnose-Sitzungen sollen Ihnen helfen, Ihr Ged\u00e4chtnis und Ihre Konzentration zu verbessern. Erhalten Sie Zugang zu 6 herunterladbaren Audiodateien und einem hilfreichen Handbuch f\u00fcr eine vollst\u00e4ndige Transformation.<\/p>\n","protected":false},"excerpt":{"rendered":"<p>M\u00f6chten Sie Ihr Ged\u00e4chtnis verbessern?<\/p>\n","protected":false},"featured_media":14147,"comment_status":"closed","ping_status":"closed","template":"","meta":[],"language":[1638,2096,1662,3055,1558,2739,2104],"product_cat":[1495],"product_tag":[1843,2178,2179,1734,1640],"class_list":{"0":"post-22120","1":"product","2":"type-product","3":"status-publish","4":"has-post-thumbnail","6":"language-de-de-2","7":"language-en-de","8":"language-fr-de","9":"language-it-de","10":"language-nl-de","11":"language-serbisch","12":"language-es-de","13":"product_cat-selbstverbesserung","14":"product_tag-fokus","15":"product_tag-gedachtnis","16":"product_tag-lernen","17":"product_tag-selbstverbesserung","18":"product_tag-wohlbefinden","19":"pa_languages-deutsch","20":"pa_languages-englisch","21":"pa_languages-franzosisch","22":"pa_languages-italienisch","23":"pa_languages-niederlandisch","24":"pa_languages-polnisch","25":"pa_languages-portugiesisch-brasilien","26":"pa_languages-serbisch","27":"pa_languages-spanisch","28":"pa_languages-ukrainisch","29":"pa_languages-ungarisch","31":"entry","32":"has-media","34":"first","35":"instock","36":"purchasable","37":"product-type-variable","38":"has-product-nav","39":"col","40":"span_1_of_4","41":"owp-content-center","42":"owp-thumbs-layout-horizontal","43":"owp-btn-big","44":"owp-tabs-layout-vertical","45":"has-no-thumbnails"},"acf":[],"aioseo_notices":[],"_links":{"self":[{"href":"https:\/\/audiohypnosis.online\/de\/wp-json\/wp\/v2\/product\/22120","targetHints":{"allow":["GET"]}}],"collection":[{"href":"https:\/\/audiohypnosis.online\/de\/wp-json\/wp\/v2\/product"}],"about":[{"href":"https:\/\/audiohypnosis.online\/de\/wp-json\/wp\/v2\/types\/product"}],"replies":[{"embeddable":true,"href":"https:\/\/audiohypnosis.online\/de\/wp-json\/wp\/v2\/comments?post=22120"}],"version-history":[{"count":0,"href":"https:\/\/audiohypnosis.online\/de\/wp-json\/wp\/v2\/product\/22120\/revisions"}],"wp:featuredmedia":[{"embeddable":true,"href":"https:\/\/audiohypnosis.online\/de\/wp-json\/wp\/v2\/media\/14147"}],"wp:attachment":[{"href":"https:\/\/audiohypnosis.online\/de\/wp-json\/wp\/v2\/media?parent=22120"}],"wp:term":[{"taxonomy":"language","embeddable":true,"href":"https:\/\/audiohypnosis.online\/de\/wp-json\/wp\/v2\/language?post=22120"},{"taxonomy":"product_cat","embeddable":true,"href":"https:\/\/audiohypnosis.online\/de\/wp-json\/wp\/v2\/product_cat?post=22120"},{"taxonomy":"product_tag","embeddable":true,"href":"https:\/\/audiohypnosis.online\/de\/wp-json\/wp\/v2\/product_tag?post=22120"}],"curies":[{"name":"wp","href":"https:\/\/api.w.org\/{rel}","templated":true}]}}